{"id":263954,"date":"2026-01-13T23:47:34","date_gmt":"2026-01-13T20:47:34","guid":{"rendered":"https:\/\/baldumarket.lt\/product\/regal-otwarty-nevada-81-cm-z-2-polkami-dab-flagstaff-ciemny\/"},"modified":"2026-02-11T18:18:54","modified_gmt":"2026-02-11T15:18:54","slug":"regal-otwarty-nevada-81-cm-z-2-polkami-dab-flagstaff-ciemny","status":"publish","type":"product","link":"https:\/\/baldumarket.lt\/lt\/product\/regal-otwarty-nevada-81-cm-z-2-polkami-dab-flagstaff-ciemny\/","title":{"rendered":"Nevada atvira knyg\u0173 lentyna, 81 cm, su 2 lentynomis, tamsaus \u0105\u017euolo v\u0117liav\u0117l\u0117s formos"},"content":{"rendered":"<p>Nevada knyg\u0173 lentyna \u2013 prakti\u0161kas biuro papildymas\u017dema Nevada knyg\u0173 lentyna i\u0161 tamsaus v\u0117liavos \u0105\u017euolo yra idealus baldas \u012fvairiems interjero dizaino stiliams \u2013 ji puikiai dera tiek prie modernaus, tiek prie klasikinio interjero. 81 cm plo\u010dio, 110 cm auk\u0161\u010dio ir 37 cm gylio Nevada knyg\u0173 lentyna yra kompakti\u0161ka, ta\u010diau si\u016blo daug vietos daiktams laikyti ir eksponuoti, suteikdama bet kokiam interjerui elegancijos ir lengvumo. Nevada knyg\u0173 lentynos ypatyb\u0117s: 81 x 110 x 37 cm matmenys leid\u017eia jai tilpti net ir ma\u017eose erdv\u0117se. Dvi funkcin\u0117s lentynos, idealiai tinkan\u010dios dokumentams, knygoms, dekoracijoms, vazoniniams augalams ir kitiems smulkiems daiktams. Atviras dizainas suteikia vizualinio lengvumo ir palengvina erdv\u0117s i\u0161d\u0117stym\u0105. Tamsaus v\u0117liavos \u0105\u017euolo spalva suteikia elegancijos ir harmoningai dera su \u012fvairiais interjero stiliais. Universalus panaudojimas \u2013 idealiai tinka svetain\u0117ms, biurams ir miegamiesiems, kur gali atlikti tiek funkcinius, tiek dekoratyvinius tikslus. Nevada kolekcijos dalis, leid\u017eianti sukurti darn\u0173 ir eleganti\u0161k\u0105 biuro interjer\u0105. Stilius ir funkcionalumas biure. Nevada knyg\u0173 lentyna derina estetik\u0105 ir prakti\u0161kum\u0105. D\u0117l atviro dizaino ir universalios i\u0161vaizdos ji puikiai tinka bet kokiai patalpai, kurioje reikia papildomos vietos kasdieniams daiktams ar dekoracijoms. Ji bus stilingas biuro, svetain\u0117s ar miegamojo papildymas, suteikiantis erdvei ramyb\u0117s ir tvarkos. Santrauka: \u017dema lentyna \u201eNevada\u201c yra kompakti\u0161kas ir funkcionalus baldas, kuris der\u0117s prie bet kokio interjero. D\u0117l atvir\u0173 lentyn\u0173 ir apgalvoto dizaino lentyna leid\u017eia eleganti\u0161kai laikyti ir eksponuoti daiktus. Universalumas ir nesenstantis stilius daro j\u0105 puikiu pasirinkimu tiems, kurie vertina harmonij\u0105 ir estetik\u0105 savo erdv\u0117je.<\/p>\n<p>Prek\u0117s kodas S599-REG_80-DFC Plotis 81 cm Gylis 37 cm Auk\u0161tis 110 cm Kolekcija Nevada Spalva tamsus v\u0117liav\u0117l\u0117s formos \u0105\u017euolas Atspalvis tamsus medis Stilius modernus Med\u017eiaga laminatas Dureli\u0173 skai\u010dius be dur\u0173 Stal\u010di\u0173 skai\u010dius be stal\u010di\u0173 Gamintojas Juoda Raudona Balta Bald\u0173 tipas Lentynos ir vitrinos PVM 23% EAN 5906123049894<\/p>","protected":false},"excerpt":{"rendered":"<p>Nevada knyg\u0173 lentyna \u2013 prakti\u0161kas biuro papildymas\u017dema Nevada knyg\u0173 lentyna i\u0161 tamsaus v\u0117liavos \u0105\u017euolo yra idealus baldas \u012fvairiems interjero dizaino stiliams \u2013 ji puikiai dera tiek moderniame, tiek klasikiniame interjere. 81 cm plo\u010dio, 110 cm auk\u0161\u010dio ir 37 cm gylio Nevada knyg\u0173 lentyna yra kompakti\u0161ka, ta\u010diau si\u016blo [\u2026]<\/p>","protected":false},"featured_media":263955,"comment_status":"open","ping_status":"open","template":"","meta":[],"product_brand":[],"product_cat":[9200,1987],"product_tag":[],"class_list":{"0":"post-263954","1":"product","2":"type-product","3":"status-publish","4":"has-post-thumbnail","6":"product_cat-black-red-white","7":"product_cat-shelving-units","9":"first","10":"instock","11":"purchasable","12":"product-type-simple"},"_links":{"self":[{"href":"https:\/\/baldumarket.lt\/lt\/wp-json\/wp\/v2\/product\/263954","targetHints":{"allow":["GET"]}}],"collection":[{"href":"https:\/\/baldumarket.lt\/lt\/wp-json\/wp\/v2\/product"}],"about":[{"href":"https:\/\/baldumarket.lt\/lt\/wp-json\/wp\/v2\/types\/product"}],"replies":[{"embeddable":true,"href":"https:\/\/baldumarket.lt\/lt\/wp-json\/wp\/v2\/comments?post=263954"}],"wp:featuredmedia":[{"embeddable":true,"href":"https:\/\/baldumarket.lt\/lt\/wp-json\/wp\/v2\/media\/263955"}],"wp:attachment":[{"href":"https:\/\/baldumarket.lt\/lt\/wp-json\/wp\/v2\/media?parent=263954"}],"wp:term":[{"taxonomy":"product_brand","embeddable":true,"href":"https:\/\/baldumarket.lt\/lt\/wp-json\/wp\/v2\/product_brand?post=263954"},{"taxonomy":"product_cat","embeddable":true,"href":"https:\/\/baldumarket.lt\/lt\/wp-json\/wp\/v2\/product_cat?post=263954"},{"taxonomy":"product_tag","embeddable":true,"href":"https:\/\/baldumarket.lt\/lt\/wp-json\/wp\/v2\/product_tag?post=263954"}],"curies":[{"name":"wp","href":"https:\/\/api.w.org\/{rel}","templated":true}]}}