{"id":263936,"date":"2026-01-13T23:47:15","date_gmt":"2026-01-13T20:47:15","guid":{"rendered":"https:\/\/baldumarket.lt\/product\/regal-otwarty-nepo-plus-60-cm-bialy\/"},"modified":"2026-02-11T18:18:55","modified_gmt":"2026-02-11T15:18:55","slug":"regal-otwarty-nepo-plus-60-cm-bialy","status":"publish","type":"product","link":"https:\/\/baldumarket.lt\/lt\/product\/regal-otwarty-nepo-plus-60-cm-bialy\/","title":{"rendered":"NEPO PLUS atvira lentyna, 60 cm, balta"},"content":{"rendered":"<p>\u201eNepo Plus\u201c knyg\u0173 spinta \u2013 jaunimo biblioteka. \u0160iuolaikiniame jaunimo kambaryje svarbu sukurti erdv\u0119, kuri b\u016bt\u0173 ne tik funkcionali, bet ir atspind\u0117t\u0173 individualius jaunojo gyventojo pom\u0117gius bei stili\u0173. \u201eNepo Plus\u201c kolekcija puikiai atitinka \u0161iuos poreikius, o \u201eNepo Plus\u201c knyg\u0173 spinta suteikia vietos knygoms, vadov\u0117liams ir daug daugiau. Atvira \u201eNepo Plus\u201c knyg\u0173 spinta puikiai tinka knyg\u0173, vadov\u0117li\u0173 ir dokument\u0173 laikymui. Keturios prakti\u0161kos lentynos leid\u017eia eksponuoti apdovanojimus, medinius modelius ar kolekcinius daiktus. Tai puikus sprendimas, jei norite greitai pasiekti savo m\u0117gstamus daiktus. Patvarus pavir\u0161ius: laminuotas bald\u0173 pavir\u0161ius yra atsparus temperat\u016bros poky\u010diams ir \u012fbr\u0117\u017eimams, u\u017etikrinantis j\u0173 patvarum\u0105 ir ilgaam\u017ei\u0161kum\u0105. Knyg\u0173 lentynos valymas yra paprastas ir patogus; pakanka paprastos \u0161luost\u0117s. \u201eNepo Plus\u201c knyg\u0173 lentyna yra keturi\u0173 skirting\u0173 spalv\u0173: balta, sonoma \u0105\u017euolo, vienuolyno \u0105\u017euolo ir venge. Galite pasirinkti spalv\u0105, kuri geriausiai atitinka jaunimo kambario charakter\u012f ir jo gyventojo pageidavimus. \u201eNepo Plus\u201c knyg\u0173 lentyn\u0105 galima derinti su kitais \u201eNepo Plus\u201c kolekcijos moduliais, sukuriant funkcional\u0173 ir darn\u0173 jaunimo kambario i\u0161d\u0117stym\u0105. Tai leid\u017eia sukurti erdv\u0119, pritaikyt\u0105 jauno gyventojo poreikiams, skatinant mokym\u0105si, k\u016brybi\u0161kum\u0105 ir vystym\u0105si. Trumpai tariant, \u201eNepo Plus\u201c knyg\u0173 lentyna yra ne tik vieta knygoms; tai dizaino elementas, galintis atspind\u0117ti jauno gyventojo stili\u0173 ir pom\u0117gius. Patvari konstrukcija, spalv\u0173 \u012fvairov\u0117 ir atviras dizainas daro j\u0105 puikiu pasirinkimu daiktams laikyti ir eksponuoti. Derindami j\u0105 su kitais \u201eNepo Plus\u201c kolekcijos elementais, galite sukurti darn\u0173 ir funkcional\u0173 interjer\u0105, kuris pad\u0117s vystyti ir kurti asmenin\u0119 erdv\u0119 jaunam gyventojui.<\/p>\n<p>Prek\u0117s kodas S435-REG\/60-BI Simbolis ZM EAN Plotis 60 cm Gylis 34 cm Auk\u0161tis 197 cm Kolekcija \u201eNepo Plus\u201c Spalva balta Atspalvis baltas Stilius modernus Dureli\u0173 skai\u010dius be dur\u0173 Stal\u010di\u0173 skai\u010dius be stal\u010di\u0173 Gamintojas Juoda Raudona Balta Bald\u0173 tipas Lentynos ir vitrinos PVM 23% EAN 5906123949507<\/p>","protected":false},"excerpt":{"rendered":"<p>Nepo Plus Bookcase &#8211; A Youth Library. In a modern youth room, it&#8217;s important to create a space that&#8217;s not only functional but also reflects the individual interests and style of the young resident. The Nepo Plus collection perfectly meets these needs, and the Nepo Plus bookcase provides space for books, textbooks, and much more. [&hellip;]<\/p>","protected":false},"featured_media":263937,"comment_status":"open","ping_status":"open","template":"","meta":[],"product_brand":[],"product_cat":[9200,1987],"product_tag":[],"class_list":{"0":"post-263936","1":"product","2":"type-product","3":"status-publish","4":"has-post-thumbnail","6":"product_cat-black-red-white","7":"product_cat-shelving-units","9":"first","10":"instock","11":"purchasable","12":"product-type-simple"},"_links":{"self":[{"href":"https:\/\/baldumarket.lt\/lt\/wp-json\/wp\/v2\/product\/263936","targetHints":{"allow":["GET"]}}],"collection":[{"href":"https:\/\/baldumarket.lt\/lt\/wp-json\/wp\/v2\/product"}],"about":[{"href":"https:\/\/baldumarket.lt\/lt\/wp-json\/wp\/v2\/types\/product"}],"replies":[{"embeddable":true,"href":"https:\/\/baldumarket.lt\/lt\/wp-json\/wp\/v2\/comments?post=263936"}],"wp:featuredmedia":[{"embeddable":true,"href":"https:\/\/baldumarket.lt\/lt\/wp-json\/wp\/v2\/media\/263937"}],"wp:attachment":[{"href":"https:\/\/baldumarket.lt\/lt\/wp-json\/wp\/v2\/media?parent=263936"}],"wp:term":[{"taxonomy":"product_brand","embeddable":true,"href":"https:\/\/baldumarket.lt\/lt\/wp-json\/wp\/v2\/product_brand?post=263936"},{"taxonomy":"product_cat","embeddable":true,"href":"https:\/\/baldumarket.lt\/lt\/wp-json\/wp\/v2\/product_cat?post=263936"},{"taxonomy":"product_tag","embeddable":true,"href":"https:\/\/baldumarket.lt\/lt\/wp-json\/wp\/v2\/product_tag?post=263936"}],"curies":[{"name":"wp","href":"https:\/\/api.w.org\/{rel}","templated":true}]}}