{"id":263933,"date":"2026-01-13T23:47:13","date_gmt":"2026-01-13T20:47:13","guid":{"rendered":"https:\/\/baldumarket.lt\/product\/regal-otwarty-nepo-plus-151-cm-dab-sonoma\/"},"modified":"2026-02-11T18:18:55","modified_gmt":"2026-02-11T15:18:55","slug":"regal-otwarty-nepo-plus-151-cm-dab-sonoma","status":"publish","type":"product","link":"https:\/\/baldumarket.lt\/lt\/product\/regal-otwarty-nepo-plus-151-cm-dab-sonoma\/","title":{"rendered":"NEPO PLUS atvira lentyna, 151 cm, sonoma \u0105\u017euolas"},"content":{"rendered":"<p>\u201eNepo Plus\u201c knyg\u0173 spinta \u2013 erdvi knyg\u0173 lentyna j\u016bs\u0173 lobiams. \u201eNepo Plus\u201c kolekcija \u2013 tikras malonumas modernaus interjero m\u0117g\u0117jams, vertinantiems paprastas formas ir ergonomi\u0161kas fig\u016bras. \u201eNepo Plus\u201c knyg\u0173 lentyna i\u0161siskiria \u0161ioje kolekcijoje ir si\u016blo puik\u0173 sprendim\u0105 tiems, kuriems reikia erdvios knyg\u0173 lentynos savo knyg\u0173 ir dekoracij\u0173 kolekcijai. \u201eNepo Plus\u201c knyg\u0173 lentyna \u2013 tai unikalus baldas, kur\u012f sudaro \u012fsp\u016bdingos \u0161e\u0161iolikos kvadratini\u0173 lentyn\u0173. Tai rei\u0161kia, kad tur\u0117site ne tik daug vietos knygoms laikyti, bet ir puiki\u0105 galimyb\u0119 eksponuoti m\u0117gstamas dekoracijas. \u0160is baldas ne tik sutalpins j\u016bs\u0173 lobius, bet ir pabr\u0117\u0161 j\u0173 vert\u0119 bei gro\u017e\u012f. \u201eNepo Plus\u201c knyg\u0173 lentynos spalv\u0173 \u012fvairov\u0117 leid\u017eia lengvai j\u0105 priderinti prie j\u016bs\u0173 interjero charakterio. Galite rinktis i\u0161 \u012fvairi\u0173 atspalvi\u0173, kurie leis sukurti unikal\u0173 i\u0161d\u0117stym\u0105. O jei svajojate apie dar didesn\u0119 \u012fvairov\u0119, galite derinti knyg\u0173 lentyn\u0105 su kit\u0173 \u201eBlack Red White\u201c kolekcij\u0173 elementais, sukurdami unikalius derinius ir kompozicijas. Modernus \u201eNepo Plus\u201c knyg\u0173 lentynos dizainas yra raktas \u012f jaukios erdv\u0117s k\u016brim\u0105. Paprastos, geometrin\u0117s formos ir ry\u0161kus r\u0117mas suteikia elegancijos ir i\u0161rai\u0161kingumo. \u0160is baldas ne tik atlieka praktin\u0119 funkcij\u0105, bet ir papuo\u0161ia bet kok\u012f interjer\u0105. Nesvarbu, ar turite minimalistin\u012f, ar ekstravaganti\u0161kesn\u012f but\u0105, \u201eNepo Plus\u201c knyg\u0173 lentyna puikiai papildys jo charakter\u012f. \u201eNepo Plus\u201c kolekcija \u2013 tai ne tik knyg\u0173 lentyna; tai kompleksinis sprendimas, derinantis modern\u0173 dizain\u0105 su funkcionalumu. \u0160ios kolekcijos elementai leid\u017eia prakti\u0161kai ir madingai apstatyti \u012fvairius nam\u0173 kambarius. Paauglio kambarys, svetain\u0117, biuras ar prie\u0161kambaris \u2013 tai tik keletas viet\u0173, kur galima panaudoti \u201eNepo Plus\u201c kolekcij\u0105, sukuriant harmoning\u0105 ir funkcional\u0173 i\u0161d\u0117stym\u0105. Trumpai tariant, \u201eNepo Plus\u201c knyg\u0173 lentyna yra baldas, puikiai derinantis modern\u0173 dizain\u0105 su funkcionalumu. Jos talpa, plati spalv\u0173 gama ir i\u0161skirtinis charakteris daro j\u0105 idealiu sprendimu modernaus interjero m\u0117g\u0117jams. Ji padarys j\u016bs\u0173 interjer\u0105 ne tik prakti\u0161k\u0105, bet ir esteti\u0161kai patraukl\u0173, o \u201eNepo Plus\u201c kolekcija leis jums apstatyti savo kambarius madingai ir funkcionaliai.<\/p>\n<p>Prek\u0117s kodas S435-REG\/15\/16-DSO Simbolis ZM EAN Plotis 151 cm Gylis 38,5 cm Auk\u0161tis 146,5 cm Kolekcija Nepo Plus Spalva sonoma \u0105\u017euolas Atspalvis \u0161viesi mediena Stilius modernus Dur\u0173 skai\u010dius be dur\u0173 Stal\u010di\u0173 skai\u010dius be stal\u010di\u0173 Gamintojas Juoda Raudona Balta Bald\u0173 tipas Lentynos ir vitrinos PVM mokestis 23% EAN 5906123949422<\/p>","protected":false},"excerpt":{"rendered":"<p>The Nepo Plus Bookcase \u2013 A Spacious Bookcase for Your Treasures. The Nepo Plus collection is a true delight for lovers of modern interiors who value simple form and ergonomic shapes. The Nepo Plus Bookcase stands out in this collection, offering a perfect solution for those who need a spacious bookcase for their collection of [&hellip;]<\/p>","protected":false},"featured_media":263934,"comment_status":"open","ping_status":"open","template":"","meta":[],"product_brand":[],"product_cat":[9200,1987],"product_tag":[],"class_list":{"0":"post-263933","1":"product","2":"type-product","3":"status-publish","4":"has-post-thumbnail","6":"product_cat-black-red-white","7":"product_cat-shelving-units","9":"first","10":"instock","11":"purchasable","12":"product-type-simple"},"_links":{"self":[{"href":"https:\/\/baldumarket.lt\/lt\/wp-json\/wp\/v2\/product\/263933","targetHints":{"allow":["GET"]}}],"collection":[{"href":"https:\/\/baldumarket.lt\/lt\/wp-json\/wp\/v2\/product"}],"about":[{"href":"https:\/\/baldumarket.lt\/lt\/wp-json\/wp\/v2\/types\/product"}],"replies":[{"embeddable":true,"href":"https:\/\/baldumarket.lt\/lt\/wp-json\/wp\/v2\/comments?post=263933"}],"wp:featuredmedia":[{"embeddable":true,"href":"https:\/\/baldumarket.lt\/lt\/wp-json\/wp\/v2\/media\/263934"}],"wp:attachment":[{"href":"https:\/\/baldumarket.lt\/lt\/wp-json\/wp\/v2\/media?parent=263933"}],"wp:term":[{"taxonomy":"product_brand","embeddable":true,"href":"https:\/\/baldumarket.lt\/lt\/wp-json\/wp\/v2\/product_brand?post=263933"},{"taxonomy":"product_cat","embeddable":true,"href":"https:\/\/baldumarket.lt\/lt\/wp-json\/wp\/v2\/product_cat?post=263933"},{"taxonomy":"product_tag","embeddable":true,"href":"https:\/\/baldumarket.lt\/lt\/wp-json\/wp\/v2\/product_tag?post=263933"}],"curies":[{"name":"wp","href":"https:\/\/api.w.org\/{rel}","templated":true}]}}