{"id":263927,"date":"2026-01-13T23:47:08","date_gmt":"2026-01-13T20:47:08","guid":{"rendered":"https:\/\/baldumarket.lt\/product\/regal-otwarty-nepo-plus-114-cm-bialy\/"},"modified":"2026-02-11T18:18:56","modified_gmt":"2026-02-11T15:18:56","slug":"regal-otwarty-nepo-plus-114-cm-bialy","status":"publish","type":"product","link":"https:\/\/baldumarket.lt\/lt\/product\/regal-otwarty-nepo-plus-114-cm-bialy\/","title":{"rendered":"NEPO PLUS atvira lentyna, 114 cm, balta"},"content":{"rendered":"<p>\u201eNepo Plus\u201c knyg\u0173 lentyna \u2013 tobula j\u016bs\u0173 moderniam interjerui skirta ekspozicija. Jei jus domina modernus dizainas, pasi\u017eymintis paprastomis formomis ir ergonomi\u0161komis fig\u016bromis, \u201eNepo Plus\u201c kolekcija tikrai jus sudomins. \u0160iame straipsnyje pristatysime vien\u0105 i\u0161 unikali\u0173 jos element\u0173 \u2013 \u201eNepo Plus\u201c knyg\u0173 lentyn\u0105, kuri ne tik \u017eavi savo estetika, bet ir u\u017etikrina optimal\u0173 knyg\u0173 bei dekoracij\u0173 eksponavim\u0105. \u201eNepo Plus\u201c knyg\u0173 lentyna buvo sukurta atsi\u017evelgiant \u012f funkcionalum\u0105 ir stili\u0173. J\u0105 sudaro dvylika kvadratini\u0173 lentyn\u0173, leid\u017eian\u010di\u0173 efektyviai i\u0161naudoti erdv\u0119. Tai ne tik daikt\u0173 laikymo vieta, bet ir puiki proga eksponuoti m\u0117gstamus daiktus. Knygos, dekoracijos, suvenyrai \u2013 visa tai gali rasti savo viet\u0105 \u201eNepo Plus\u201c knyg\u0173 lentynoje, sukurdami unikali\u0105 kompozicij\u0105. Vienas i\u0161 \u0161io gaminio privalum\u0173 \u2013 platus spalv\u0173 pasirinkimas. Galite pasirinkti atspalv\u012f, kuris geriausiai atitinka j\u016bs\u0173 interjero charakter\u012f. Nesvarbu, ar tai b\u016bt\u0173 prislopintos, eleganti\u0161kos spalvos, ar dr\u0105s\u016bs, energingi atspalviai \u2013 suasmeninimo galimyb\u0117s beveik neribotos. D\u0117l to \u201eNepo Plus\u201c lentyn\u0173 blokas puikiai tinka \u012fvairiems interjero stiliams ir patenkins net ir i\u0161rankiausi\u0173 klient\u0173 l\u016bkes\u010dius. Modernus \u0161ios lentynos dizainas yra raktas \u012f jaukios erdv\u0117s suk\u016brim\u0105. Paprastos formos ir dr\u0105sus, pary\u0161kintas r\u0117mas suteikia jai elegancijos ir i\u0161rai\u0161kingumo. Tai rei\u0161kia, kad \u0161i lentyna ne tik puikiai atrodo, bet ir suteikia j\u016bs\u0173 interjerui gaivumo bei modernumo. Nesvarbu, ar turite minimalistin\u012f, ar ekscentri\u0161kesn\u012f but\u0105, \u201eNepo Plus\u201c lentyna tikrai tiks prie j\u016bs\u0173. \u201eNepo Plus\u201c kolekcija yra daugiau nei lentynos. Tai platus bald\u0173 asortimentas, kuriame derinamas modernus dizainas ir funkcionalumas. \u0160ie elementai leid\u017eia prakti\u0161kai ir madingai apstatyti \u012fvairius j\u016bs\u0173 nam\u0173 kambarius. Paauglio kambarys, svetain\u0117, darbo kambarys ar prie\u0161kambaris \u2013 tai tik keletas viet\u0173, kuriose galima panaudoti \u201eNepo Plus\u201c kolekcij\u0105, sukuriant harmoning\u0105 ir funkcional\u0173 i\u0161d\u0117stym\u0105. Trumpai tariant, \u201eNepo Plus\u201c lentyna atitinka auk\u0161\u010diausius dizaino ir funkcionalumo standartus. Jos paprastumas, plati spalv\u0173 gama ir i\u0161skirtinis charakteris daro j\u0105 puikiu pasirinkimu modernaus interjero m\u0117g\u0117jams. Ji \u012fkv\u0117ps naujos gyvyb\u0117s j\u016bs\u0173 interjerui, tapdama esteti\u0161kai patraukli ir prakti\u0161ka. \u201eNepo Plus\u201c kolekcija yra puikus modernaus dizaino ir funkcionalumo derinio pavyzdys, tod\u0117l j\u016bs\u0173 interjeras tampa unikalus ir patogus naudoti.<\/p>\n<p>Prek\u0117s kodas S435-REG\/15\/12-BI Simbolis ZM EAN Plotis 114 cm Gylis 38,5 cm Auk\u0161tis 146,5 cm Kolekcija \u201eNepo Plus\u201c Spalva balta Atspalvis baltas Stilius modernus Dureli\u0173 skai\u010dius be dur\u0173 Stal\u010di\u0173 skai\u010dius be stal\u010di\u0173 Gamintojas Juoda Raudona Balta Bald\u0173 tipas Lentynos ir vitrinos PVM mokestis 23% EAN 5906123949323<\/p>","protected":false},"excerpt":{"rendered":"<p>The Nepo Plus Bookcase \u2013 The Perfect Display for Your Modern Interior. If you&#8217;re passionate about modern designs characterized by simple forms and ergonomic shapes, the Nepo Plus collection is sure to appeal to you. In this article, we&#8217;ll introduce you to one of its unique elements \u2013 the Nepo Plus Bookcase, which not only [&hellip;]<\/p>","protected":false},"featured_media":263928,"comment_status":"open","ping_status":"open","template":"","meta":[],"product_brand":[],"product_cat":[9200,1987],"product_tag":[],"class_list":{"0":"post-263927","1":"product","2":"type-product","3":"status-publish","4":"has-post-thumbnail","6":"product_cat-black-red-white","7":"product_cat-shelving-units","9":"first","10":"instock","11":"purchasable","12":"product-type-simple"},"_links":{"self":[{"href":"https:\/\/baldumarket.lt\/lt\/wp-json\/wp\/v2\/product\/263927","targetHints":{"allow":["GET"]}}],"collection":[{"href":"https:\/\/baldumarket.lt\/lt\/wp-json\/wp\/v2\/product"}],"about":[{"href":"https:\/\/baldumarket.lt\/lt\/wp-json\/wp\/v2\/types\/product"}],"replies":[{"embeddable":true,"href":"https:\/\/baldumarket.lt\/lt\/wp-json\/wp\/v2\/comments?post=263927"}],"wp:featuredmedia":[{"embeddable":true,"href":"https:\/\/baldumarket.lt\/lt\/wp-json\/wp\/v2\/media\/263928"}],"wp:attachment":[{"href":"https:\/\/baldumarket.lt\/lt\/wp-json\/wp\/v2\/media?parent=263927"}],"wp:term":[{"taxonomy":"product_brand","embeddable":true,"href":"https:\/\/baldumarket.lt\/lt\/wp-json\/wp\/v2\/product_brand?post=263927"},{"taxonomy":"product_cat","embeddable":true,"href":"https:\/\/baldumarket.lt\/lt\/wp-json\/wp\/v2\/product_cat?post=263927"},{"taxonomy":"product_tag","embeddable":true,"href":"https:\/\/baldumarket.lt\/lt\/wp-json\/wp\/v2\/product_tag?post=263927"}],"curies":[{"name":"wp","href":"https:\/\/api.w.org\/{rel}","templated":true}]}}