{"id":263919,"date":"2026-01-13T23:47:01","date_gmt":"2026-01-13T20:47:01","guid":{"rendered":"https:\/\/baldumarket.lt\/product\/regal-otwarty-kent-110-cm-kasztan\/"},"modified":"2026-02-11T18:18:56","modified_gmt":"2026-02-11T15:18:56","slug":"regal-otwarty-kent-110-cm-kasztan","status":"publish","type":"product","link":"https:\/\/baldumarket.lt\/lt\/product\/regal-otwarty-kent-110-cm-kasztan\/","title":{"rendered":"KENT atvira lentyna 110 cm ka\u0161tonin\u0117"},"content":{"rendered":"<p>\u201eKent\u201c knyg\u0173 lentyna \u2013 atvira nuolatiniams poky\u010diams. Svarbiausios \u201eKent\u201c modulin\u0117s sistemos bald\u0173 savyb\u0117s \u2013 eleganti\u0161ka i\u0161vaizda ir nesenstantis gro\u017eis. \u201eKent\u201c knyg\u0173 lentyna \u2013 puikus b\u016bdas sutvarkyti erdv\u0119 biure ar svetain\u0117je. Atviros lentynos suteikia daug erdv\u0117s, kuri\u0105 galima paversti j\u016bs\u0173 asmenine knyg\u0173 lentyna arba vieta dekoracijoms eksponuoti.<br \/>\n\u2013 Unikali \u0161io baldo i\u0161vaizda atsiranda d\u0117l ry\u0161kios faneros, imituojan\u010dios medienos strukt\u016br\u0105 ir ra\u0161t\u0105. Bendras efektas pasiekiamas \u0161iltu ka\u0161toniniu atspalviu.<br \/>\n\u2013 D\u0117l rai\u017eyt\u0173 dekoracij\u0173, kurios dar labiau sustiprina k\u016brinio vizualin\u012f patrauklum\u0105, jis \u012fgauna unikal\u0173 ir nesenstant\u012f charakter\u012f.<br \/>\n\u2013 Knyg\u0173 lentyn\u0105 galima laisvai derinti su kitais \u201eKent\u201c modulin\u0117s kolekcijos elementais. Ji puikiai papildys biuro, svetain\u0117s, valgomojo ar miegamojo dizain\u0105.<\/p>\n<p>Prek\u0117s kodas S10-EREG100O-KA Simbolis ZM EAN Plotis 110 cm Gylis 43 cm Auk\u0161tis 204,5 cm Kolekcija Kent Spalva ka\u0161tonin\u0117 Atspalvis tamsi mediena Stilius klasikinis Med\u017eiaga laminatas Dureli\u0173 skai\u010dius be dur\u0173 Stal\u010di\u0173 skai\u010dius be stal\u010di\u0173 Rankena su rankenomis Gamintojas Juoda Raudona Balta Bald\u0173 tipas Lentynos ir vitrinos PVM mokestis 23% EAN 5906123882231<\/p>","protected":false},"excerpt":{"rendered":"<p>Kent Bookcase \u2013 Open to Constant Change. The most important features of the Kent modular system furniture are its elegant appearance and timeless beauty. The Kent bookcase is a perfect way to organize space in the office or living room. Open shelves offer ample space, which can be transformed into your own personal bookcase or [&hellip;]<\/p>","protected":false},"featured_media":263920,"comment_status":"open","ping_status":"open","template":"","meta":[],"product_brand":[],"product_cat":[9200,1987],"product_tag":[],"class_list":{"0":"post-263919","1":"product","2":"type-product","3":"status-publish","4":"has-post-thumbnail","6":"product_cat-black-red-white","7":"product_cat-shelving-units","9":"first","10":"instock","11":"purchasable","12":"product-type-simple"},"_links":{"self":[{"href":"https:\/\/baldumarket.lt\/lt\/wp-json\/wp\/v2\/product\/263919","targetHints":{"allow":["GET"]}}],"collection":[{"href":"https:\/\/baldumarket.lt\/lt\/wp-json\/wp\/v2\/product"}],"about":[{"href":"https:\/\/baldumarket.lt\/lt\/wp-json\/wp\/v2\/types\/product"}],"replies":[{"embeddable":true,"href":"https:\/\/baldumarket.lt\/lt\/wp-json\/wp\/v2\/comments?post=263919"}],"wp:featuredmedia":[{"embeddable":true,"href":"https:\/\/baldumarket.lt\/lt\/wp-json\/wp\/v2\/media\/263920"}],"wp:attachment":[{"href":"https:\/\/baldumarket.lt\/lt\/wp-json\/wp\/v2\/media?parent=263919"}],"wp:term":[{"taxonomy":"product_brand","embeddable":true,"href":"https:\/\/baldumarket.lt\/lt\/wp-json\/wp\/v2\/product_brand?post=263919"},{"taxonomy":"product_cat","embeddable":true,"href":"https:\/\/baldumarket.lt\/lt\/wp-json\/wp\/v2\/product_cat?post=263919"},{"taxonomy":"product_tag","embeddable":true,"href":"https:\/\/baldumarket.lt\/lt\/wp-json\/wp\/v2\/product_tag?post=263919"}],"curies":[{"name":"wp","href":"https:\/\/api.w.org\/{rel}","templated":true}]}}