{"id":263911,"date":"2026-01-13T23:46:54","date_gmt":"2026-01-13T20:46:54","guid":{"rendered":"https:\/\/baldumarket.lt\/product\/regal-otwarty-jednodrzwiowy-ruso-69-cm-dab-april-perlowy-polysk\/"},"modified":"2026-02-11T18:18:56","modified_gmt":"2026-02-11T15:18:56","slug":"regal-otwarty-jednodrzwiowy-ruso-69-cm-dab-april-perlowy-polysk","status":"publish","type":"product","link":"https:\/\/baldumarket.lt\/lt\/product\/regal-otwarty-jednodrzwiowy-ruso-69-cm-dab-april-perlowy-polysk\/","title":{"rendered":"RUSO vien\u0173 dureli\u0173 atvira knyg\u0173 lentyna 69 cm, baland\u017eio \u0105\u017euolo spalvos\/perlamutrinio blizgesio spalvos"},"content":{"rendered":"<p>\u201eRuso\u201c knyg\u0173 lentyna \u2013 tobula knyg\u0173 lentyna. Jei j\u016bs\u0173 butas dekoruotas klasikiniu stiliumi ir ie\u0161kote tobulos vietos savo knyg\u0173 lentynai, \u201eRuso\u201c knyg\u0173 lentyna gali pateisinti j\u016bs\u0173 l\u016bkes\u010dius ir dar daugiau. \u0160tai kod\u0117l tur\u0117tum\u0117te apsvarstyti \u0161i\u0105 knyg\u0173 lentyn\u0105: \u201eRuso\u201c knyg\u0173 lentynoje yra atviros lentynos, puikiai tinkan\u010dios m\u0117gstamoms knygoms eksponuoti. Apatin\u0117 spintel\u0117 suteikia papildomos vietos vertingiems daiktams ar kitiems daiktams laikyti. Tamsaus baland\u017eio \u0105\u017euolo korpuso ir matin\u0117s juodos spalvos fasad\u0173 derinys suteikia \u201eRuso\u201c knyg\u0173 lentynai eleganti\u0161k\u0105 ir modern\u0173 vaizd\u0105, sukurdamas kontrast\u0105 klasikiniame interjere. Dekoratyviniai cokoliai ir unikalios rankenos, kurios priekyje yra \u012fdubim\u0173 formos, suteikia \u201eRuso\u201c knyg\u0173 lentynai unikali\u0105 i\u0161vaizd\u0105 ir modern\u0173 charakter\u012f. Knyg\u0173 lentyna komplektuojama su matin\u0117s spalvos juostele, kuri\u0105 galima pritvirtinti priekyje esan\u010diose \u012fdubose. \u0160i detal\u0117 suteikia baldui unikal\u0173 charakter\u012f. D\u0117l \u0161velniai u\u017esidaran\u010di\u0173 vyri\u0173 ir reguliuojamos stabdymo j\u0117gos lentyna naudotis kasdien yra tylu ir patogu. \u201eRuso\u201c lentyna puikiai dera su kitais \u201eRuso\u201c kolekcijos elementais. Galite derinti j\u0105 su auk\u0161ta kolona ar kitais \u0161ios kolekcijos baldais, kad sukurtum\u0117te visapusi\u0161k\u0105 ir funkcionali\u0105 erdv\u0119 savo bute. Trumpai tariant, \u201eRuso\u201c lentyna yra baldas, kuris ne tik talpina j\u016bs\u0173 knyg\u0173 lentyn\u0105, bet ir suteikia j\u016bs\u0173 interjerui elegancijos bei charakterio. Kruop\u0161ti apdaila, originalios detal\u0117s ir galimyb\u0117 derinti j\u0105 su kitais \u201eRuso\u201c kolekcijos elementais paver\u010dia j\u0105 patraukliu j\u016bs\u0173 interjero dizaino elementu. Su \u201eRuso\u201c kolekcija galite sukurti darni\u0105 ir patogi\u0105 erdv\u0119, kuri atitikt\u0173 visus j\u016bs\u0173 poreikius ir atspind\u0117t\u0173 j\u016bs\u0173 asmenin\u012f stili\u0173.<\/p>\n<p>Prek\u0117s kodas S407-REG1D-DARL\/PEP Simbolis ZM EAN Plotis 69 cm Gylis 45,5 cm Auk\u0161tis 204,5 cm Kolekcija Ruso Spalva baland\u017eio spalvos \u0105\u017euolas\/perlamutrinis blizgus Atspalvis tamsi mediena Stilius modernus Med\u017eiaga laminatas Dureli\u0173 skai\u010dius 1 dur\u0173 Stal\u010di\u0173 skai\u010dius be stal\u010di\u0173 Rankena be ranken\u0117li\u0173 Gamintojas Juoda Raudona Balta Bald\u0173 tipas Lentynos ir vitrinos PVM mokestis 23% EAN 5906123944601<\/p>","protected":false},"excerpt":{"rendered":"<p>\u201eRuso\u201c knyg\u0173 lentyna \u2013 tobula knyg\u0173 lentyna. Jei j\u016bs\u0173 butas dekoruotas klasikiniu stiliumi ir ie\u0161kote tobulos vietos savo knyg\u0173 lentynai, \u201eRuso\u201c knyg\u0173 lentyna gali patenkinti j\u016bs\u0173 l\u016bkes\u010dius ir dar daugiau. \u0160tai kod\u0117l tur\u0117tum\u0117te apsvarstyti \u0161i\u0105 knyg\u0173 lentyn\u0105: \u201eRuso\u201c knyg\u0173 lentynoje yra atviros lentynos, puikiai tinkan\u010dios m\u0117gstamoms knygoms eksponuoti. [\u2026]<\/p>","protected":false},"featured_media":263912,"comment_status":"open","ping_status":"open","template":"","meta":[],"product_brand":[],"product_cat":[9200,1987],"product_tag":[],"class_list":{"0":"post-263911","1":"product","2":"type-product","3":"status-publish","4":"has-post-thumbnail","6":"product_cat-black-red-white","7":"product_cat-shelving-units","9":"first","10":"instock","11":"purchasable","12":"product-type-simple"},"_links":{"self":[{"href":"https:\/\/baldumarket.lt\/lt\/wp-json\/wp\/v2\/product\/263911","targetHints":{"allow":["GET"]}}],"collection":[{"href":"https:\/\/baldumarket.lt\/lt\/wp-json\/wp\/v2\/product"}],"about":[{"href":"https:\/\/baldumarket.lt\/lt\/wp-json\/wp\/v2\/types\/product"}],"replies":[{"embeddable":true,"href":"https:\/\/baldumarket.lt\/lt\/wp-json\/wp\/v2\/comments?post=263911"}],"wp:featuredmedia":[{"embeddable":true,"href":"https:\/\/baldumarket.lt\/lt\/wp-json\/wp\/v2\/media\/263912"}],"wp:attachment":[{"href":"https:\/\/baldumarket.lt\/lt\/wp-json\/wp\/v2\/media?parent=263911"}],"wp:term":[{"taxonomy":"product_brand","embeddable":true,"href":"https:\/\/baldumarket.lt\/lt\/wp-json\/wp\/v2\/product_brand?post=263911"},{"taxonomy":"product_cat","embeddable":true,"href":"https:\/\/baldumarket.lt\/lt\/wp-json\/wp\/v2\/product_cat?post=263911"},{"taxonomy":"product_tag","embeddable":true,"href":"https:\/\/baldumarket.lt\/lt\/wp-json\/wp\/v2\/product_tag?post=263911"}],"curies":[{"name":"wp","href":"https:\/\/api.w.org\/{rel}","templated":true}]}}