{"id":263895,"date":"2026-01-13T23:46:42","date_gmt":"2026-01-13T20:46:42","guid":{"rendered":"https:\/\/baldumarket.lt\/product\/regal-niski-zamkniety-office-lux-80-cm-jasny-szary\/"},"modified":"2026-02-11T18:18:56","modified_gmt":"2026-02-11T15:18:56","slug":"regal-niski-zamkniety-office-lux-80-cm-jasny-szary","status":"publish","type":"product","link":"https:\/\/baldumarket.lt\/lt\/product\/regal-niski-zamkniety-office-lux-80-cm-jasny-szary\/","title":{"rendered":"OFFICE LUX \u017eema u\u017edara lentyna, 80 cm, \u0161viesiai pilka"},"content":{"rendered":"<p>\u017dema u\u017edara lentyna \u201eOffice Lux\u201c. \u0160i \u017eema spintel\u0117 i\u0161 \u201eOffice Lux\u201c kolekcijos \u2013 tai biuro baldas, derinantis estetik\u0105 ir funkcionalum\u0105, puikiai tinkantis moderniam biurui. \u0160i dviej\u0173 dur\u0173 \u201eOffice Lux\u201c spintel\u0117 \u2013 puikus sprendimas svarbi\u0173 dokument\u0173 ir dideli\u0173 segtuv\u0173 konfidencialumui u\u017etikrinti. Spintel\u0117je \u012fmontuota spyna suteikia papildom\u0105 apsaug\u0105 nuo neteis\u0117tos prieigos prie konfidencialios informacijos. Spintel\u0117s korpusas yra \u0161viesiai pilkos spalvos, o fasadai pagaminti i\u0161 stiklo, lakuoto eleganti\u0161ka grafito spalva. Paprastos chromuotos ranken\u0117l\u0117s ne tik palengvina prieig\u0105 prie stal\u010di\u0173 ir spinteli\u0173 turinio, bet ir yra dekoratyvinis elementas. Minimalistin\u0117s chromuotos kojel\u0117s suteikia visai spintel\u0117s konstrukcijai lengvumo ir modernumo.<\/p>\n<p>Kartu su ra\u0161omuoju stalu, mobilia komoda ir lentyn\u0173 komplektu i\u0161 \u201eOffice Lux\u201c kolekcijos galite sukurti ergonomi\u0161k\u0105 ir esteti\u0161kai patraukli\u0105 biuro erdv\u0119, m\u0117gaudamiesi visapusi\u0161ku biuro dizainu.<\/p>\n<p>Prek\u0117s kodas S363-REG2D\/114-JSZ\/GF Simbolis ZM EAN Plotis 79 cm Gylis 35 cm Auk\u0161tis 114 cm Kolekcija Office Lux Spalva \u0161viesiai pilka\/grafito pilkas atspalvis Stilius modernus Med\u017eiaga laminatas Dureli\u0173 skai\u010dius 2 dur\u0173 Stal\u010di\u0173 skai\u010dius be stal\u010di\u0173 Rankena su rankenomis Gamintojas Juoda Raudona Balta Bald\u0173 tipas Lentynos ir vitrinos PVM mokestis 23% EAN 5906123927130<\/p>","protected":false},"excerpt":{"rendered":"<p>Office Lux Low Closed Shelf. This low cabinet from the Office Lux collection is an office furniture piece that combines aesthetics with functionality, perfectly fitting into modern offices. This two-door Office Lux cabinet is the perfect solution for keeping important documents and large binders confidential. A lock, installed in the cabinet, provides additional security against [&hellip;]<\/p>","protected":false},"featured_media":263896,"comment_status":"open","ping_status":"open","template":"","meta":[],"product_brand":[],"product_cat":[9200,1177],"product_tag":[],"class_list":{"0":"post-263895","1":"product","2":"type-product","3":"status-publish","4":"has-post-thumbnail","6":"product_cat-black-red-white","7":"product_cat-wardrobes","9":"first","10":"instock","11":"purchasable","12":"product-type-simple"},"_links":{"self":[{"href":"https:\/\/baldumarket.lt\/lt\/wp-json\/wp\/v2\/product\/263895","targetHints":{"allow":["GET"]}}],"collection":[{"href":"https:\/\/baldumarket.lt\/lt\/wp-json\/wp\/v2\/product"}],"about":[{"href":"https:\/\/baldumarket.lt\/lt\/wp-json\/wp\/v2\/types\/product"}],"replies":[{"embeddable":true,"href":"https:\/\/baldumarket.lt\/lt\/wp-json\/wp\/v2\/comments?post=263895"}],"wp:featuredmedia":[{"embeddable":true,"href":"https:\/\/baldumarket.lt\/lt\/wp-json\/wp\/v2\/media\/263896"}],"wp:attachment":[{"href":"https:\/\/baldumarket.lt\/lt\/wp-json\/wp\/v2\/media?parent=263895"}],"wp:term":[{"taxonomy":"product_brand","embeddable":true,"href":"https:\/\/baldumarket.lt\/lt\/wp-json\/wp\/v2\/product_brand?post=263895"},{"taxonomy":"product_cat","embeddable":true,"href":"https:\/\/baldumarket.lt\/lt\/wp-json\/wp\/v2\/product_cat?post=263895"},{"taxonomy":"product_tag","embeddable":true,"href":"https:\/\/baldumarket.lt\/lt\/wp-json\/wp\/v2\/product_tag?post=263895"}],"curies":[{"name":"wp","href":"https:\/\/api.w.org\/{rel}","templated":true}]}}