{"id":263891,"date":"2026-01-13T23:46:38","date_gmt":"2026-01-13T20:46:38","guid":{"rendered":"https:\/\/baldumarket.lt\/product\/regal-niski-zamkniety-brw-office-80-cm-dab-sonoma\/"},"modified":"2026-02-11T18:18:56","modified_gmt":"2026-02-11T15:18:56","slug":"regal-niski-zamkniety-brw-office-80-cm-dab-sonoma","status":"publish","type":"product","link":"https:\/\/baldumarket.lt\/lt\/product\/regal-niski-zamkniety-brw-office-80-cm-dab-sonoma\/","title":{"rendered":"BRW OFFICE \u017eema u\u017edara knyg\u0173 lentyna, 80 cm, sonoma \u0105\u017euolas"},"content":{"rendered":"<p>\u017dema u\u017edara BRW Office lentyna. \u0160i spintel\u0117 i\u0161 BRW Office kolekcijos yra prakti\u0161kas baldas, puikiai papildantis modern\u0173 stili\u0173 ir leid\u017eiantis susikurti svajoni\u0173 biur\u0105. Spintel\u0117 yra \u017eema, ta\u010diau erdvi, tod\u0117l puikiai dera su \u017eema kolekcijoje esan\u010dia lentyn\u0173 sistema (S173-REG\/53\/114-DSO), sukurdama visapusi\u0161k\u0105 dokument\u0173 laikymo sprendim\u0105. Sonoma \u0105\u017euolo apdaila i\u0161ry\u0161kina nat\u016brali\u0105 baldo i\u0161vaizd\u0105, o matoma medienos tekst\u016bra suteikia spintelei charakterio. Paprastos ranken\u0117l\u0117s suteikia minimalistinio \u017eavesio ir papildo modern\u0173 stili\u0173. D\u0117l kompakti\u0161kos formos BRW Office spintel\u0117 puikiai tinka ma\u017eoms erdv\u0117ms, nes leid\u017eia sutvarkyti svarbi\u0173 dokument\u0173 viet\u0105 neu\u017eimant daug vietos. BRW Office kolekcija si\u016blo \u012fvairi\u0173 form\u0173 baldus, leid\u017eian\u010dius sukurti darn\u0173 biuro i\u0161d\u0117stym\u0105. Pasinaudokite \u0161ia \u012fvairove, kad pritaikytum\u0117te baldus pagal savo individualius poreikius ir pageidavimus. BRW Office spintel\u0117 yra ne tik prakti\u0161kas daikt\u0173 laikymo \u012frenginys, bet ir estetinis elementas, padedantis sukurti darni\u0105 ir funkcionali\u0105 biuro erdv\u0119.<\/p>\n<p>Prek\u0117s kodas S173-REG2D\/114-DSO Simbolis ZM EAN Plotis 79,5 cm Gylis 35 cm Auk\u0161tis 114 cm Kolekcija Brw Office Spalva sonoma \u0105\u017euolas Gaubtas \u0161viesi mediena Stilius modernus Med\u017eiaga laminatas Dureli\u0173 skai\u010dius 2 dur\u0173 Stal\u010di\u0173 skai\u010dius be stal\u010di\u0173 Rankena su rankenomis Gamintojas Juoda Raudona Balta Bald\u0173 tipas Lentynos ir vitrinos PVM mokestis 23% EAN 5906123921497<\/p>","protected":false},"excerpt":{"rendered":"<p>BRW Office Low Closed Shelf. This cabinet from the BRW Office collection is a practical piece of furniture that perfectly complements modern style, allowing you to create your dream office. The cabinet is low yet spacious, making it a perfect match for the low shelving unit available in the collection (S173-REG\/53\/114-DSO), creating a comprehensive document [&hellip;]<\/p>","protected":false},"featured_media":263892,"comment_status":"open","ping_status":"open","template":"","meta":[],"product_brand":[],"product_cat":[9200,1177],"product_tag":[],"class_list":{"0":"post-263891","1":"product","2":"type-product","3":"status-publish","4":"has-post-thumbnail","6":"product_cat-black-red-white","7":"product_cat-wardrobes","9":"first","10":"instock","11":"purchasable","12":"product-type-simple"},"_links":{"self":[{"href":"https:\/\/baldumarket.lt\/lt\/wp-json\/wp\/v2\/product\/263891","targetHints":{"allow":["GET"]}}],"collection":[{"href":"https:\/\/baldumarket.lt\/lt\/wp-json\/wp\/v2\/product"}],"about":[{"href":"https:\/\/baldumarket.lt\/lt\/wp-json\/wp\/v2\/types\/product"}],"replies":[{"embeddable":true,"href":"https:\/\/baldumarket.lt\/lt\/wp-json\/wp\/v2\/comments?post=263891"}],"wp:featuredmedia":[{"embeddable":true,"href":"https:\/\/baldumarket.lt\/lt\/wp-json\/wp\/v2\/media\/263892"}],"wp:attachment":[{"href":"https:\/\/baldumarket.lt\/lt\/wp-json\/wp\/v2\/media?parent=263891"}],"wp:term":[{"taxonomy":"product_brand","embeddable":true,"href":"https:\/\/baldumarket.lt\/lt\/wp-json\/wp\/v2\/product_brand?post=263891"},{"taxonomy":"product_cat","embeddable":true,"href":"https:\/\/baldumarket.lt\/lt\/wp-json\/wp\/v2\/product_cat?post=263891"},{"taxonomy":"product_tag","embeddable":true,"href":"https:\/\/baldumarket.lt\/lt\/wp-json\/wp\/v2\/product_tag?post=263891"}],"curies":[{"name":"wp","href":"https:\/\/api.w.org\/{rel}","templated":true}]}}