{"id":263883,"date":"2026-01-13T23:46:32","date_gmt":"2026-01-13T20:46:32","guid":{"rendered":"https:\/\/baldumarket.lt\/product\/regal-niski-z-dwoma-szufladami-space-office-80-cm-dab-artisan\/"},"modified":"2026-02-11T18:18:56","modified_gmt":"2026-02-11T15:18:56","slug":"regal-niski-z-dwoma-szufladami-space-office-80-cm-dab-artisan","status":"publish","type":"product","link":"https:\/\/baldumarket.lt\/lt\/product\/regal-niski-z-dwoma-szufladami-space-office-80-cm-dab-artisan\/","title":{"rendered":"\u017dema lentyna su dviem stal\u010diais SPACE OFFICE 80 cm, \u0105\u017euolo spalvos"},"content":{"rendered":"<p>\u201eSpace Office\u201c lentyna \u2013 tobulas spausdintuvo laikiklis. \u201eSpace Office\u201c lentyna yra ne tik prakti\u0161kas biuro baldas; tai i\u0161manus sprendimas, puikiai atliekantis spausdintuvo stovo funkcij\u0105. Su atviromis lentynomis ir u\u017edarais stal\u010diais \u0161i lentyn\u0173 sistema derina funkcionalum\u0105 ir modern\u0173 dizain\u0105, puikiai \u012fsiliejdama \u012f dinami\u0161k\u0105 biuro erdv\u0119. Dvi auk\u0161tos lentynos puikiai tinka spausdintuvo popieriui, segtuvams ir kitiems b\u016btiniems biuro priedams laikyti. Atvira prieiga u\u017etikrina, kad viskas visada b\u016bt\u0173 ranka pasiekiama. Du vir\u0161utiniai plok\u0161ti stal\u010diai idealiai tinka atsargin\u0117ms spausdintuvo kaset\u0117ms, ra\u0161ikliams ir smulkiems biuro reikmenims laikyti. \u201eSpace Office\u201c lentyna yra ne tik prakti\u0161kas baldas, bet ir i\u0161siskiria moderniu bei universaliu dizainu. Stilinga meni\u0161ko \u0105\u017euolo spalva suteikia jai eleganti\u0161k\u0105 charakter\u012f, puikiai deran\u010di\u0105 prie moderni\u0173 biuro erdvi\u0173. Laminuota plok\u0161t\u0117, i\u0161 kurios pagaminta lentyna, garantuoja atsparum\u0105 \u012fbr\u0117\u017eimams ir ilgaam\u017ei\u0161kum\u0105. Net ir intensyviai naudojant, lentyna i\u0161laiko moderni\u0105 i\u0161vaizd\u0105. \u0160velniai u\u017esidarantys b\u0117geliai u\u017etikrina patog\u0173 ir tyl\u0173 naudojim\u0105. \u201eSpace Office\u201c lentyna yra ne tik spausdintuvo stovas, bet ir universalus \u012fvairi\u0173 biuro pried\u0173 laikymo sprendimas. D\u0117l savo funkcionalumo ji puikiai tinka \u012fvairioms biuro erdv\u0117ms. \u201eSpace Office Shelf\u201c \u2013 tai ne tik prakti\u0161ka lentyna, bet ir universalus spausdintuvo laikiklis bei i\u0161manus biuro reikmen\u0173 laikymo sprendimas. D\u0117l modernaus dizaino, patvari\u0173 med\u017eiag\u0173 ir prakti\u0161kos konstrukcijos \u0161i lentyna yra esminis elementas efektyviam biuro erdv\u0117s organizavimui. Su\u017einokite, kaip \u201eSpace Office Shelf\u201c pagerina j\u016bs\u0173 biuro funkcionalum\u0105 ir stili\u0173!<\/p>\n<p>Prek\u0117s kodas S479-REG2S\/120-DASN Simbolis ZM EAN Plotis 80 cm Gylis 37 cm Auk\u0161tis 122 cm Kolekcija Erdv\u0117 Biuras Spalva meni\u0161kas \u0105\u017euolas Atspalvis \u0161viesus medis Stilius modernus Med\u017eiaga laminatas Dureli\u0173 skai\u010dius be dur\u0173 Stal\u010di\u0173 skai\u010dius 2 stal\u010diai Rankena su rankenomis Gamintojas Juoda Raudona Balta Bald\u0173 tipas Lentynos ir vitrinos PVM mokestis 23% EAN 5906123707794<\/p>","protected":false},"excerpt":{"rendered":"<p>The Space Office Shelf \u2013 The Perfect Support for Your Printer. The Space Office Shelf is not only a practical piece of office furniture; it&#8217;s a smart solution that works perfectly as a printer stand. With open shelves and closed drawers, this shelving unit combines functionality with modern design, perfectly fitting into a dynamic office [&hellip;]<\/p>","protected":false},"featured_media":263884,"comment_status":"open","ping_status":"open","template":"","meta":[],"product_brand":[],"product_cat":[9200,1987],"product_tag":[],"class_list":{"0":"post-263883","1":"product","2":"type-product","3":"status-publish","4":"has-post-thumbnail","6":"product_cat-black-red-white","7":"product_cat-shelving-units","9":"first","10":"instock","11":"purchasable","12":"product-type-simple"},"_links":{"self":[{"href":"https:\/\/baldumarket.lt\/lt\/wp-json\/wp\/v2\/product\/263883","targetHints":{"allow":["GET"]}}],"collection":[{"href":"https:\/\/baldumarket.lt\/lt\/wp-json\/wp\/v2\/product"}],"about":[{"href":"https:\/\/baldumarket.lt\/lt\/wp-json\/wp\/v2\/types\/product"}],"replies":[{"embeddable":true,"href":"https:\/\/baldumarket.lt\/lt\/wp-json\/wp\/v2\/comments?post=263883"}],"wp:featuredmedia":[{"embeddable":true,"href":"https:\/\/baldumarket.lt\/lt\/wp-json\/wp\/v2\/media\/263884"}],"wp:attachment":[{"href":"https:\/\/baldumarket.lt\/lt\/wp-json\/wp\/v2\/media?parent=263883"}],"wp:term":[{"taxonomy":"product_brand","embeddable":true,"href":"https:\/\/baldumarket.lt\/lt\/wp-json\/wp\/v2\/product_brand?post=263883"},{"taxonomy":"product_cat","embeddable":true,"href":"https:\/\/baldumarket.lt\/lt\/wp-json\/wp\/v2\/product_cat?post=263883"},{"taxonomy":"product_tag","embeddable":true,"href":"https:\/\/baldumarket.lt\/lt\/wp-json\/wp\/v2\/product_tag?post=263883"}],"curies":[{"name":"wp","href":"https:\/\/api.w.org\/{rel}","templated":true}]}}