{"id":263875,"date":"2026-01-13T23:46:26","date_gmt":"2026-01-13T20:46:26","guid":{"rendered":"https:\/\/baldumarket.lt\/product\/regal-niski-z-drzwiami-szklanymi-i-dwoma-szufladami-space-office-80-cm-dab-artisan-czarny-matowy\/"},"modified":"2026-02-11T18:18:56","modified_gmt":"2026-02-11T15:18:56","slug":"regal-niski-z-drzwiami-szklanymi-i-dwoma-szufladami-space-office-80-cm-dab-artisan-czarny-matowy","status":"publish","type":"product","link":"https:\/\/baldumarket.lt\/lt\/product\/regal-niski-z-drzwiami-szklanymi-i-dwoma-szufladami-space-office-80-cm-dab-artisan-czarny-matowy\/","title":{"rendered":"SPACE OFFICE \u017eema knyg\u0173 lentyna su stiklin\u0117mis durel\u0117mis ir dviem stal\u010diais, 80 cm, dirbtinio \u0105\u017euolo spalvos\/matin\u0117s juodos spalvos"},"content":{"rendered":"<p>\u201eSpace Office\u201c knyg\u0173 spinta \u2013 organizavimo meistrams. Biuro sprendim\u0173 pasaulyje, kuriame ergonomika ir stilius tampa tokie pat svarb\u016bs kaip funkcionalumas, \u201eSpace Office\u201c knyg\u0173 spinta i\u0161siskiria kaip sprendimas tiems, kurie vertina komfort\u0105 ir estetik\u0105 darbe. \u0160i knyg\u0173 spinta yra ne tik daikt\u0173 laikymo vieta, bet ir elementas, paver\u010diantis erdv\u0117s organizavim\u0105 malonumu. Spintel\u0117s stiklinis priekis leid\u017eia lengvai per\u017ei\u016br\u0117ti turin\u012f, o tai \u017eymiai supaprastina kasdien\u012f darb\u0105. Greita prieiga prie dokument\u0173 yra raktas \u012f efektyvum\u0105, o \u201eSpace Office\u201c knyg\u0173 spinta tai u\u017etikrina dizainerio stiliumi. Du plok\u0161ti stal\u010diai yra puikus sprendimas tiems, kurie m\u0117gsta tvark\u0105. Jie leid\u017eia susitvarkyti ma\u017eesnius priedus, tokius kaip ra\u0161ikliai, u\u017era\u0161\u0173 knygel\u0117s ar laidai, i\u0161laikant lengv\u0105 prieig\u0105. Toks ergonomi\u0161kas po\u017ei\u016bris \u012f organizavim\u0105 \u017eymiai supaprastina kasdien\u012f darb\u0105. \u201eSpace Office\u201c knyg\u0173 spinta si\u016blo ne tik funkcionalum\u0105, bet ir i\u0161skirtin\u0119 konstrukcijos kokyb\u0119. \u012ebr\u0117\u017eimams atspari laminuota plok\u0161t\u0117 u\u017etikrina, kad baldas ilgai i\u0161laikyt\u0173 moderni\u0105 i\u0161vaizd\u0105. Vyriai ir kreipian\u010diosios veikia su \u0161velnaus u\u017edarymo mechanizmu, suteikdami elegancijos ir komforto. Stikliniai fasadai aliuminio r\u0117me yra ne tik estetinis papildymas, bet ir ilgaam\u017ei\u0161kumo garantas. Kompakti\u0161k\u0173 80\/37,5\/122 cm matmen\u0173 \u201eSpace Office Shelf\u201c puikiai tinka \u012fvairioms biuro erdv\u0117ms. J\u0105 galite pastatyti kampu, naudoti kaip spausdintuvo spintel\u0119 arba tiesiog pastatyti vien\u0105. Tai lankstus sprendimas tiek dideliems, tiek ma\u017eiems biurams. Rinkit\u0117s ergonominius sprendimus neaukodami estetikos. \u201eSpace Office Shelf\u201c \u2013 tai ne tik baldas; tai investicija \u012f komfort\u0105 ir tvark\u0105 darbe. Pasirink\u0119 \u201eSpace Office Shelf\u201c kaip savo biuro erdv\u0117s centrin\u012f element\u0105, rinkit\u0117s dizainerio i\u0161vaizd\u0105 ir funkcionalum\u0105 viename. Su\u017einokite, kaip paprasta paversti savo biur\u0105 ergonomi\u0161kesne ir stilingesne darbo vieta.<\/p>\n<p>Prek\u0117s kodas S479-REG2W2S\/120-DASN\/CAM Simbolis ZM EAN Plotis 80 cm Gylis 37,5 cm Auk\u0161tis 122 cm Kolekcija Erdv\u0117 Biuras Spalva meni\u0161kas \u0105\u017euolas\/matin\u0117 juoda Gaubtas \u0161viesus medis Stilius modernus Med\u017eiaga laminatas Dureli\u0173 skai\u010dius 2 dur\u0173 Stal\u010di\u0173 skai\u010dius 2 stal\u010diai Rankena su rankenomis Gamintojas Juoda Raudona Balta Bald\u0173 tipas Lentynos ir vitrinos PVM mokestis 23% EAN 5906123707831<\/p>","protected":false},"excerpt":{"rendered":"<p>Space Office Bookcase &#8211; for the masters of organization. In a world of office solutions where ergonomics and style are becoming as important as functionality, the Space Office Bookcase stands out as a solution for those who value comfort and aesthetics at work. This bookcase is not only a storage unit, but also an element [&hellip;]<\/p>","protected":false},"featured_media":263876,"comment_status":"open","ping_status":"open","template":"","meta":[],"product_brand":[],"product_cat":[9200,1987],"product_tag":[],"class_list":{"0":"post-263875","1":"product","2":"type-product","3":"status-publish","4":"has-post-thumbnail","6":"product_cat-black-red-white","7":"product_cat-shelving-units","9":"first","10":"instock","11":"purchasable","12":"product-type-simple"},"_links":{"self":[{"href":"https:\/\/baldumarket.lt\/lt\/wp-json\/wp\/v2\/product\/263875","targetHints":{"allow":["GET"]}}],"collection":[{"href":"https:\/\/baldumarket.lt\/lt\/wp-json\/wp\/v2\/product"}],"about":[{"href":"https:\/\/baldumarket.lt\/lt\/wp-json\/wp\/v2\/types\/product"}],"replies":[{"embeddable":true,"href":"https:\/\/baldumarket.lt\/lt\/wp-json\/wp\/v2\/comments?post=263875"}],"wp:featuredmedia":[{"embeddable":true,"href":"https:\/\/baldumarket.lt\/lt\/wp-json\/wp\/v2\/media\/263876"}],"wp:attachment":[{"href":"https:\/\/baldumarket.lt\/lt\/wp-json\/wp\/v2\/media?parent=263875"}],"wp:term":[{"taxonomy":"product_brand","embeddable":true,"href":"https:\/\/baldumarket.lt\/lt\/wp-json\/wp\/v2\/product_brand?post=263875"},{"taxonomy":"product_cat","embeddable":true,"href":"https:\/\/baldumarket.lt\/lt\/wp-json\/wp\/v2\/product_cat?post=263875"},{"taxonomy":"product_tag","embeddable":true,"href":"https:\/\/baldumarket.lt\/lt\/wp-json\/wp\/v2\/product_tag?post=263875"}],"curies":[{"name":"wp","href":"https:\/\/api.w.org\/{rel}","templated":true}]}}