{"id":263867,"date":"2026-01-13T23:46:19","date_gmt":"2026-01-13T20:46:19","guid":{"rendered":"https:\/\/baldumarket.lt\/product\/regal-niski-otwarty-office-lux-80-cm-jasny-szary\/"},"modified":"2026-02-11T18:18:56","modified_gmt":"2026-02-11T15:18:56","slug":"regal-niski-otwarty-office-lux-80-cm-jasny-szary","status":"publish","type":"product","link":"https:\/\/baldumarket.lt\/lt\/product\/regal-niski-otwarty-office-lux-80-cm-jasny-szary\/","title":{"rendered":"OFFICE LUX \u017eema atvira lentyna, 80 cm, \u0161viesiai pilka"},"content":{"rendered":"<p>\u017dema lentyna \u201eOffice Lux\u201c. \u0160i \u017eema lentyn\u0173 sistema i\u0161 \u201eOffice Lux\u201c kolekcijos derina estetik\u0105 ir funkcionalum\u0105, puikiai tinkanti moderniems biurams. Kaip alternatyv\u0105 auk\u0161tiems biuro spintel\u0117ms, si\u016blome \u017eem\u0105, 114 cm auk\u0161\u010dio \u201eOffice Lux\u201c lentyn\u0173 sistem\u0105. D\u0117l kompakti\u0161ko dyd\u017eio ji puikiai tinka bet kuriam biurui ir suteikia jai modernumo. Lentyn\u0173 sistema turi dvi prakti\u0161kas lentynas, idealiai tinkan\u010dias dokumentams, knygoms, organizatoriams ir esteti\u0161kai patraukliems dekoro elementams laikyti. \u0160viesiai pilka apdaila puikiai dera su baltomis sienomis arba sukuria kontrast\u0105 ry\u0161kesn\u0117ms spalvoms. Lentyn\u0173 sistem\u0105 laiko minimalistin\u0117s chromuotos kojel\u0117s, suteikian\u010dios jai lengvumo ir modernumo.<\/p>\n<p>\u201eOffice Lux\u201c kolekcija leid\u017eia sukurti ergonomi\u0161k\u0105 biuro erdv\u0119, derinant stal\u0105, mobili\u0105 komod\u0105 ir lentyn\u0173 komplekt\u0105, taip m\u0117gaujantis i\u0161samiu ir esteti\u0161kai patraukliu biuro i\u0161d\u0117stymu.<\/p>\n<p>Prek\u0117s kodas S363-REG\/53\/114-JSZ Simbolis ZM EAN Plotis 52,5 cm Gylis 35 cm Auk\u0161tis 114 cm Kolekcija Office Lux Spalva \u0161viesiai pilka Pilkas atspalvis Stilius modernus Med\u017eiaga laminatas Dureli\u0173 skai\u010dius be dur\u0173 Stal\u010di\u0173 skai\u010dius be stal\u010di\u0173 Gamintojas Juoda Raudona Balta Bald\u0173 tipas Lentynos ir vitrinos PVM mokestis 23% EAN 5906123927055<\/p>","protected":false},"excerpt":{"rendered":"<p>Office Lux Low Shelf. This low shelving unit from the Office Lux collection combines aesthetics and functionality, perfect for modern offices. As an alternative to tall office units, we offer the Office Lux low shelving unit, 114 cm high. Its compact size makes it a perfect addition to any office, giving it a modern character. [&hellip;]<\/p>","protected":false},"featured_media":263868,"comment_status":"open","ping_status":"open","template":"","meta":[],"product_brand":[],"product_cat":[9200,1987],"product_tag":[],"class_list":{"0":"post-263867","1":"product","2":"type-product","3":"status-publish","4":"has-post-thumbnail","6":"product_cat-black-red-white","7":"product_cat-shelving-units","9":"first","10":"instock","11":"purchasable","12":"product-type-simple"},"_links":{"self":[{"href":"https:\/\/baldumarket.lt\/lt\/wp-json\/wp\/v2\/product\/263867","targetHints":{"allow":["GET"]}}],"collection":[{"href":"https:\/\/baldumarket.lt\/lt\/wp-json\/wp\/v2\/product"}],"about":[{"href":"https:\/\/baldumarket.lt\/lt\/wp-json\/wp\/v2\/types\/product"}],"replies":[{"embeddable":true,"href":"https:\/\/baldumarket.lt\/lt\/wp-json\/wp\/v2\/comments?post=263867"}],"wp:featuredmedia":[{"embeddable":true,"href":"https:\/\/baldumarket.lt\/lt\/wp-json\/wp\/v2\/media\/263868"}],"wp:attachment":[{"href":"https:\/\/baldumarket.lt\/lt\/wp-json\/wp\/v2\/media?parent=263867"}],"wp:term":[{"taxonomy":"product_brand","embeddable":true,"href":"https:\/\/baldumarket.lt\/lt\/wp-json\/wp\/v2\/product_brand?post=263867"},{"taxonomy":"product_cat","embeddable":true,"href":"https:\/\/baldumarket.lt\/lt\/wp-json\/wp\/v2\/product_cat?post=263867"},{"taxonomy":"product_tag","embeddable":true,"href":"https:\/\/baldumarket.lt\/lt\/wp-json\/wp\/v2\/product_tag?post=263867"}],"curies":[{"name":"wp","href":"https:\/\/api.w.org\/{rel}","templated":true}]}}