{"id":263864,"date":"2026-01-13T23:46:16","date_gmt":"2026-01-13T20:46:16","guid":{"rendered":"https:\/\/baldumarket.lt\/product\/regal-niski-otwarty-brw-office-525-cm-dab-sonoma\/"},"modified":"2026-02-11T18:18:56","modified_gmt":"2026-02-11T15:18:56","slug":"regal-niski-otwarty-brw-office-525-cm-dab-sonoma","status":"publish","type":"product","link":"https:\/\/baldumarket.lt\/lt\/product\/regal-niski-otwarty-brw-office-525-cm-dab-sonoma\/","title":{"rendered":"BRW OFFICE \u017eema atvira knyg\u0173 lentyna, 52,5 cm, sonoma \u0105\u017euolas"},"content":{"rendered":"<p>BRW Office \u017eema atvira lentyna. \u0160i \u017eemo profilio lentyna i\u0161 BRW Office kolekcijos yra modernus ir funkcionalus sprendimas, idealiai tinkantis biuro erdv\u0117ms. Jei ie\u0161kote vietos daiktams tvarkingai susid\u0117ti ir eksponuoti, BRW Office lentyna pateisins j\u016bs\u0173 l\u016bkes\u010dius. \u0160is kompakti\u0161kas blokas u\u017etikrina efektyv\u0173 dokument\u0173 ir knyg\u0173 saugojim\u0105 dviejose i\u0161imamose lentynose. Atvira lentynos konstrukcija leid\u017eia lengvai pasiekti laikomus daiktus, tod\u0117l j\u0105 labai lengva naudoti. Lentyna apdailinta Sonoma \u0105\u017euolu, o matoma medienos tekst\u016bra suteikia interjerui charakterio ir unikalios i\u0161rai\u0161kos. D\u0117l \u017eemo profilio \u0161i lentyna puikiai papildo BRW Office kolekcijos spintel\u0119, sukurdama funkcional\u0173 ir esteti\u0161k\u0105 duet\u0105 j\u016bs\u0173 biuro dizaine. Norint sukurti visapusi\u0161k\u0105 ir darn\u0173 biuro dizain\u0105, rekomenduojama \u0161i\u0105 lentyn\u0105 derinti su kitais BRW Office kolekcijos gaminiais.<\/p>\n<p>Prek\u0117s kodas S173-REG\/53\/114-DSO Simbolis ZM EAN Plotis 52,5 cm Gylis 35 cm Auk\u0161tis 114 cm Kolekcija Brw Office Spalva sonoma \u0105\u017euolas Gaubtas \u0161viesi mediena Stilius modernus Med\u017eiaga laminatas Dur\u0173 skai\u010dius be dur\u0173 Stal\u010di\u0173 skai\u010dius be stal\u010di\u0173 Gamintojas Juoda Raudona Balta Bald\u0173 tipas Lentynos ir vitrinos PVM mokestis 23% EAN 5906123921459<\/p>","protected":false},"excerpt":{"rendered":"<p>BRW Office Low Open Shelf. This low-profile shelving unit from the BRW Office collection is a modern and functional solution, ideal for office spaces. If you&#8217;re looking for a place to organize and display your items, the BRW Office shelving unit will meet your expectations. This compact unit provides efficient storage for documents and books [&hellip;]<\/p>","protected":false},"featured_media":263865,"comment_status":"open","ping_status":"open","template":"","meta":[],"product_brand":[],"product_cat":[9200,1987],"product_tag":[],"class_list":{"0":"post-263864","1":"product","2":"type-product","3":"status-publish","4":"has-post-thumbnail","6":"product_cat-black-red-white","7":"product_cat-shelving-units","9":"first","10":"instock","11":"purchasable","12":"product-type-simple"},"_links":{"self":[{"href":"https:\/\/baldumarket.lt\/lt\/wp-json\/wp\/v2\/product\/263864","targetHints":{"allow":["GET"]}}],"collection":[{"href":"https:\/\/baldumarket.lt\/lt\/wp-json\/wp\/v2\/product"}],"about":[{"href":"https:\/\/baldumarket.lt\/lt\/wp-json\/wp\/v2\/types\/product"}],"replies":[{"embeddable":true,"href":"https:\/\/baldumarket.lt\/lt\/wp-json\/wp\/v2\/comments?post=263864"}],"wp:featuredmedia":[{"embeddable":true,"href":"https:\/\/baldumarket.lt\/lt\/wp-json\/wp\/v2\/media\/263865"}],"wp:attachment":[{"href":"https:\/\/baldumarket.lt\/lt\/wp-json\/wp\/v2\/media?parent=263864"}],"wp:term":[{"taxonomy":"product_brand","embeddable":true,"href":"https:\/\/baldumarket.lt\/lt\/wp-json\/wp\/v2\/product_brand?post=263864"},{"taxonomy":"product_cat","embeddable":true,"href":"https:\/\/baldumarket.lt\/lt\/wp-json\/wp\/v2\/product_cat?post=263864"},{"taxonomy":"product_tag","embeddable":true,"href":"https:\/\/baldumarket.lt\/lt\/wp-json\/wp\/v2\/product_tag?post=263864"}],"curies":[{"name":"wp","href":"https:\/\/api.w.org\/{rel}","templated":true}]}}