{"id":263844,"date":"2026-01-13T23:46:00","date_gmt":"2026-01-13T20:46:00","guid":{"rendered":"https:\/\/baldumarket.lt\/product\/regal-niski-kassel-100-cm-dab-monastery-dab-czarny\/"},"modified":"2026-02-11T18:18:56","modified_gmt":"2026-02-11T15:18:56","slug":"regal-niski-kassel-100-cm-dab-monastery-dab-czarny","status":"publish","type":"product","link":"https:\/\/baldumarket.lt\/lt\/product\/regal-niski-kassel-100-cm-dab-monastery-dab-czarny\/","title":{"rendered":"KASSEL \u017eema lentyna 100 cm vienuolyno \u0105\u017euolas\/juodas \u0105\u017euolas"},"content":{"rendered":"<p>\u201cKassel\u201d knyg\u0173 spinta \u2013 harmoningas spintos ir lentynos derinys. \u201eKassel\u201c knyg\u0173 spinta yra unikalus baldas, apjungiantis spintos su tvirtu priekiu ir knyg\u0173 lentynos su atviromis lentynomis funkcijas \u2013 tikras \u201e2 viename\u201c. Jei svarstote apie spint\u0105 ar knyg\u0173 lentyn\u0105, \u201eKassel\u201c knyg\u0173 spinta si\u016blo puik\u0173 abiej\u0173 sprendim\u0173 derin\u012f, tinkant\u012f tiek miegamajam, tiek svetainei.<\/p>\n<p>De\u0161in\u0117 knyg\u0173 lentynos pus\u0117 u\u017edengta tvirtu priekiu, tod\u0117l puikiai tinka laikyti drabu\u017eius, patalyn\u0119 ar \u017eaidimus \u2013 priklausomai nuo j\u016bs\u0173 poreiki\u0173 ir pasirinktos erdv\u0117s. Trys lentynos, puikiai padalijan\u010dios erdv\u0119, padeda susisteminti daiktus ir u\u017etikrina lengv\u0105 prieig\u0105 prie j\u0173.<\/p>\n<p>Kairioji knyg\u0173 lentynos pus\u0117, taip pat su lentynomis, yra atvira, puikiai tinka knygoms ar dekoratyviniams nieku\u010diams laikyti.<\/p>\n<p>Unikalus \u201eKassel\u201c knyg\u0173 spintos dizainas yra i\u0161skirtin\u0117 savyb\u0117. Med\u017eio tekst\u016bros ir juodos spalvos derinys yra viena kar\u0161\u010diausi\u0173 dizaino tendencij\u0173. Eleganti\u0161kas derinys sujungia \u0161ilt\u0105 \u0105\u017euolo atspalv\u012f su paslaptingu juodu \u0105\u017euolu, kuris ypa\u010d gerai dera moderniuose ir lofto stiliaus interjeruose. Jei jus domina lentyn\u0173 blokas, jungiantis atviras ir u\u017edaras erdves, d\u017eiaugiam\u0117s gal\u0117dami prane\u0161ti, kad \u201eKassel\u201c kolekcijoje taip pat yra \u012fvairi\u0173 kit\u0173 gamini\u0173, toki\u0173 kaip lovos, komodos ir vitrinos, kurios pad\u0117s jums sukurti eleganti\u0161k\u0105 ir nesenstant\u012f interjer\u0105, pritaikyt\u0105 j\u016bs\u0173 poreikiams.<\/p>\n<p>Prek\u0117s kodas S491-REG1D-DMON\/DCA Simbolis ZM EAN Plotis 100 cm Gylis 41 cm Auk\u0161tis 145 cm Kolekcija Kassel Spalva vienuolyno \u0105\u017euolas\/juodas \u0105\u017euolas Atspalvis tamsi mediena Stilius modernus Med\u017eiaga laminatas Dureli\u0173 skai\u010dius 1 dur\u0173 Stal\u010di\u0173 skai\u010dius be stal\u010di\u0173 Rankena su rankenomis Gamintojas Juoda Raudona Balta Bald\u0173 tipas Lentynos ir vitrinos PVM mokestis 23% EAN 5906123709569<\/p>","protected":false},"excerpt":{"rendered":"<p>The Kassel Bookcase &#8211; A Harmonious Combination of Wardrobe and Shelf. The Kassel Bookcase is a unique piece of furniture combining the functions of a wardrobe with a solid front and a bookcase with open shelves \u2013 a true &#8220;2-in-1.&#8221; If you&#8217;re considering a wardrobe or a bookcase, the Kassel Bookcase offers the perfect combination [&hellip;]<\/p>","protected":false},"featured_media":263845,"comment_status":"open","ping_status":"open","template":"","meta":[],"product_brand":[],"product_cat":[9200,1177],"product_tag":[],"class_list":{"0":"post-263844","1":"product","2":"type-product","3":"status-publish","4":"has-post-thumbnail","6":"product_cat-black-red-white","7":"product_cat-wardrobes","9":"first","10":"instock","11":"purchasable","12":"product-type-simple"},"_links":{"self":[{"href":"https:\/\/baldumarket.lt\/lt\/wp-json\/wp\/v2\/product\/263844","targetHints":{"allow":["GET"]}}],"collection":[{"href":"https:\/\/baldumarket.lt\/lt\/wp-json\/wp\/v2\/product"}],"about":[{"href":"https:\/\/baldumarket.lt\/lt\/wp-json\/wp\/v2\/types\/product"}],"replies":[{"embeddable":true,"href":"https:\/\/baldumarket.lt\/lt\/wp-json\/wp\/v2\/comments?post=263844"}],"wp:featuredmedia":[{"embeddable":true,"href":"https:\/\/baldumarket.lt\/lt\/wp-json\/wp\/v2\/media\/263845"}],"wp:attachment":[{"href":"https:\/\/baldumarket.lt\/lt\/wp-json\/wp\/v2\/media?parent=263844"}],"wp:term":[{"taxonomy":"product_brand","embeddable":true,"href":"https:\/\/baldumarket.lt\/lt\/wp-json\/wp\/v2\/product_brand?post=263844"},{"taxonomy":"product_cat","embeddable":true,"href":"https:\/\/baldumarket.lt\/lt\/wp-json\/wp\/v2\/product_cat?post=263844"},{"taxonomy":"product_tag","embeddable":true,"href":"https:\/\/baldumarket.lt\/lt\/wp-json\/wp\/v2\/product_tag?post=263844"}],"curies":[{"name":"wp","href":"https:\/\/api.w.org\/{rel}","templated":true}]}}