{"id":263825,"date":"2026-01-13T23:45:41","date_gmt":"2026-01-13T20:45:41","guid":{"rendered":"https:\/\/baldumarket.lt\/product\/regal-kaspian-90-cm-bialy\/"},"modified":"2026-02-11T18:18:57","modified_gmt":"2026-02-11T15:18:57","slug":"regal-kaspian-90-cm-bialy","status":"publish","type":"product","link":"https:\/\/baldumarket.lt\/lt\/product\/regal-kaspian-90-cm-bialy\/","title":{"rendered":"KASPIAN lentyna, 90 cm, balta"},"content":{"rendered":"<p>\u201eKaspian\u201c knyg\u0173 spinta \u2013 prakti\u0161ka knyg\u0173 lentyna j\u016bs\u0173 interjerui. \u201eKaspian Furniture\u201c \u2013 tai prek\u0117s \u017eenklas, puikiai suprantantis funkcionali\u0173 ir prakti\u0161k\u0173 sprendim\u0173 savo interjerui ie\u0161kan\u010di\u0173j\u0173 poreikius. \u201eKaspian\u201c knyg\u0173 lentyna yra puikus bald\u0173, kuriuose derinamas funkcionalumas ir estetika, pavyzdys. Panagrin\u0117kime atid\u017eiau, kod\u0117l \u0161i knyg\u0173 lentyna yra puikus pasirinkimas.<br \/>\n\u201eKaspian\u201c knyg\u0173 spinta turi penkias atviras lentynas, kurios suteikia puiki\u0105 erdv\u0119 laikyti ir eksponuoti dekoratyvinius daiktus, knygas ar kitus daiktus, kuriuos norite tur\u0117ti po ranka. Tai puikus sprendimas tiems, kurie vertina tvark\u0105 ir estetik\u0105. Subtiliai pastorintos knyg\u0173 lentynos \u0161onai ne tik suteikia jai unikalumo, bet ir sustiprina jos strukt\u016br\u0105. Tai u\u017etikrina, kad baldas tarnaus daugel\u012f met\u0173, nepriklausomai nuo apkrovos ir intensyvaus naudojimo.<br \/>\n\u201eKaspian\u201c knyg\u0173 lentyna puikiai dera su kitais \u201eKaspian\u201c sistemos elementais. D\u0117l plataus \u012fvairi\u0173 dyd\u017ei\u0173 ir funkcij\u0173 spinteli\u0173 asortimento galite sukurti stilingus ir funkcionalius interjerus \u012fvairiuose savo nam\u0173 kambariuose. Tai leid\u017eia sukurti darn\u0173 ir suasmenint\u0105 interjero dizain\u0105. Universalus pritaikymas<br \/>\nD\u0117l savo universalumo \u201eKaspian\u201c knyg\u0173 lentyna gali b\u016bti naudojama daugelyje kambari\u0173, pavyzd\u017eiui, svetain\u0117je, biure, miegamajame ar net virtuv\u0117je. Tai baldas, kuris prisitaiko prie j\u016bs\u0173 poreiki\u0173 ir gali atlikti \u012fvairias funkcijas skirtingose nam\u0173 vietose.<br \/>\n\u201eKaspian\u201c knyg\u0173 lentyna derina estetin\u012f dizain\u0105 su funkcionalumu. Tai ne tik prakti\u0161ka knyg\u0173 lentyna, bet ir dekoratyvinis elementas, suteikiantis j\u016bs\u0173 interjerui unikalumo ir stiliaus. \u0160io baldo d\u0117ka j\u016bs\u0173 kambariai \u012fgis charakterio ir taps jaukesni. Trumpai tariant, \u201eKaspian\u201c knyg\u0173 lentyna yra ne tik daikt\u0173 laikymo vieta; tai unikali knyg\u0173 lentyna, puikiai atitinkanti \u0161iuolaikinio interjero dizaino poreikius. Funkcionalumas, estetika ir universalumas yra savyb\u0117s, i\u0161skirian\u010dios \u0161\u012f bald\u0105. Taigi, jei ie\u0161kote tobulo b\u016bdo laikyti ir eksponuoti savo m\u0117gstamiausius daiktus, \u201eKaspian\u201c knyg\u0173 lentyna tikrai pateisins j\u016bs\u0173 l\u016bkes\u010dius ir taps ne tik prakti\u0161ku, bet ir dekoratyviniu elementu j\u016bs\u0173 interjere.<\/p>\n<p>Prek\u0117s kodas S128-REG\/90-BI Simbolis ZM EAN Plotis 90 cm Gylis 40,5 cm Auk\u0161tis 200,5 cm Kolekcija Kaspian Spalva balta Atspalvis baltas Stilius modernus Dureli\u0173 skai\u010dius be dur\u0173 Stal\u010di\u0173 skai\u010dius be stal\u010di\u0173 Gamintojas Juoda Raudona Balta Bald\u0173 tipas Lentynos ir vitrinos PVM mokestis 23% EAN 5906123883788<\/p>","protected":false},"excerpt":{"rendered":"<p>\u201eKaspian\u201c knyg\u0173 spinta \u2013 prakti\u0161ka knyg\u0173 lentyna j\u016bs\u0173 interjerui. \u201eKaspian Furniture\u201c \u2013 tai prek\u0117s \u017eenklas, puikiai suprantantis funkcionali\u0173 ir prakti\u0161k\u0173 sprendim\u0173 savo interjerui ie\u0161kan\u010di\u0173j\u0173 poreikius. \u201eKaspian\u201c knyg\u0173 lentyna yra puikus bald\u0173, kuriuose derinamas funkcionalumas ir estetika, pavyzdys. Panagrin\u0117kime atid\u017eiau, kod\u0117l \u0161i knyg\u0173 lentyna yra [\u2026]<\/p>","protected":false},"featured_media":263826,"comment_status":"open","ping_status":"open","template":"","meta":[],"product_brand":[],"product_cat":[9200,1987],"product_tag":[],"class_list":{"0":"post-263825","1":"product","2":"type-product","3":"status-publish","4":"has-post-thumbnail","6":"product_cat-black-red-white","7":"product_cat-shelving-units","9":"first","10":"instock","11":"purchasable","12":"product-type-simple"},"_links":{"self":[{"href":"https:\/\/baldumarket.lt\/lt\/wp-json\/wp\/v2\/product\/263825","targetHints":{"allow":["GET"]}}],"collection":[{"href":"https:\/\/baldumarket.lt\/lt\/wp-json\/wp\/v2\/product"}],"about":[{"href":"https:\/\/baldumarket.lt\/lt\/wp-json\/wp\/v2\/types\/product"}],"replies":[{"embeddable":true,"href":"https:\/\/baldumarket.lt\/lt\/wp-json\/wp\/v2\/comments?post=263825"}],"wp:featuredmedia":[{"embeddable":true,"href":"https:\/\/baldumarket.lt\/lt\/wp-json\/wp\/v2\/media\/263826"}],"wp:attachment":[{"href":"https:\/\/baldumarket.lt\/lt\/wp-json\/wp\/v2\/media?parent=263825"}],"wp:term":[{"taxonomy":"product_brand","embeddable":true,"href":"https:\/\/baldumarket.lt\/lt\/wp-json\/wp\/v2\/product_brand?post=263825"},{"taxonomy":"product_cat","embeddable":true,"href":"https:\/\/baldumarket.lt\/lt\/wp-json\/wp\/v2\/product_cat?post=263825"},{"taxonomy":"product_tag","embeddable":true,"href":"https:\/\/baldumarket.lt\/lt\/wp-json\/wp\/v2\/product_tag?post=263825"}],"curies":[{"name":"wp","href":"https:\/\/api.w.org\/{rel}","templated":true}]}}