{"id":263817,"date":"2026-01-13T23:45:36","date_gmt":"2026-01-13T20:45:36","guid":{"rendered":"https:\/\/baldumarket.lt\/product\/regal-jednodrzwiowy-z-szuflada-weston-75-cm-sosna-old-style-ciemna-matera\/"},"modified":"2026-02-11T18:18:57","modified_gmt":"2026-02-11T15:18:57","slug":"regal-jednodrzwiowy-z-szuflada-weston-75-cm-sosna-old-style-ciemna-matera","status":"publish","type":"product","link":"https:\/\/baldumarket.lt\/lt\/product\/regal-jednodrzwiowy-z-szuflada-weston-75-cm-sosna-old-style-ciemna-matera\/","title":{"rendered":"WESTON vien\u0173 dur\u0173 knyg\u0173 lentyna su stal\u010diumi, 75 cm, senovinio stiliaus, tamsi pu\u0161is\/\u010diu\u017einys"},"content":{"rendered":"<p>\u201eWeston\u201c knyg\u0173 spinta \u2013 stilingas ir funkcionalus dizaino elementas. Augantis vaikas kei\u010dia ne tik asmenyb\u0119, bet ir skon\u012f bei stili\u0173. \u201eWeston\u201c jaunimo bald\u0173 kolekcija atitinka \u0161iuos poreikius, o \u0161ios serijos knyg\u0173 lentyna yra ne tik prakti\u0161kas sprendimas, bet ir ry\u0161kus dizaino elementas. Lofto stiliaus \u201eWeston\u201c knyg\u0173 lentyna puikiai derina funkcionalum\u0105 su galimybe eksponuoti m\u0117gstamus daiktus. Penkios atviros lentynos \u2013 puiki vieta apdovanojimams, knygoms ar stalo \u017eaidimams, viskas gra\u017eiai eksponuojama. Prakti\u0161kas stal\u010dius leid\u017eia laikyti smulkius daiktus, o spintel\u0117 leid\u017eia pasl\u0117pti visk\u0105, ko neb\u016btinai reikia eksponuoti. Knyg\u0173 lentynos dizain\u0105 i\u0161skiria pastorinti \u0161onai ir vir\u0161us, taip pat tvirtos rankenos, suteikian\u010dios jai minimalistin\u012f charakter\u012f. Meni\u0161ko \u0105\u017euolo fasadai harmoningai papildo tams\u0173 \u201eMatera\u201c korpus\u0105, sukurdami darni\u0105 visum\u0105. Knyg\u0173 lentynos matmenys (75 x 40 x 200,5 cm) puikiai tinka ma\u017eoms erdv\u0117ms, nes padeda i\u0161vengti perkrovos ir efektyviai i\u0161naudoti turim\u0105 erdv\u0119. \u201eWeston\u201c knyg\u0173 lentyna gali tilpti \u0161alia lovos, spintos ar stalo, tod\u0117l jaunimo kambaryje ji tampa funkcionaliu ir stilingu elementu. Galima rinktis i\u0161 dviej\u0173 spalv\u0173 (senovinio stiliaus pu\u0161ies \/ Matera ir artisan \u0105\u017euolo \/ Matera), tod\u0117l galite j\u0105 pritaikyti pagal savo individualius pageidavimus ir interjero stili\u0173. Trumpai tariant, \u201eWeston\u201c knyg\u0173 lentyna si\u016blo ne tik erdv\u0119 daiktams susid\u0117ti; ji taip pat suteikia jaunimo kambariui dizaino akcent\u0105. Tai puikus sprendimas tiems, kurie vertina ir funkcionalum\u0105, ir estetik\u0105 interjero dizaine.<\/p>\n<p>Prek\u0117s kodas S483-REG1D1S-SOSTC\/MTA Simbolis ZM EAN Plotis 75 cm Gylis 40 cm Auk\u0161tis 200,5 cm Kolekcija Weston Spalva senovinio stiliaus tamsi pu\u0161is\/matera Gaubtas tamsi mediena Stilius modernus Med\u017eiaga laminatas Dureli\u0173 skai\u010dius 1 dur\u0173 Stal\u010di\u0173 skai\u010dius 1 stal\u010dius Rankena su rankenomis Gamintojas Juoda Raudona Balta Bald\u0173 tipas Lentynos ir vitrinos PVM mokestis 23% EAN 5906123708401<\/p>","protected":false},"excerpt":{"rendered":"<p>The Weston Bookcase \u2013 A Stylish and Functional Design Element. A growing child brings changes not only in personality but also in taste and style. The Weston youth furniture collection addresses these needs, and the bookcase from this series is not only a practical solution but also a striking design element. The loft-style Weston bookcase [&hellip;]<\/p>","protected":false},"featured_media":263818,"comment_status":"open","ping_status":"open","template":"","meta":[],"product_brand":[],"product_cat":[9200,1987],"product_tag":[],"class_list":{"0":"post-263817","1":"product","2":"type-product","3":"status-publish","4":"has-post-thumbnail","6":"product_cat-black-red-white","7":"product_cat-shelving-units","9":"first","10":"instock","11":"purchasable","12":"product-type-simple"},"_links":{"self":[{"href":"https:\/\/baldumarket.lt\/lt\/wp-json\/wp\/v2\/product\/263817","targetHints":{"allow":["GET"]}}],"collection":[{"href":"https:\/\/baldumarket.lt\/lt\/wp-json\/wp\/v2\/product"}],"about":[{"href":"https:\/\/baldumarket.lt\/lt\/wp-json\/wp\/v2\/types\/product"}],"replies":[{"embeddable":true,"href":"https:\/\/baldumarket.lt\/lt\/wp-json\/wp\/v2\/comments?post=263817"}],"wp:featuredmedia":[{"embeddable":true,"href":"https:\/\/baldumarket.lt\/lt\/wp-json\/wp\/v2\/media\/263818"}],"wp:attachment":[{"href":"https:\/\/baldumarket.lt\/lt\/wp-json\/wp\/v2\/media?parent=263817"}],"wp:term":[{"taxonomy":"product_brand","embeddable":true,"href":"https:\/\/baldumarket.lt\/lt\/wp-json\/wp\/v2\/product_brand?post=263817"},{"taxonomy":"product_cat","embeddable":true,"href":"https:\/\/baldumarket.lt\/lt\/wp-json\/wp\/v2\/product_cat?post=263817"},{"taxonomy":"product_tag","embeddable":true,"href":"https:\/\/baldumarket.lt\/lt\/wp-json\/wp\/v2\/product_tag?post=263817"}],"curies":[{"name":"wp","href":"https:\/\/api.w.org\/{rel}","templated":true}]}}