{"id":263813,"date":"2026-01-13T23:45:32","date_gmt":"2026-01-13T20:45:32","guid":{"rendered":"https:\/\/baldumarket.lt\/product\/regal-jednodrzwiowy-z-szuflada-nuis-50-cm-dab-wotan-bialy-polysk\/"},"modified":"2026-02-11T18:18:57","modified_gmt":"2026-02-11T15:18:57","slug":"regal-jednodrzwiowy-z-szuflada-nuis-50-cm-dab-wotan-bialy-polysk","status":"publish","type":"product","link":"https:\/\/baldumarket.lt\/lt\/product\/regal-jednodrzwiowy-z-szuflada-nuis-50-cm-dab-wotan-bialy-polysk\/","title":{"rendered":"Vien\u0173 dur\u0173 knyg\u0173 lentyna su stal\u010diumi NUIS 50 cm wotan \u0105\u017euolas\/balta blizgi spalva"},"content":{"rendered":"<p>\u201eNuis\u201c knyg\u0173 lentyna \u2013 stilinga ir tvarkinga. Su \u201eNuis\u201c knyg\u0173 lentyna suteikite savo paauglio kambariui elegancijos ir funkcionalumo. Tai ne tik vadov\u0117li\u0173 ir s\u0105siuvini\u0173 laikymo vieta, bet ir stilingas elementas, suteikiantis interjerui modernumo. Trys atviros knyg\u0173 lentynos idealiai tinka mokykliniams vadov\u0117liams, s\u0105siuviniams ar m\u0117gstamoms knygoms susid\u0117ti. Stal\u010dius puikiai tinka smulkiems daiktams laikyti, o apatin\u0117je spintel\u0117je \u2013 didesniems daiktams, pavyzd\u017eiui, stalo \u017eaidimams ir mokyklin\u0117ms prek\u0117ms. Knyg\u0173 lentynos r\u0117mas apdailintas \u0161iltu Wotano \u0105\u017euolo atspalviu, kuris sukuria harmoning\u0105 fon\u0105 laminuotiems baltos spalvos fasadams. Dekoratyvin\u0117 juostel\u0117, kuri\u0105 galima rinktis i\u0161 dviej\u0173 spalv\u0173 (baltos arba Wotano \u0105\u017euolo), suteikia knyg\u0173 lentynai modernumo. 50 cm plo\u010dio knyg\u0173 lentyna puikiai tinka ma\u017eesn\u0117ms erdv\u0117ms, nes u\u017etikrina prakti\u0161k\u0105 daikt\u0173 laikym\u0105 ir estetin\u012f patrauklum\u0105. Derinkite j\u0105 su kitais \u201eNuis\u201c kolekcijos gaminiais, kad sukurtum\u0117te darn\u0173 ir funkcional\u0173 jaunimo kambario dizain\u0105.<\/p>\n<p>Prek\u0117s kodas S396-REG1D1S-DWO\/BIP Simbolis ZM EAN Plotis 50 cm Gylis 39,5 cm Auk\u0161tis 197,5 cm Kolekcija \u201eNuis\u201c Spalva wotan \u0105\u017euolas\/blizgi balta Gaubtas \u0161viesi mediena Stilius modernus Med\u017eiaga laminatas Dureli\u0173 skai\u010dius 1 dur\u0173 Stal\u010di\u0173 skai\u010dius 1 stal\u010dius Rankena be ranken\u0117li\u0173 Gamintojas Juoda Raudona Balta Baldo tipas Lentynos ir vitrinos PVM 23% EAN 5906123929608<\/p>","protected":false},"excerpt":{"rendered":"<p>\u201eNuis\u201c knyg\u0173 lentyna \u2013 stilinga ir tvarkinga. Su \u201eNuis\u201c knyg\u0173 lentyna suteikite savo paauglio kambariui elegancijos ir funkcionalumo. Tai ne tik vadov\u0117li\u0173 ir s\u0105siuvini\u0173 laikymo vieta, bet ir stilingas elementas, suteikiantis interjerui modernumo. Trys atviros knyg\u0173 lentynos idealiai tinka mokyklini\u0173 vadov\u0117li\u0173, s\u0105siuvini\u0173, [\u2026] tvarkingam laikymui.<\/p>","protected":false},"featured_media":263814,"comment_status":"open","ping_status":"open","template":"","meta":[],"product_brand":[],"product_cat":[9200,1987],"product_tag":[],"class_list":{"0":"post-263813","1":"product","2":"type-product","3":"status-publish","4":"has-post-thumbnail","6":"product_cat-black-red-white","7":"product_cat-shelving-units","9":"first","10":"instock","11":"purchasable","12":"product-type-simple"},"_links":{"self":[{"href":"https:\/\/baldumarket.lt\/lt\/wp-json\/wp\/v2\/product\/263813","targetHints":{"allow":["GET"]}}],"collection":[{"href":"https:\/\/baldumarket.lt\/lt\/wp-json\/wp\/v2\/product"}],"about":[{"href":"https:\/\/baldumarket.lt\/lt\/wp-json\/wp\/v2\/types\/product"}],"replies":[{"embeddable":true,"href":"https:\/\/baldumarket.lt\/lt\/wp-json\/wp\/v2\/comments?post=263813"}],"wp:featuredmedia":[{"embeddable":true,"href":"https:\/\/baldumarket.lt\/lt\/wp-json\/wp\/v2\/media\/263814"}],"wp:attachment":[{"href":"https:\/\/baldumarket.lt\/lt\/wp-json\/wp\/v2\/media?parent=263813"}],"wp:term":[{"taxonomy":"product_brand","embeddable":true,"href":"https:\/\/baldumarket.lt\/lt\/wp-json\/wp\/v2\/product_brand?post=263813"},{"taxonomy":"product_cat","embeddable":true,"href":"https:\/\/baldumarket.lt\/lt\/wp-json\/wp\/v2\/product_cat?post=263813"},{"taxonomy":"product_tag","embeddable":true,"href":"https:\/\/baldumarket.lt\/lt\/wp-json\/wp\/v2\/product_tag?post=263813"}],"curies":[{"name":"wp","href":"https:\/\/api.w.org\/{rel}","templated":true}]}}