{"id":263805,"date":"2026-01-13T23:45:27","date_gmt":"2026-01-13T20:45:27","guid":{"rendered":"https:\/\/baldumarket.lt\/product\/regal-jednodrzwiowy-z-szuflada-luca-juzi-60-cm-modrzew-sibiu-jasny-dab-sonoma-ciemny\/"},"modified":"2026-02-11T18:18:57","modified_gmt":"2026-02-11T15:18:57","slug":"regal-jednodrzwiowy-z-szuflada-luca-juzi-60-cm-modrzew-sibiu-jasny-dab-sonoma-ciemny","status":"publish","type":"product","link":"https:\/\/baldumarket.lt\/lt\/product\/regal-jednodrzwiowy-z-szuflada-luca-juzi-60-cm-modrzew-sibiu-jasny-dab-sonoma-ciemny\/","title":{"rendered":"LUCA JUZI vien\u0173 dur\u0173 knyg\u0173 lentyna su stal\u010diumi, 60 cm, \u0161viesus Sibiu maumedis\/tamsus Sonoma \u0105\u017euolas"},"content":{"rendered":"<p>\u201eLuca Juzi\u201c knyg\u0173 spinta \u2013 Provanso \u017eavesio demonstravimui ir laikymui. \u0160i knyg\u0173 spinta, priklausanti \u201eLuca Juzi\u201c kolekcijai, kuri yra duokl\u0117 Provanso stiliui, ne tik atlieka praktin\u0119 saugojimo funkcij\u0105, bet ir tampa ekspozicijos erdve, kurioje kiekvienas daiktas \u012fgauna ypating\u0105 reik\u0161m\u0119. \u201eLuca Juzi\u201c knyg\u0173 spinta yra puikus sprendimas \u012fvairiems daiktams eksponuoti ir laikyti. Dviejose lentynose galite sud\u0117ti knygas, dekoratyvinius daiktus ar suvenyrus, taip sukurdami unikali\u0105 atmosfer\u0105. Be to, patogus stal\u010dius ir erdvi spintel\u0117 padeda palaikyti tvark\u0105, pasl\u0117pdami retai naudojamus daiktus. Knyg\u0173 lentynos korpusas ir priekin\u0117 dalis apdailinti \u0161viesia Sibiu maumed\u017eio mediena, o vir\u0161utinis kra\u0161tas \u2013 tamsaus Sonoma \u0105\u017euolo mediena, suteikian\u010dia baldui eleganti\u0161k\u0105 charakter\u012f. I\u0161skirtiniai groteli\u0173 kra\u0161tai ir matomas ra\u0161tas suteikia knyg\u0173 lentynai unikalaus \u017eavesio, perkeldami interjer\u0105 \u012f vaizdingus Provanso kra\u0161tovaizd\u017eius. Tvirtos, sendinto gele\u017eies rankenos ne tik atlieka praktin\u0119 funkcij\u0105, palengvindamos stal\u010di\u0173 ir spinteli\u0173 atidarym\u0105, bet ir puikiai papildo kolekcijos charakter\u012f, suteikdamos industrin\u012f akcent\u0105. Auk\u0161ta knyg\u0173 lentyna puikiai papildo ra\u0161om\u0105j\u012f stal\u0105 neu\u017eimdama per daug vietos, tod\u0117l yra idealus elementas \u012fvairiems kambario i\u0161d\u0117stymams. Sukurkite pilnai funkcionali\u0105 erdv\u0119, naudodami \u012fvairius \u201eLuca Juzi\u201c kolekcijos elementus, tokius kaip ra\u0161omasis stalas, drabu\u017ei\u0173 spinta, lova, naktinis staliukas, lentynos ir televizoriaus staliukas. Leiskite savo gyvenamajai erdvei pasinerti \u012f \u0161vies\u0173, esteti\u0161k\u0105 interjer\u0105, kuriame daikt\u0173 laikymas tampa meno forma. \u201eLuca Juzi\u201c knyg\u0173 lentyna \u2013 tai daugiau nei baldas \u2013 j\u016bs\u0173 asmeninio gyvenimo b\u016bdo pavyzdys.<\/p>\n<p>Prek\u0117s kodas S328-REG1D1S-MSJ\/DSOC Simbolis ZM EAN Plotis 60 cm Gylis 43 cm Auk\u0161tis 200,5 cm Kolekcija Luca Juzi Spalva \u0161viesi Sibiu maumedis \/ tamsus sonoma \u0105\u017euolas Gaubtas \u0161viesi mediena Stilius modernus Med\u017eiaga laminatas Dureli\u0173 skai\u010dius 1 dur\u0173 Stal\u010di\u0173 skai\u010dius 1 stal\u010dius Rankena su rankenomis Gamintojas Juoda Raudona Balta Bald\u0173 tipas Lentynos ir vitrinos PVM mokestis 23% EAN 5906123925686<\/p>","protected":false},"excerpt":{"rendered":"<p>\u201eLuca Juzi\u201c knyg\u0173 lentyna \u2013 Provanso \u017eavesio kupina ekspozicija ir laikymas. \u0160i \u201eLuca Juzi\u201c kolekcijos, duokl\u0117s Provanso stiliui, dalis ne tik atlieka praktin\u0119 daikt\u0173 laikymo funkcij\u0105, bet ir tampa ekspozicijos erdve, kurioje kiekvienas daiktas \u012fgauna ypating\u0105 reik\u0161m\u0119. \u201eLuca Juzi\u201c knyg\u0173 lentyna yra puikus sprendimas eksponuoti ir laikyti [\u2026]<\/p>","protected":false},"featured_media":263806,"comment_status":"open","ping_status":"open","template":"","meta":[],"product_brand":[],"product_cat":[9200,1987],"product_tag":[],"class_list":{"0":"post-263805","1":"product","2":"type-product","3":"status-publish","4":"has-post-thumbnail","6":"product_cat-black-red-white","7":"product_cat-shelving-units","9":"first","10":"instock","11":"purchasable","12":"product-type-simple"},"_links":{"self":[{"href":"https:\/\/baldumarket.lt\/lt\/wp-json\/wp\/v2\/product\/263805","targetHints":{"allow":["GET"]}}],"collection":[{"href":"https:\/\/baldumarket.lt\/lt\/wp-json\/wp\/v2\/product"}],"about":[{"href":"https:\/\/baldumarket.lt\/lt\/wp-json\/wp\/v2\/types\/product"}],"replies":[{"embeddable":true,"href":"https:\/\/baldumarket.lt\/lt\/wp-json\/wp\/v2\/comments?post=263805"}],"wp:featuredmedia":[{"embeddable":true,"href":"https:\/\/baldumarket.lt\/lt\/wp-json\/wp\/v2\/media\/263806"}],"wp:attachment":[{"href":"https:\/\/baldumarket.lt\/lt\/wp-json\/wp\/v2\/media?parent=263805"}],"wp:term":[{"taxonomy":"product_brand","embeddable":true,"href":"https:\/\/baldumarket.lt\/lt\/wp-json\/wp\/v2\/product_brand?post=263805"},{"taxonomy":"product_cat","embeddable":true,"href":"https:\/\/baldumarket.lt\/lt\/wp-json\/wp\/v2\/product_cat?post=263805"},{"taxonomy":"product_tag","embeddable":true,"href":"https:\/\/baldumarket.lt\/lt\/wp-json\/wp\/v2\/product_tag?post=263805"}],"curies":[{"name":"wp","href":"https:\/\/api.w.org\/{rel}","templated":true}]}}