{"id":263801,"date":"2026-01-13T23:45:24","date_gmt":"2026-01-13T20:45:24","guid":{"rendered":"https:\/\/baldumarket.lt\/product\/regal-jednodrzwiowy-z-dwoma-szufladami-nuis-90-cm-dab-wotan-bialy-polysk\/"},"modified":"2026-02-11T18:18:57","modified_gmt":"2026-02-11T15:18:57","slug":"regal-jednodrzwiowy-z-dwoma-szufladami-nuis-90-cm-dab-wotan-bialy-polysk","status":"publish","type":"product","link":"https:\/\/baldumarket.lt\/lt\/product\/regal-jednodrzwiowy-z-dwoma-szufladami-nuis-90-cm-dab-wotan-bialy-polysk\/","title":{"rendered":"Vien\u0173 dur\u0173 knyg\u0173 lentyna su dviem stal\u010diais NUIS 90 cm Wotan \u0105\u017euolas\/blizgi balta"},"content":{"rendered":"<p>\u201eNuis\u201c knyg\u0173 lentyna \u2013 organizavimo menas jaunimui. Jei kei\u010diate jaunimo kambario interjer\u0105, apsvarstykite \u201eNuis\u201c knyg\u0173 lentyn\u0105, kuri ne tik suteiks tvarkos, bet ir stilingo \u017eavesio. \u0160is baldas puikiai derina funkcionalum\u0105 su moderniu dizainu, sukurdamas maloni\u0105 viet\u0105 mokymuisi ir poilsiui. \u0160i \u017eemo profilio, ta\u010diau didel\u0117s talpos knyg\u0173 lentyna yra puikus pasirinkimas jaunimo kambariui. Dvi atviros lentynos leid\u017eia laikyti vadov\u0117lius, knygas ir dekoracijas. Du kompakti\u0161ki stal\u010diai puikiai tinka smulkiems daiktams, pavyzd\u017eiui, ra\u0161ikliams, pie\u0161tukams ar s\u0105siuviniams. \u0160ilto \u201eWotan\u201c \u0105\u017euolo atspalvio korpusas dera su baltais, veidrodiniais fasadais, suteikdamas knyg\u0173 lentynai modernumo. Dviej\u0173 spalv\u0173 dekoratyvin\u0117 juostel\u0117 suteikia subtilumo ir charakterio. 90 cm plo\u010dio knyg\u0173 lentyna puikiai tinka \u012fvairi\u0173 dyd\u017ei\u0173 kambariams \u2013 nuo ma\u017eesni\u0173 iki erdvesni\u0173 patalp\u0173. Derindami \u201eNuis\u201c knyg\u0173 lentyn\u0105 su kitais kolekcijos elementais, galite sukurti visapusi\u0161k\u0105 ir stiling\u0105 jaunimo kambario i\u0161d\u0117stym\u0105. Dabar prad\u0117kite k\u016brybi\u0161kai tvarkyti erdv\u0119 ir m\u0117gaukit\u0117s rezultatais!<\/p>\n<p>Prek\u0117s kodas S396-REG1D2S-DWO\/BIP Simbolis ZM EAN Plotis 90 cm Gylis 39,5 cm Auk\u0161tis 147,5 cm Kolekcija \u201eNuis\u201c Spalva wotan \u0105\u017euolas\/blizgi balta Gaubtas \u0161viesi mediena Stilius modernus Med\u017eiaga laminatas Dureli\u0173 skai\u010dius 1 dur\u0173 Stal\u010di\u0173 skai\u010dius 2 stal\u010diai Rankena be ranken\u0117li\u0173 Gamintojas Juoda Raudona Balta Baldo tipas Lentynos ir vitrinos PVM 23% EAN 5906123929660<\/p>","protected":false},"excerpt":{"rendered":"<p>\u201eNuis\u201c knyg\u0173 lentyna \u2013 organizavimo menas jaunimui. Atlikdami pakeitimus jaunimo kambaryje, apsvarstykite \u201eNuis\u201c knyg\u0173 lentyn\u0105, kuri ne tik suteiks tvarkos, bet ir suteiks stilingo \u017eavesio. \u0160is baldas puikiai derina funkcionalum\u0105 ir modern\u0173 dizain\u0105, sukurdamas maloni\u0105 viet\u0105 mokymuisi ir poilsiui. \u0160i \u017eemo profilio, bet didel\u0117s talpos knyg\u0173 lentyna yra [\u2026]<\/p>","protected":false},"featured_media":263802,"comment_status":"open","ping_status":"open","template":"","meta":[],"product_brand":[],"product_cat":[9200,1177],"product_tag":[],"class_list":{"0":"post-263801","1":"product","2":"type-product","3":"status-publish","4":"has-post-thumbnail","6":"product_cat-black-red-white","7":"product_cat-wardrobes","9":"first","10":"instock","11":"purchasable","12":"product-type-simple"},"_links":{"self":[{"href":"https:\/\/baldumarket.lt\/lt\/wp-json\/wp\/v2\/product\/263801","targetHints":{"allow":["GET"]}}],"collection":[{"href":"https:\/\/baldumarket.lt\/lt\/wp-json\/wp\/v2\/product"}],"about":[{"href":"https:\/\/baldumarket.lt\/lt\/wp-json\/wp\/v2\/types\/product"}],"replies":[{"embeddable":true,"href":"https:\/\/baldumarket.lt\/lt\/wp-json\/wp\/v2\/comments?post=263801"}],"wp:featuredmedia":[{"embeddable":true,"href":"https:\/\/baldumarket.lt\/lt\/wp-json\/wp\/v2\/media\/263802"}],"wp:attachment":[{"href":"https:\/\/baldumarket.lt\/lt\/wp-json\/wp\/v2\/media?parent=263801"}],"wp:term":[{"taxonomy":"product_brand","embeddable":true,"href":"https:\/\/baldumarket.lt\/lt\/wp-json\/wp\/v2\/product_brand?post=263801"},{"taxonomy":"product_cat","embeddable":true,"href":"https:\/\/baldumarket.lt\/lt\/wp-json\/wp\/v2\/product_cat?post=263801"},{"taxonomy":"product_tag","embeddable":true,"href":"https:\/\/baldumarket.lt\/lt\/wp-json\/wp\/v2\/product_tag?post=263801"}],"curies":[{"name":"wp","href":"https:\/\/api.w.org\/{rel}","templated":true}]}}