{"id":263779,"date":"2026-01-13T23:45:00","date_gmt":"2026-01-13T20:45:00","guid":{"rendered":"https:\/\/baldumarket.lt\/product\/regal-jednodrzwiowy-z-dwoma-szufladami-kaspian-56-cm-bialy-dab-sonoma\/"},"modified":"2026-02-11T18:18:57","modified_gmt":"2026-02-11T15:18:57","slug":"regal-jednodrzwiowy-z-dwoma-szufladami-kaspian-56-cm-bialy-dab-sonoma","status":"publish","type":"product","link":"https:\/\/baldumarket.lt\/lt\/product\/regal-jednodrzwiowy-z-dwoma-szufladami-kaspian-56-cm-bialy-dab-sonoma\/","title":{"rendered":"KASPIAN knyg\u0173 spinta su vienomis durel\u0117mis ir dviem stal\u010diais, 56 cm, balta\/sonoma \u0105\u017euolas"},"content":{"rendered":"<p>U\u017edara lentyna \u201eKaspian\u201c \u2013 tobulas daikt\u0173 laikymo papildymas. \u201eKaspian\u201c kolekcija \u2013 puikus pasirinkimas tiems, kurie vertina paprastum\u0105 ir estetik\u0105 savo interjere. U\u017edara lentyna \u201eKaspian\u201c puikiai atitinka \u0161i\u0105 koncepcij\u0105, si\u016blydama erdv\u0119 daiktams susid\u0117ti ir paprast\u0105, modern\u0173 dizain\u0105. \u0160i lentyn\u0173 sistema yra puikus sprendimas tiems, kuriems reikia vietos byloms, aplankams, segtuvams ir kitiems tvarkingus daiktams. \u0160i lentyn\u0173 sistema puikiai tinka tiek biurui, tiek svetainei. U\u017e tvirtos lentyn\u0173 sistemos dalies slypi prakti\u0161kos lentynos, kurios palengvina \u012fvairi\u0173 daikt\u0173, \u012fskaitant dokumentus, laikym\u0105 ir tvarkym\u0105. Be to, lentyn\u0173 sistema turi du stal\u010dius, kuriuos galima naudoti ma\u017eesniems daiktams laikyti. Pastorintos korpuso pus\u0117s, supan\u010dios ranken\u0117li\u0173 neturin\u010dius fasadus, sukuria tvirt\u0105 strukt\u016br\u0105. Tai rei\u0161kia, kad \u201eKaspian\u201c lentyn\u0173 sistema ne tik atrodo moderniai, bet ir yra patvari bei ilgaam\u017e\u0117. Verta atkreipti d\u0117mes\u012f \u012f plat\u0173 spalv\u0173 pasirinkim\u0105, i\u0161 kurio galite pasirinkti tinkam\u0105 savo namams faner\u0105. Fanera, atkurianti nat\u016bralaus med\u017eio ra\u0161to gro\u017e\u012f, suteikia lentynai unikali\u0105 i\u0161vaizd\u0105 ir harmoningai dera prie \u012fvairi\u0173 interjero stili\u0173. Auk\u0161ta \u201eKaspian\u201c lentyna gali b\u016bti naudojama atskirai arba kartu su kitais kolekcijos elementais, tokiais kaip komoda, televizoriaus staliukas ar vitrina. Galimyb\u0117 derinti \u012fvairius elementus leid\u017eia sukurti ergonomi\u0161k\u0105 erdv\u0119 ir pritaikyti baldus individualiems poreikiams bei pageidavimams. Trumpai tariant, u\u017edara \u201eKaspian\u201c lentyna puikiai papildo j\u016bs\u0173 interjero daikt\u0173 laikymo sistem\u0105. Jos paprastas, modernus dizainas dera su funkcionalumu, tod\u0117l tai prakti\u0161kas ir esteti\u0161kai patrauklus baldas. D\u0117l plataus spalv\u0173 pasirinkimo ir galimyb\u0117s j\u0105 derinti su kitais \u201eKaspian\u201c kolekcijos elementais galite sukurti darn\u0173 ir funkcional\u0173 interjero dizain\u0105, kuriame ji atliks svarb\u0173 vaidmen\u012f organizuojant erdv\u0119.<\/p>\n<p>Prek\u0117s kodas S128-REG1D2S-BI\/DSO Simbolis ZM EAN Plotis 56 cm Gylis 40,5 cm Auk\u0161tis 200,5 cm Kolekcija Kaspian Spalva balta\/sonoma \u0105\u017euolas Gaubtas \u0161viesios medienos Stilius modernus Dureli\u0173 skai\u010dius 1 dur\u0173 Stal\u010di\u0173 skai\u010dius 2 stal\u010diai Rankena be ranken\u0117li\u0173 Gamintojas Juoda Raudona Balta Baldo tipas Lentynos ir vitrinos PVM 23% EAN 5906123883887<\/p>","protected":false},"excerpt":{"rendered":"<p>U\u017edara lentyna \u201eKaspian\u201c \u2013 tobulas daikt\u0173 laikymo papildymas. \u201eKaspian\u201c kolekcija \u2013 puikus pasirinkimas tiems, kurie vertina paprastum\u0105 ir estetik\u0105 savo interjere. U\u017edara lentyna \u201eKaspian\u201c puikiai atitinka \u0161i\u0105 koncepcij\u0105, si\u016blydama erdv\u0119 daiktams susid\u0117ti ir paprast\u0105, modern\u0173 dizain\u0105. \u0160i lentyn\u0173 sistema yra puikus sprendimas tiems, kuriems reikia vietos [\u2026]<\/p>","protected":false},"featured_media":263780,"comment_status":"open","ping_status":"open","template":"","meta":[],"product_brand":[],"product_cat":[9200,1177],"product_tag":[],"class_list":{"0":"post-263779","1":"product","2":"type-product","3":"status-publish","4":"has-post-thumbnail","6":"product_cat-black-red-white","7":"product_cat-wardrobes","9":"first","10":"instock","11":"purchasable","12":"product-type-simple"},"_links":{"self":[{"href":"https:\/\/baldumarket.lt\/lt\/wp-json\/wp\/v2\/product\/263779","targetHints":{"allow":["GET"]}}],"collection":[{"href":"https:\/\/baldumarket.lt\/lt\/wp-json\/wp\/v2\/product"}],"about":[{"href":"https:\/\/baldumarket.lt\/lt\/wp-json\/wp\/v2\/types\/product"}],"replies":[{"embeddable":true,"href":"https:\/\/baldumarket.lt\/lt\/wp-json\/wp\/v2\/comments?post=263779"}],"wp:featuredmedia":[{"embeddable":true,"href":"https:\/\/baldumarket.lt\/lt\/wp-json\/wp\/v2\/media\/263780"}],"wp:attachment":[{"href":"https:\/\/baldumarket.lt\/lt\/wp-json\/wp\/v2\/media?parent=263779"}],"wp:term":[{"taxonomy":"product_brand","embeddable":true,"href":"https:\/\/baldumarket.lt\/lt\/wp-json\/wp\/v2\/product_brand?post=263779"},{"taxonomy":"product_cat","embeddable":true,"href":"https:\/\/baldumarket.lt\/lt\/wp-json\/wp\/v2\/product_cat?post=263779"},{"taxonomy":"product_tag","embeddable":true,"href":"https:\/\/baldumarket.lt\/lt\/wp-json\/wp\/v2\/product_tag?post=263779"}],"curies":[{"name":"wp","href":"https:\/\/api.w.org\/{rel}","templated":true}]}}