{"id":263767,"date":"2026-01-13T23:44:46","date_gmt":"2026-01-13T20:44:46","guid":{"rendered":"https:\/\/baldumarket.lt\/product\/regal-jednodrzwiowy-niski-space-office-120-cm-dab-artisan\/"},"modified":"2026-02-11T18:18:57","modified_gmt":"2026-02-11T15:18:57","slug":"regal-jednodrzwiowy-niski-space-office-120-cm-dab-artisan","status":"publish","type":"product","link":"https:\/\/baldumarket.lt\/lt\/product\/regal-jednodrzwiowy-niski-space-office-120-cm-dab-artisan\/","title":{"rendered":"SPACE OFFICE \u017eema knyg\u0173 lentyna, vienv\u0117r\u0117s durys, 120 cm, \u0105\u017euolo spalvos"},"content":{"rendered":"<p>SPACE OFFICE u\u017edara lentyna \u2013 elegancija ir funkcionalumas viename. \u0160i moderni biuro lentyn\u0173 sistema yra ne tik prakti\u0161kas daikt\u0173 laikymo sprendimas, bet ir dizaino elementas, derinantis funkcionalum\u0105 su estetika. Dvigubos funkcijos dizainas su trimis atviromis lentynomis ir trimis rakinamomis durel\u0117mis leid\u017eia efektyviai valdyti erdv\u0119. Laminuota plok\u0161t\u0117, i\u0161 kurios pagaminta lentyn\u0173 sistema, u\u017etikrina ne tik patvarum\u0105, bet ir atsparum\u0105 \u012fbr\u0117\u017eimams bei pa\u017eeidimams. Rakinamos durel\u0117s su \u0161velnaus u\u017edarymo mechanizmu suteikia eleganti\u0161k\u0105 akcent\u0105. Patraukli nat\u016brali med\u017eio spalva suteikia jai universalumo, tod\u0117l j\u0105 lengva integruoti \u012f \u012fvairius interjero dizainus. Dideli matmenys (120 x 37 x 122 cm) leid\u017eia lentyn\u0173 sistemai b\u016bti universaliai ir lengvai pritaikomai \u012fvairioms erdv\u0117ms \u2013 ne tik biurams, bet ir virtuv\u0117ms bei koridoriams. A\u017e\u016brinis dizainas leid\u017eia pasiekti j\u0105 i\u0161 dviej\u0173 pusi\u0173, o tai dar labiau padidina jos funkcionalum\u0105. Tai ne tik daikt\u0173 laikymo baldas, bet ir stilingas aksesuaras, pabr\u0117\u017eiantis erdv\u0117s, kurioje ji yra, elegancij\u0105.<\/p>\n<p>Prek\u0117s kodas S479-REG1D\/120-DASN Simbolis ZM EAN Plotis 120 cm Gylis 37 cm Auk\u0161tis 122 cm Kolekcija Erdv\u0117 Biuras Spalva meni\u0161kas \u0105\u017euolas Atspalvis \u0161viesus medis Stilius modernus Med\u017eiaga laminatas Dureli\u0173 skai\u010dius 1 dur\u0173 Stal\u010di\u0173 skai\u010dius be stal\u010di\u0173 Rankena su rankenomis Gamintojas Juoda Raudona Balta Bald\u0173 tipas Lentynos ir vitrinos PVM mokestis 23% EAN 5906123707534<\/p>","protected":false},"excerpt":{"rendered":"<p>SPACE OFFICE Closed-Storage Shelf \u2013 Elegance and Functionality in One. This modern office shelving unit is not only a practical storage solution but also a design element that combines functionality with aesthetics. Its dual-function design, with three open shelves and three lockable doors, allows for efficient space management. The laminated board from which the shelving [&hellip;]<\/p>","protected":false},"featured_media":263768,"comment_status":"open","ping_status":"open","template":"","meta":[],"product_brand":[],"product_cat":[9200,1987],"product_tag":[],"class_list":{"0":"post-263767","1":"product","2":"type-product","3":"status-publish","4":"has-post-thumbnail","6":"product_cat-black-red-white","7":"product_cat-shelving-units","9":"first","10":"instock","11":"purchasable","12":"product-type-simple"},"_links":{"self":[{"href":"https:\/\/baldumarket.lt\/lt\/wp-json\/wp\/v2\/product\/263767","targetHints":{"allow":["GET"]}}],"collection":[{"href":"https:\/\/baldumarket.lt\/lt\/wp-json\/wp\/v2\/product"}],"about":[{"href":"https:\/\/baldumarket.lt\/lt\/wp-json\/wp\/v2\/types\/product"}],"replies":[{"embeddable":true,"href":"https:\/\/baldumarket.lt\/lt\/wp-json\/wp\/v2\/comments?post=263767"}],"wp:featuredmedia":[{"embeddable":true,"href":"https:\/\/baldumarket.lt\/lt\/wp-json\/wp\/v2\/media\/263768"}],"wp:attachment":[{"href":"https:\/\/baldumarket.lt\/lt\/wp-json\/wp\/v2\/media?parent=263767"}],"wp:term":[{"taxonomy":"product_brand","embeddable":true,"href":"https:\/\/baldumarket.lt\/lt\/wp-json\/wp\/v2\/product_brand?post=263767"},{"taxonomy":"product_cat","embeddable":true,"href":"https:\/\/baldumarket.lt\/lt\/wp-json\/wp\/v2\/product_cat?post=263767"},{"taxonomy":"product_tag","embeddable":true,"href":"https:\/\/baldumarket.lt\/lt\/wp-json\/wp\/v2\/product_tag?post=263767"}],"curies":[{"name":"wp","href":"https:\/\/api.w.org\/{rel}","templated":true}]}}