{"id":26376,"date":"2025-11-14T17:22:02","date_gmt":"2025-11-14T14:22:02","guid":{"rendered":"https:\/\/baldumarket.lt\/product\/silva\/"},"modified":"2026-03-24T16:37:41","modified_gmt":"2026-03-24T13:37:41","slug":"silva","status":"publish","type":"product","link":"https:\/\/baldumarket.lt\/lt\/product\/silva\/","title":{"rendered":"Silva"},"content":{"rendered":"<p>\u201eSilva\u201c sofa apjungia paprast\u0105, ta\u010diau netradicin\u012f dizain\u0105 su auk\u0161tos kokyb\u0117s med\u017eiagomis. Sukurta tiems, kurie vertina komfort\u0105 ir elegancij\u0105, \u0161i paprasta, ta\u010diau eleganti\u0161ka sofa yra puikus pasirinkimas ne tik svetain\u0117ms, bet ir biurams bei vie\u0161bu\u010diams. Ypa\u010d vertos d\u0117mesio sofos modernios, ilgos, juodo plieno kojel\u0117s. D\u0117l \u0161i\u0173 kojeli\u0173 ir audini\u0173 spalv\u0173 pasirinkimo sofa lengvai prisitaiko prie \u012fvairi\u0173 interjer\u0173. Be estetinio patrauklumo, \u201eSilva\u201c taip pat pasi\u017eymi funkcionalumu, kur\u012f u\u017etikrina erdvus patalyn\u0117s skyrius. \u012edomus dizainas taip pat puikiai tinka minimalistiniam interjerui, nes jos matmenys yra 236 x 95 x 90 centimetr\u0173. \u201eSilva\u201c sofa apr\u016bpinta patogiomis atlo\u0161o pagalv\u0117l\u0117mis, u\u017epildytomis T25 putomis, ir s\u0117dyn\u0117s pagalv\u0117l\u0117mis, u\u017epildytomis labai elastingomis HR putomis. Be to, sofa turi miegojimo funkcij\u0105, kurios pavir\u0161iaus plotas yra 200 x 145 centimetr\u0173, ir DL automatin\u012f mechanizm\u0105, skirt\u0105 lengvam i\u0161skleidimui.<\/p>","protected":false},"excerpt":{"rendered":"<p>\u201eSilva\u201c sofa pasi\u017eymi paprastu, ta\u010diau netradiciniu dizainu ir auk\u0161tos kokyb\u0117s med\u017eiagomis. Sukurta tiems, kurie vertina komfort\u0105 ir elegancij\u0105, \u0161i paprasta, ta\u010diau eleganti\u0161ka sofa puikiai tinka ne tik svetain\u0117ms, bet ir biurams bei vie\u0161bu\u010diams. Sofos modernios, ilgos, juodo plieno kojel\u0117s ypa\u010d vertos d\u0117mesio. D\u0117l \u0161i\u0173 koj\u0173 ir [\u2026]<\/p>","protected":false},"featured_media":26377,"comment_status":"open","ping_status":"open","template":"","meta":[],"product_brand":[],"product_cat":[2012,9170,560],"product_tag":[],"class_list":{"0":"post-26376","1":"product","2":"type-product","3":"status-publish","4":"has-post-thumbnail","6":"product_cat-eltap","7":"product_cat-sofy-i-kanapy-eltap","8":"product_cat-sofas-and-couches","10":"first","11":"instock","12":"purchasable","13":"product-type-variable","14":"wvs-archive-product-wrapper"},"_links":{"self":[{"href":"https:\/\/baldumarket.lt\/lt\/wp-json\/wp\/v2\/product\/26376","targetHints":{"allow":["GET"]}}],"collection":[{"href":"https:\/\/baldumarket.lt\/lt\/wp-json\/wp\/v2\/product"}],"about":[{"href":"https:\/\/baldumarket.lt\/lt\/wp-json\/wp\/v2\/types\/product"}],"replies":[{"embeddable":true,"href":"https:\/\/baldumarket.lt\/lt\/wp-json\/wp\/v2\/comments?post=26376"}],"wp:featuredmedia":[{"embeddable":true,"href":"https:\/\/baldumarket.lt\/lt\/wp-json\/wp\/v2\/media\/26377"}],"wp:attachment":[{"href":"https:\/\/baldumarket.lt\/lt\/wp-json\/wp\/v2\/media?parent=26376"}],"wp:term":[{"taxonomy":"product_brand","embeddable":true,"href":"https:\/\/baldumarket.lt\/lt\/wp-json\/wp\/v2\/product_brand?post=26376"},{"taxonomy":"product_cat","embeddable":true,"href":"https:\/\/baldumarket.lt\/lt\/wp-json\/wp\/v2\/product_cat?post=26376"},{"taxonomy":"product_tag","embeddable":true,"href":"https:\/\/baldumarket.lt\/lt\/wp-json\/wp\/v2\/product_tag?post=26376"}],"curies":[{"name":"wp","href":"https:\/\/api.w.org\/{rel}","templated":true}]}}