{"id":263724,"date":"2026-01-13T23:44:12","date_gmt":"2026-01-13T20:44:12","guid":{"rendered":"https:\/\/baldumarket.lt\/product\/regal-jednodrzwiowy-nepo-plus-60-cm-bialy-dab-sonoma\/"},"modified":"2026-02-11T18:18:58","modified_gmt":"2026-02-11T15:18:58","slug":"regal-jednodrzwiowy-nepo-plus-60-cm-bialy-dab-sonoma","status":"publish","type":"product","link":"https:\/\/baldumarket.lt\/lt\/product\/regal-jednodrzwiowy-nepo-plus-60-cm-bialy-dab-sonoma\/","title":{"rendered":"NEPO PLUS vien\u0173 dur\u0173 knyg\u0173 lentyna, 60 cm, balta\/sonoma \u0105\u017euolas"},"content":{"rendered":"<p>U\u017edara lentyna \u201eNepo Plus\u201c \u2013 puikus sprendimas j\u016bs\u0173 daiktams laikyti. \u201eNepo Plus\u201c jaunimo bald\u0173 linija yra puikus modernaus dizaino pavyzdys, kuriame derinamos paprastos formos, lyg\u016bs fasadai ir auk\u0161tos kokyb\u0117s meistri\u0161kumas. U\u017edara lentyn\u0173 sistema \u201eNepo Plus\u201c yra puikus sprendimas, jei ie\u0161kote vietos drabu\u017eiams, s\u0105siuviniams, vadov\u0117liams ir kitiems daiktams, kuriuos norite laikyti tvarkingai ir lengvai pasiekiamus. Prakti\u0161ka organizacija: \u0161i auk\u0161ta, u\u017edara \u201eNepo Plus\u201c lentyn\u0173 sistema turi keturias prakti\u0161kas lentynas, leid\u017eian\u010dias patogiai r\u016b\u0161iuoti ir laikyti \u012fvairius daiktus. Tai puikus sprendimas jaunimo kambariams, kuriuose tvarka yra svarbiausia. Laminuotas pavir\u0161ius yra atsparus \u012fbr\u0117\u017eimams, u\u017etikrinantis ilgalaik\u0119 kokyb\u0119. J\u012f taip pat lengva valyti, tod\u0117l lentyn\u0173 sistem\u0105 lengva i\u0161laikyti nepriekai\u0161tingos b\u016bkl\u0117s ilgus metus. \u012evairi\u0173 spalv\u0173 pasirinkimas leid\u017eia pasirinkti tobul\u0105 lentyn\u0173 sistem\u0105, kuri papildys j\u016bs\u0173 interjer\u0105. Balta, Sonoma \u0105\u017euolo, Monastery \u0105\u017euolo ir Wenge yra tik keletas galim\u0173 variant\u0173. Taip pat galite derinti skirtingas spalvas su kitais kolekcijos elementais, kad sukurtum\u0117te darni\u0105 kompozicij\u0105. Paprasta rankena leid\u017eia lengvai atidaryti ir u\u017edaryti duris, suteikiant lengv\u0105 prieig\u0105 prie u\u017edaros knyg\u0173 lentynos turinio. U\u017edara knyg\u0173 lentyna \u201eNepo Plus\u201c puikiai dera su kitais kolekcijos elementais, tokiais kaip drabu\u017ei\u0173 spinta ar ra\u0161omasis stalas. Baldus galite pritaikyti prie savo jaunos \u0161eimos poreiki\u0173, sukurdami funkcionali\u0105 ir moderni\u0105 erdv\u0119 mokymuisi ir daikt\u0173 laikymui. Trumpai tariant, u\u017edara knyg\u0173 lentyna \u201eNepo Plus\u201c yra prakti\u0161kas ir stilingas daikt\u0173 laikymo bei organizavimo sprendimas jaunimo kambariui. Patvari konstrukcija, spalv\u0173 \u012fvairov\u0117 ir paprastas naudojimas daro j\u0105 puikiu pasirinkimu tiems, kurie vertina ir funkcionalum\u0105, ir modern\u0173 dizain\u0105. Derindami j\u0105 su kitais kolekcijos elementais, galite sukurti visapusi\u0161k\u0105 ir harmoning\u0105 i\u0161d\u0117stym\u0105, atitinkant\u012f j\u016bs\u0173 \u0161eimos poreikius.<\/p>\n<p>Prek\u0117s kodas S435-REG1D-BI\/DSO Simbolis ZM EAN Plotis 60 cm Gylis 34 cm Auk\u0161tis 197 cm Kolekcija \u201eNepo Plus\u201c Spalva balta\/sonoma \u0105\u017euolas Gaubtas \u0161viesios medienos Stilius modernus Dureli\u0173 skai\u010dius 1 dur\u0173 Stal\u010di\u0173 skai\u010dius be stal\u010di\u0173 Rankena su rankenomis Gamintojas Juoda Raudona Balta Bald\u0173 tipas Lentynos ir vitrinos PVM mokestis 23% EAN 5906123949781<\/p>","protected":false},"excerpt":{"rendered":"<p>U\u017edara lentyna \u201eNepo Plus\u201c \u2013 puikus sprendimas j\u016bs\u0173 daiktams laikyti. \u201eNepo Plus\u201c jaunimo bald\u0173 linija yra puikus modernaus dizaino pavyzdys, kuriame derinamos paprastos formos, lyg\u016bs fasadai ir auk\u0161tos kokyb\u0117s meistri\u0161kumas. U\u017edara lentyn\u0173 sistema \u201eNepo Plus\u201c yra puikus sprendimas, jei ie\u0161kote vietos drabu\u017eiams, s\u0105siuviniams, vadov\u0117liams, [\u2026] laikyti.<\/p>","protected":false},"featured_media":263725,"comment_status":"open","ping_status":"open","template":"","meta":[],"product_brand":[],"product_cat":[9200,1987],"product_tag":[],"class_list":{"0":"post-263724","1":"product","2":"type-product","3":"status-publish","4":"has-post-thumbnail","6":"product_cat-black-red-white","7":"product_cat-shelving-units","9":"first","10":"instock","11":"purchasable","12":"product-type-simple"},"_links":{"self":[{"href":"https:\/\/baldumarket.lt\/lt\/wp-json\/wp\/v2\/product\/263724","targetHints":{"allow":["GET"]}}],"collection":[{"href":"https:\/\/baldumarket.lt\/lt\/wp-json\/wp\/v2\/product"}],"about":[{"href":"https:\/\/baldumarket.lt\/lt\/wp-json\/wp\/v2\/types\/product"}],"replies":[{"embeddable":true,"href":"https:\/\/baldumarket.lt\/lt\/wp-json\/wp\/v2\/comments?post=263724"}],"wp:featuredmedia":[{"embeddable":true,"href":"https:\/\/baldumarket.lt\/lt\/wp-json\/wp\/v2\/media\/263725"}],"wp:attachment":[{"href":"https:\/\/baldumarket.lt\/lt\/wp-json\/wp\/v2\/media?parent=263724"}],"wp:term":[{"taxonomy":"product_brand","embeddable":true,"href":"https:\/\/baldumarket.lt\/lt\/wp-json\/wp\/v2\/product_brand?post=263724"},{"taxonomy":"product_cat","embeddable":true,"href":"https:\/\/baldumarket.lt\/lt\/wp-json\/wp\/v2\/product_cat?post=263724"},{"taxonomy":"product_tag","embeddable":true,"href":"https:\/\/baldumarket.lt\/lt\/wp-json\/wp\/v2\/product_tag?post=263724"}],"curies":[{"name":"wp","href":"https:\/\/api.w.org\/{rel}","templated":true}]}}