{"id":263716,"date":"2026-01-13T23:44:06","date_gmt":"2026-01-13T20:44:06","guid":{"rendered":"https:\/\/baldumarket.lt\/product\/regal-jednodrzwiowy-horton-68-cm-dab-zloty-grandson-bialy-polysk\/"},"modified":"2026-02-11T18:18:58","modified_gmt":"2026-02-11T15:18:58","slug":"regal-jednodrzwiowy-horton-68-cm-dab-zloty-grandson-bialy-polysk","status":"publish","type":"product","link":"https:\/\/baldumarket.lt\/lt\/product\/regal-jednodrzwiowy-horton-68-cm-dab-zloty-grandson-bialy-polysk\/","title":{"rendered":"HORTON vien\u0173 dur\u0173 knyg\u0173 lentyna 68 cm, Grandson auksinio \u0105\u017euolo\/blizgios baltos spalvos"},"content":{"rendered":"<p>\u201eHorton\u201c knyg\u0173 lentyna \u2013 modernus dizainas j\u016bs\u0173 interjerui. Ie\u0161kote tobulos knyg\u0173 lentynos, kurioje ne tik tilpt\u0173 visos j\u016bs\u0173 m\u0117gstamiausios knygos, kompaktiniai diskai ir suvenyrai, bet ir b\u016bt\u0173 elegancijos j\u016bs\u0173 erdvei? \u0160tai atsakymas. M\u016bs\u0173 moderni knyg\u0173 lentyna yra ne tik prakti\u0161ka, bet ir dizainerio sukurtas k\u016brinys, kuris neabejotinai sustiprins j\u016bs\u0173 nam\u0173 charakter\u012f. \u0160ios knyg\u0173 lentynos spalv\u0173 gama \u2013 harmoningas blizgios baltos ir \u0161iltos \u201eGrandson\u201c \u0105\u017euolo spalvos derinys. \u0160is subtilus derinys puikiai papildo \u0161viesaus interjero estetik\u0105, suteikdamas jam gaivumo ir modernumo. Knyg\u0173 lentyna puikiai dera tiek prie miegamojo, tiek prie svetain\u0117s dekoro, ypa\u010d jei j\u016bs\u0173 interjeras yra retro, modernaus ar skandinavi\u0161ko stiliaus. Universalus dizainas taip pat leid\u017eia j\u0105 pastatyti ma\u017eesn\u0117se erdv\u0117se, tod\u0117l jos yra funkcionalios ir stilingos tuo pa\u010diu metu. Tai ne tik knyg\u0173 lentyna \u2013 tai tikras daikt\u0173 laikymo centras su penkiomis erdviomis lentynomis, i\u0161 kuri\u0173 dvi apatin\u0117s turi eleganti\u0161kas dureles. Tai puikus sprendimas tiems, kurie nori eksponuoti daiktus, kartu palaikydami tvark\u0105 ir pasl\u0117pdami ma\u017eiau esteti\u0161kai patrauklius daiktus. Papildomas privalumas \u2013 \u201eGrandson\u201c \u0105\u017euolo spalvos vir\u0161utin\u0117 lentynos dalis, pary\u0161kinta subtiliu LED ap\u0161vietimu. Ne tik gra\u017ei, bet ir funkcionali \u2013 m\u016bs\u0173 lentyna apr\u016bpinta \u0161velniai u\u017esidaran\u010diais vyriais, tod\u0117l dureli\u0173 atidarymas ir u\u017edarymas yra itin sklandus ir malonus. Dureli\u0173 rankenos, pagamintos i\u0161 auk\u0161tos kokyb\u0117s metalo, garantuoja ilgaam\u017ei\u0161kum\u0105 ir elegancij\u0105. M\u016bs\u0173 moderni lentyna sujungia stili\u0173, funkcionalum\u0105 ir ilgaam\u017ei\u0161kum\u0105. \u0160is baldas ne tik pateisins j\u016bs\u0173 l\u016bkes\u010dius, bet ir daugel\u012f met\u0173 puo\u0161 j\u016bs\u0173 namus. Investuokite \u012f elegancij\u0105 ir prakti\u0161kum\u0105 su m\u016bs\u0173 modernia lentyna, kuri neabejotinai taps j\u016bs\u0173 interjero \u0161irdimi.<\/p>\n<p>Prek\u0117s kodas S488-REG1D-BI\/DZG\/BIP Simbolis ZM EAN Plotis 68 cm Gylis 42 cm Auk\u0161tis 205 cm Kolekcija Horton Spalva balta\/grandson auksinis \u0105\u017euolas\/blizgi balta Atspalvis baltas Stilius modernus Med\u017eiaga laminatas Dureli\u0173 skai\u010dius 1 dur\u0173 Stal\u010di\u0173 skai\u010dius be stal\u010di\u0173 Rankena su rankenomis Gamintojas Juoda Raudona Balta Baldo tipas Lentynos ir vitrinos PVM 23% EAN 5906123709149<\/p>","protected":false},"excerpt":{"rendered":"<p>Horton Bookcase \u2013 A Modern Design for Your Interior. Looking for the perfect bookcase that will not only hold all your favorite books, CDs, and souvenirs, but also add elegance to your space? Here&#8217;s the answer. Our modern bookcase is not only practical but also a designer piece that will surely enhance the character of [&hellip;]<\/p>","protected":false},"featured_media":263717,"comment_status":"open","ping_status":"open","template":"","meta":[],"product_brand":[],"product_cat":[9200,1987],"product_tag":[],"class_list":{"0":"post-263716","1":"product","2":"type-product","3":"status-publish","4":"has-post-thumbnail","6":"product_cat-black-red-white","7":"product_cat-shelving-units","9":"first","10":"instock","11":"purchasable","12":"product-type-simple"},"_links":{"self":[{"href":"https:\/\/baldumarket.lt\/lt\/wp-json\/wp\/v2\/product\/263716","targetHints":{"allow":["GET"]}}],"collection":[{"href":"https:\/\/baldumarket.lt\/lt\/wp-json\/wp\/v2\/product"}],"about":[{"href":"https:\/\/baldumarket.lt\/lt\/wp-json\/wp\/v2\/types\/product"}],"replies":[{"embeddable":true,"href":"https:\/\/baldumarket.lt\/lt\/wp-json\/wp\/v2\/comments?post=263716"}],"wp:featuredmedia":[{"embeddable":true,"href":"https:\/\/baldumarket.lt\/lt\/wp-json\/wp\/v2\/media\/263717"}],"wp:attachment":[{"href":"https:\/\/baldumarket.lt\/lt\/wp-json\/wp\/v2\/media?parent=263716"}],"wp:term":[{"taxonomy":"product_brand","embeddable":true,"href":"https:\/\/baldumarket.lt\/lt\/wp-json\/wp\/v2\/product_brand?post=263716"},{"taxonomy":"product_cat","embeddable":true,"href":"https:\/\/baldumarket.lt\/lt\/wp-json\/wp\/v2\/product_cat?post=263716"},{"taxonomy":"product_tag","embeddable":true,"href":"https:\/\/baldumarket.lt\/lt\/wp-json\/wp\/v2\/product_tag?post=263716"}],"curies":[{"name":"wp","href":"https:\/\/api.w.org\/{rel}","templated":true}]}}