{"id":263712,"date":"2026-01-13T23:44:03","date_gmt":"2026-01-13T20:44:03","guid":{"rendered":"https:\/\/baldumarket.lt\/product\/regal-jednodrzwiowy-holten-98-cm-dab-waterford\/"},"modified":"2026-02-11T18:18:58","modified_gmt":"2026-02-11T15:18:58","slug":"regal-jednodrzwiowy-holten-98-cm-dab-waterford","status":"publish","type":"product","link":"https:\/\/baldumarket.lt\/lt\/product\/regal-jednodrzwiowy-holten-98-cm-dab-waterford\/","title":{"rendered":"HOLTEN vien\u0173 dur\u0173 knyg\u0173 lentyna, 98 cm, Waterford \u0105\u017euolas"},"content":{"rendered":"<p>\u201eHolten\u201c knyg\u0173 spinta \u2013 knyg\u0173 lentyna arba dekoracin\u0117 ekspozicija. Nam\u0173 erdv\u0117s dizainas yra svarbus aspektas, jungiantis stili\u0173 su funkcionalumu. Suk\u016br\u0119 ergonomi\u0161k\u0105 blok\u0105, galite sukurti tobul\u0105 viet\u0105 darbui, poilsiui ir m\u0117gstam\u0173 dekoracij\u0173 eksponavimui. \u201eHolten\u201c kolekcija yra puikus pasirinkimas tiems, kurie vertina modern\u0173 dizain\u0105 ir prakti\u0161kum\u0105. Jai b\u016bdingi \u0161ie bruo\u017eai: pastorintos \u0161onin\u0117s pus\u0117s, \u0161viesios spalvos, fasadai be ranken\u0117li\u0173 ir ry\u0161kus stalvir\u0161is. \u0160iame straipsnyje su\u017einosite daugiau apie \u201eHolten\u201c knyg\u0173 lentyn\u0105 \u2013 nepakei\u010diam\u0105 \u0161ios kolekcijos element\u0105. Jau turite viet\u0105 mokymuisi, poilsiui ir pramogoms, ta\u010diau vis dar tr\u016bksta baldo, kuriame gal\u0117tum\u0117te laikyti ir eksponuoti tai, kas jums svarbiausia. \u201eHolten\u201c knyg\u0173 lentyna yra sprendimas, kurio lauk\u0117te. D\u0117l daugyb\u0117s lentyn\u0173 gal\u0117site susisteminti visus savo daiktus ir eksponuoti savo kolekcijas bei dekoracijas. Tai puiki vieta eksponuoti trof\u0117jus, m\u0117gstamas knygas ar kitus daiktus, kuriuos norite parodyti. \u201eHolten\u201c knyg\u0173 lentyna gali pasigirti \u012fsp\u016bdingais matmenimis \u2013 156,5 cm auk\u0161\u010dio ir 98 cm plo\u010dio. Tai rei\u0161kia, kad turite daug vietos daiktams laikyti ir eksponuoti. K\u0105 rasite viduje? Trys atviros lentynos: puiki vieta eksponuoti m\u0117gstamiausias knygas, vadov\u0117lius, dokumentus ar dekoracijas. Galite laisvai jas i\u0161d\u0117styti ir pertvarkyti pagal savo poreikius. Prakti\u0161ka spintel\u0117: \u0161i spintel\u0117 turi dureles, leid\u017eian\u010dias laikyti daiktus, kuri\u0173 neb\u016btinai reikia eksponuoti. Viduje rasite tris prakti\u0161kas lentynas, kurios palengvina daikt\u0173 organizavim\u0105. \u201eHolten\u201c knyg\u0173 lentyna ne tik puikiai atlieka savo paskirt\u012f, bet ir \u017eavi savo dizainu. Paprasta konstrukcija su pastorintais \u0161onais suteikia jai modernumo. Spalv\u0173 gama taip pat \u012fsp\u016bdinga \u2013 ry\u0161kus \u201eWotan Oak\u201c stalvir\u0161is gra\u017eiai kontrastuoja su matin\u0117s baltos spalvos korpusu ir lakuotu veidrodinio blizgesio baltos spalvos priekiu. Tai klasikin\u0117s elegancijos ir modernaus minimalizmo derinys. Verta pamin\u0117ti, kad d\u0117l skirting\u0173 med\u017eiag\u0173, naudojam\u0173 stalvir\u0161iui ir lentel\u0117ms, ra\u0161tas gali \u0161iek tiek skirtis, suteikdamas lentynai dar daugiau charakterio. Papildomas \u201eHolten\u201c lentynos privalumas \u2013 galimyb\u0117 j\u0105 derinti su kitais kolekcijos elementais, tokiais kaip ra\u0161omasis stalas ar spinta. Tai leid\u017eia sukurti darn\u0173 ir stiling\u0105 i\u0161d\u0117stym\u0105 \u012fvairiuose kambariuose, tokiuose kaip svetain\u0117, biuras ar jaunimo kambarys. \u0160is sprendimas leid\u017eia i\u0161laikyti stilistin\u012f vientisum\u0105 visuose kambariuose, kartu u\u017etikrinant funkcionalum\u0105 ir naudojimo paprastum\u0105. Trumpai tariant, \u201eHolten\u201c lentyna yra ne tik daikt\u0173 laikymo \u012frenginys, bet ir dekoratyvinis elementas, kuris suteiks j\u016bs\u0173 interjerui modernumo ir elegancijos. D\u0117l savo funkcionalumo ir galimyb\u0117s derinti j\u0105 su kitais \u201eHolten\u201c kolekcijos elementais, sukursite harmoning\u0105 erdv\u0119, kuri puikiai atitiks j\u016bs\u0173 poreikius ir skon\u012f. Tai investicija \u012f j\u016bs\u0173 nam\u0173 komfort\u0105 ir estetik\u0105.<\/p>\n<p>Prek\u0117s kodas S493-REG1D\/150-DWF Simbolis ZM EAN Plotis 98,2 cm Gylis 42 cm Auk\u0161tis 156,5 cm Kolekcija Holten Spalva Waterford \u0105\u017euolas Atspalvis tamsi mediena Stilius modernus Dureli\u0173 skai\u010dius 1 dur\u0173 Stal\u010di\u0173 skai\u010dius be stal\u010di\u0173 Rankena be ranken\u0117li\u0173 Gamintojas Juoda Raudona Balta Bald\u0173 tipas Lentynos ir vitrinos PVM mokestis 23% EAN 5906123709866<\/p>","protected":false},"excerpt":{"rendered":"<p>\u201eHolten\u201c knyg\u0173 lentyna \u2013 knyg\u0173 lentyna arba dekoratyvin\u0117 ekspozicija. Nam\u0173 erdv\u0117s dizainas yra svarbus aspektas, derinantis stili\u0173 ir funkcionalum\u0105. Suk\u016br\u0119 ergonomi\u0161k\u0105 blok\u0105, galite sukurti tobul\u0105 viet\u0105 darbui, poilsiui ir m\u0117gstam\u0173 dekoracij\u0173 eksponavimui. \u201eHolten\u201c kolekcija yra puikus pasirinkimas tiems, kurie vertina modern\u0173 dizain\u0105 ir prakti\u0161kum\u0105. Jos [\u2026]<\/p>","protected":false},"featured_media":263713,"comment_status":"open","ping_status":"open","template":"","meta":[],"product_brand":[],"product_cat":[9200,1987],"product_tag":[],"class_list":{"0":"post-263712","1":"product","2":"type-product","3":"status-publish","4":"has-post-thumbnail","6":"product_cat-black-red-white","7":"product_cat-shelving-units","9":"first","10":"instock","11":"purchasable","12":"product-type-simple"},"_links":{"self":[{"href":"https:\/\/baldumarket.lt\/lt\/wp-json\/wp\/v2\/product\/263712","targetHints":{"allow":["GET"]}}],"collection":[{"href":"https:\/\/baldumarket.lt\/lt\/wp-json\/wp\/v2\/product"}],"about":[{"href":"https:\/\/baldumarket.lt\/lt\/wp-json\/wp\/v2\/types\/product"}],"replies":[{"embeddable":true,"href":"https:\/\/baldumarket.lt\/lt\/wp-json\/wp\/v2\/comments?post=263712"}],"wp:featuredmedia":[{"embeddable":true,"href":"https:\/\/baldumarket.lt\/lt\/wp-json\/wp\/v2\/media\/263713"}],"wp:attachment":[{"href":"https:\/\/baldumarket.lt\/lt\/wp-json\/wp\/v2\/media?parent=263712"}],"wp:term":[{"taxonomy":"product_brand","embeddable":true,"href":"https:\/\/baldumarket.lt\/lt\/wp-json\/wp\/v2\/product_brand?post=263712"},{"taxonomy":"product_cat","embeddable":true,"href":"https:\/\/baldumarket.lt\/lt\/wp-json\/wp\/v2\/product_cat?post=263712"},{"taxonomy":"product_tag","embeddable":true,"href":"https:\/\/baldumarket.lt\/lt\/wp-json\/wp\/v2\/product_tag?post=263712"}],"curies":[{"name":"wp","href":"https:\/\/api.w.org\/{rel}","templated":true}]}}