{"id":263704,"date":"2026-01-13T23:43:56","date_gmt":"2026-01-13T20:43:56","guid":{"rendered":"https:\/\/baldumarket.lt\/product\/regal-dwudrzwiowy-zamykany-space-office-80-cm-dab-artisan-3\/"},"modified":"2026-02-11T18:18:58","modified_gmt":"2026-02-11T15:18:58","slug":"regal-dwudrzwiowy-zamykany-space-office-80-cm-dab-artisan-3","status":"publish","type":"product","link":"https:\/\/baldumarket.lt\/lt\/product\/regal-dwudrzwiowy-zamykany-space-office-80-cm-dab-artisan-3\/","title":{"rendered":"SPACE OFFICE 80 cm dviej\u0173 dur\u0173 knyg\u0173 lentyna, \u0105\u017euolo imitacija"},"content":{"rendered":"<p>\u201eSpace Office\u201c lentyna \u2013 saugus dokument\u0173 saugojimas moderniu stiliumi. \u201eSpace Office\u201c lentyna yra ne tik dokument\u0173 laikymo spintel\u0117; ji suteikia saugi\u0105 ir stiling\u0105 viet\u0105 svarbiems dokumentams j\u016bs\u0173 biure. Jos rakinamos durys sujungia talpum\u0105 ir funkcionalum\u0105, leisdamos tvarkingai laikyti biuro segtuvus ir dokumentus. \u201eSpace Office\u201c lentyn\u0105 i\u0161skiria ne tik prakti\u0161kas interjeras, bet ir modernus dizainas. Paprasta, bet eleganti\u0161ka, ji puikiai dera su \u012fvairiais biuro interjero stiliais, tokiais kaip loftas, skandinavi\u0161kas ar industrinis. Meni\u0161ko \u0105\u017euolo spalva suteikia spintelei patraukli\u0105 i\u0161vaizd\u0105, o minimalistin\u0117s rankenos \u2013 modern\u0173 akcent\u0105. Lentynos priekin\u0117s dalys ir korpusas pagaminti i\u0161 \u012fbr\u0117\u017eimams ir pa\u017eeidimams atsparaus laminato, u\u017etikrinan\u010dio patvarum\u0105 ir ilgaam\u017ei\u0161kum\u0105. Sustiprinti vyriai u\u017etikrina skland\u0173 ir tyl\u0173 dur\u0173 u\u017edarym\u0105, pabr\u0117\u017eiant komfort\u0105. Rakinamos durys garantuoja saugom\u0173 dokument\u0173 saugum\u0105, u\u017ekertant keli\u0105 neteis\u0117tai prieigai. \u201eSpace Office\u201c lentyna yra ne tik prakti\u0161kas sprendimas biurui, bet ir eleganti\u0161kas dizaino elementas, kuris j\u016bs\u0173 biur\u0105 pavers ne tik tvarkingu, bet ir stilingu.<\/p>\n<p>Prek\u0117s kodas S479-REG2D\/200\/F20\/Z-DASN Simbolis ZM EAN Plotis 80 cm Gylis 37 cm Auk\u0161tis 202,5 cm Kolekcija Erdv\u0117 Biuras Spalva meni\u0161kas \u0105\u017euolas Atspalvis \u0161viesi mediena Stilius modernus Med\u017eiaga laminatas Dureli\u0173 skai\u010dius 2 dur\u0173 Stal\u010di\u0173 skai\u010dius be stal\u010di\u0173 Rankena su rankenomis Gamintojas Juoda Raudona Balta Bald\u0173 tipas Lentynos ir vitrinos PVM mokestis 23% EAN 5906123707640<\/p>","protected":false},"excerpt":{"rendered":"<p>Space Office Shelf \u2013 Secure Document Storage in a Modern Style. The Space Office Shelf is not just a document storage unit; it provides a safe and stylish place for important documents in your office. Its lockable doors combine capacity and functionality, allowing for the organized storage of office binders and documents. What makes the [&hellip;]<\/p>","protected":false},"featured_media":263705,"comment_status":"open","ping_status":"open","template":"","meta":[],"product_brand":[],"product_cat":[9200,1987],"product_tag":[],"class_list":{"0":"post-263704","1":"product","2":"type-product","3":"status-publish","4":"has-post-thumbnail","6":"product_cat-black-red-white","7":"product_cat-shelving-units","9":"first","10":"instock","11":"purchasable","12":"product-type-simple"},"_links":{"self":[{"href":"https:\/\/baldumarket.lt\/lt\/wp-json\/wp\/v2\/product\/263704","targetHints":{"allow":["GET"]}}],"collection":[{"href":"https:\/\/baldumarket.lt\/lt\/wp-json\/wp\/v2\/product"}],"about":[{"href":"https:\/\/baldumarket.lt\/lt\/wp-json\/wp\/v2\/types\/product"}],"replies":[{"embeddable":true,"href":"https:\/\/baldumarket.lt\/lt\/wp-json\/wp\/v2\/comments?post=263704"}],"wp:featuredmedia":[{"embeddable":true,"href":"https:\/\/baldumarket.lt\/lt\/wp-json\/wp\/v2\/media\/263705"}],"wp:attachment":[{"href":"https:\/\/baldumarket.lt\/lt\/wp-json\/wp\/v2\/media?parent=263704"}],"wp:term":[{"taxonomy":"product_brand","embeddable":true,"href":"https:\/\/baldumarket.lt\/lt\/wp-json\/wp\/v2\/product_brand?post=263704"},{"taxonomy":"product_cat","embeddable":true,"href":"https:\/\/baldumarket.lt\/lt\/wp-json\/wp\/v2\/product_cat?post=263704"},{"taxonomy":"product_tag","embeddable":true,"href":"https:\/\/baldumarket.lt\/lt\/wp-json\/wp\/v2\/product_tag?post=263704"}],"curies":[{"name":"wp","href":"https:\/\/api.w.org\/{rel}","templated":true}]}}