{"id":263696,"date":"2026-01-13T23:43:50","date_gmt":"2026-01-13T20:43:50","guid":{"rendered":"https:\/\/baldumarket.lt\/product\/regal-dwudrzwiowy-zamykany-space-office-80-cm-dab-artisan-2\/"},"modified":"2026-02-11T18:18:58","modified_gmt":"2026-02-11T15:18:58","slug":"regal-dwudrzwiowy-zamykany-space-office-80-cm-dab-artisan-2","status":"publish","type":"product","link":"https:\/\/baldumarket.lt\/lt\/product\/regal-dwudrzwiowy-zamykany-space-office-80-cm-dab-artisan-2\/","title":{"rendered":"SPACE OFFICE 80 cm dviej\u0173 dur\u0173 knyg\u0173 lentyna, \u0105\u017euolo imitacija"},"content":{"rendered":"<p>\u201eSpace Office\u201c lentyna \u2013 j\u016bs\u0173 biuras, j\u016bs\u0173 erdv\u0117. \u201eSpace Office\u201c lentyna \u2013 tai i\u0161manus sprendimas, skirtas optimaliai sutvarkyti j\u016bs\u0173 biuro erdv\u0119. Modulinis dizainas, atviros lentynos ir u\u017erakinama apatin\u0117 dalis leid\u017eia efektyviai kontroliuoti chaos\u0105 biure, saugant tiek kasdienius reikmenis, tiek konfidencialius dokumentus. \u201eSpace Office\u201c bald\u0173 serijos unikalumas slypi patvarume. \u012ebr\u0117\u017eimams atsparus laminatas, naudojamas r\u0117mui ir fasadams, u\u017etikrina, kad j\u016bs\u0173 biuro erdv\u0117 ilg\u0105 laik\u0105 atrodys kaip nauja. Moderni meni\u0161ko \u0105\u017euolo spalva dera prie \u012fvairi\u0173 interjer\u0173, ypa\u010d pramoninio ar minimalistinio stiliaus. \u201eSpace Office\u201c lentyna ne tik atrodo stilingai, bet ir puikiai dera prie \u012fvairi\u0173 biuro erdvi\u0173. Subalansuoti matmenys (80 x 37 cm) leid\u017eia j\u0105 idealiai pritaikyti net ma\u017eesniems biurams, o \u012fsp\u016bdingas 202,5 cm auk\u0161tis ir penkios prakti\u0161kos lentynos leid\u017eia lentynoms lengvai pasiekti saugomus daiktus. Lentyn\u0173 bloko prakti\u0161kumas taip pat pasirei\u0161kia lengvu pri\u0117jimu prie saugom\u0173 daikt\u0173 d\u0117l atvir\u0173 lentyn\u0173 ir saugumo, kur\u012f u\u017etikrina u\u017erakinama apatin\u0117 dalis. \u0160is lankstus ir funkcionalus sprendimas gali b\u016bti naudojamas atskirai arba kaip darnaus biuro dalis, derinant j\u012f su kitais \u201eSpace Office\u201c serijos baldais. \u201eSpace Office\u201c lentyn\u0173 sistema ne tik sutvarkys j\u016bs\u0173 darbo viet\u0105, bet ir suteiks j\u016bs\u0173 biurui elegancijos bei modernumo. Tai investicija \u012f ergonomi\u0161k\u0105 ir stiling\u0105 biur\u0105, kuris daugel\u012f met\u0173 u\u017etikrins efektyv\u0173 darb\u0105.<\/p>\n<p>Prek\u0117s kodas S479-REG2D\/200\/F12\/Z-DASN Simbolis ZM EAN Plotis 80 cm Gylis 37 cm Auk\u0161tis 202,5 cm Kolekcija Erdv\u0117 Biuras Spalva meni\u0161kas \u0105\u017euolas Atspalvis \u0161viesi mediena Stilius modernus Med\u017eiaga laminatas Dureli\u0173 skai\u010dius 2 dur\u0173 Stal\u010di\u0173 skai\u010dius be stal\u010di\u0173 Rankena su rankenomis Gamintojas Juoda Raudona Balta Bald\u0173 tipas Lentynos ir vitrinos PVM mokestis 23% EAN 5906123707626<\/p>","protected":false},"excerpt":{"rendered":"<p>\u201eSpace Office Shelf\u201c \u2013 j\u016bs\u0173 biuras, j\u016bs\u0173 erdv\u0117. \u201eSpace Office Shelf\u201c \u2013 tai i\u0161manus sprendimas, skirtas optimaliai organizuoti j\u016bs\u0173 biuro erdv\u0119. Modulinis dizainas, atviros lentynos ir u\u017erakinama apatin\u0117 dalis leid\u017eia efektyviai kontroliuoti chaos\u0105 biure, saugant tiek kasdienius reikmenis, tiek konfidencialius dokumentus. \u201eSpace Office\u201c bald\u0173 serijos unikalumas [\u2026]<\/p>","protected":false},"featured_media":263697,"comment_status":"open","ping_status":"open","template":"","meta":[],"product_brand":[],"product_cat":[9200,1987],"product_tag":[],"class_list":{"0":"post-263696","1":"product","2":"type-product","3":"status-publish","4":"has-post-thumbnail","6":"product_cat-black-red-white","7":"product_cat-shelving-units","9":"first","10":"instock","11":"purchasable","12":"product-type-simple"},"_links":{"self":[{"href":"https:\/\/baldumarket.lt\/lt\/wp-json\/wp\/v2\/product\/263696","targetHints":{"allow":["GET"]}}],"collection":[{"href":"https:\/\/baldumarket.lt\/lt\/wp-json\/wp\/v2\/product"}],"about":[{"href":"https:\/\/baldumarket.lt\/lt\/wp-json\/wp\/v2\/types\/product"}],"replies":[{"embeddable":true,"href":"https:\/\/baldumarket.lt\/lt\/wp-json\/wp\/v2\/comments?post=263696"}],"wp:featuredmedia":[{"embeddable":true,"href":"https:\/\/baldumarket.lt\/lt\/wp-json\/wp\/v2\/media\/263697"}],"wp:attachment":[{"href":"https:\/\/baldumarket.lt\/lt\/wp-json\/wp\/v2\/media?parent=263696"}],"wp:term":[{"taxonomy":"product_brand","embeddable":true,"href":"https:\/\/baldumarket.lt\/lt\/wp-json\/wp\/v2\/product_brand?post=263696"},{"taxonomy":"product_cat","embeddable":true,"href":"https:\/\/baldumarket.lt\/lt\/wp-json\/wp\/v2\/product_cat?post=263696"},{"taxonomy":"product_tag","embeddable":true,"href":"https:\/\/baldumarket.lt\/lt\/wp-json\/wp\/v2\/product_tag?post=263696"}],"curies":[{"name":"wp","href":"https:\/\/api.w.org\/{rel}","templated":true}]}}