{"id":263688,"date":"2026-01-13T23:43:42","date_gmt":"2026-01-13T20:43:42","guid":{"rendered":"https:\/\/baldumarket.lt\/product\/regal-dwudrzwiowy-zamykany-space-office-80-cm-dab-artisan\/"},"modified":"2026-02-11T18:18:58","modified_gmt":"2026-02-11T15:18:58","slug":"regal-dwudrzwiowy-zamykany-space-office-80-cm-dab-artisan","status":"publish","type":"product","link":"https:\/\/baldumarket.lt\/lt\/product\/regal-dwudrzwiowy-zamykany-space-office-80-cm-dab-artisan\/","title":{"rendered":"SPACE OFFICE 80 cm dviej\u0173 dur\u0173 knyg\u0173 lentyna, \u0105\u017euolo imitacija"},"content":{"rendered":"<p>\u201eSpace Office\u201c lentyna \u2013 patogiai sutvarkykite priedus ir dokumentus. \u201eSpace Office\u201c lentyna yra i\u0161skirtinai funkcionalus baldas, skirtas efektyviai organizuoti biuro erdv\u0119. Modulinis dizainas, atviros lentynos ir dalinis u\u017edarymas idealiai tinka biuro reikmenims ir dokumentams laikyti. \u0160velniai u\u017esidarantys vyriai pabr\u0117\u017eia naudotojo patogum\u0105. Trys atviros lentynos puikiai tinka popieriaus reikmenims, segtuvams ir kitiems biuro reikmenims laikyti, u\u017etikrinant lengv\u0105 prieig\u0105 prie kasdieni\u0173 poreiki\u0173. U\u017erakinama apatin\u0117 dalis u\u017etikrina saug\u0173 dokument\u0173, s\u0105skait\u0173 fakt\u016br\u0173 ir kit\u0173 daikt\u0173, kuriems reikalinga papildoma apsauga, laikym\u0105. Auk\u0161tos kokyb\u0117s laminatas, dengiantis lentyn\u0105, garantuoja atsparum\u0105 \u012fbr\u0117\u017eimams ir mechaniniams pa\u017eeidimams, ilgam u\u017etikrinant estetin\u0119 i\u0161vaizd\u0105. Meni\u0161ko \u0105\u017euolo spalva suteikia lentynai stilingo charakterio, puikiai papildan\u010dio modern\u0173 biuro i\u0161d\u0117stym\u0105, ypa\u010d pramoninio ar skandinavi\u0161ko stiliaus. \u201eSpace Office\u201c lentyna yra ne tik prakti\u0161kas biuro sprendimas, bet ir eleganti\u0161kas dizaino elementas, padedantis palaikyti tvark\u0105 ir stili\u0173 biuro erdv\u0117je. Lankst\u016bs matmenys ir penkios atskiros lentynos u\u017etikrina didel\u0119 daikt\u0173 laikymo talp\u0105, u\u017eimdamos minimal\u0173 grind\u0173 plot\u0105. Tai puikus baldas efektyviam biuro organizavimui.<\/p>\n<p>Prek\u0117s kodas S479-REG2D\/200\/Z-DASN Simbolis ZM EAN Plotis 80 cm Gylis 37 cm Auk\u0161tis 202,5 cm Kolekcija Erdv\u0117 Biuras Spalva meni\u0161kas \u0105\u017euolas Atspalvis \u0161viesi mediena Stilius modernus Med\u017eiaga laminatas Dureli\u0173 skai\u010dius 2 dur\u0173 Stal\u010di\u0173 skai\u010dius be stal\u010di\u0173 Rankena su rankenomis Gamintojas Juoda Raudona Balta Bald\u0173 tipas Lentynos ir vitrinos PVM mokestis 23% EAN 5906123707671<\/p>","protected":false},"excerpt":{"rendered":"<p>\u201eSpace Office\u201c lentyna \u2013 patogiai sutvarkykite priedus ir dokumentus. \u201eSpace Office\u201c lentyna yra i\u0161skirtinai funkcionalus baldas, skirtas efektyviai organizuoti biuro erdv\u0119. D\u0117l modulinio dizaino, atvir\u0173 lentyn\u0173 ir dalinio u\u017edarymo ji idealiai tinka biuro priedams ir dokumentams laikyti. \u0160velnaus u\u017edarymo vyriai pabr\u0117\u017eia naudotojo patogum\u0105. Trys atviros lentynos puikiai [\u2026]<\/p>","protected":false},"featured_media":263689,"comment_status":"open","ping_status":"open","template":"","meta":[],"product_brand":[],"product_cat":[9200,1987],"product_tag":[],"class_list":{"0":"post-263688","1":"product","2":"type-product","3":"status-publish","4":"has-post-thumbnail","6":"product_cat-black-red-white","7":"product_cat-shelving-units","9":"first","10":"instock","11":"purchasable","12":"product-type-simple"},"_links":{"self":[{"href":"https:\/\/baldumarket.lt\/lt\/wp-json\/wp\/v2\/product\/263688","targetHints":{"allow":["GET"]}}],"collection":[{"href":"https:\/\/baldumarket.lt\/lt\/wp-json\/wp\/v2\/product"}],"about":[{"href":"https:\/\/baldumarket.lt\/lt\/wp-json\/wp\/v2\/types\/product"}],"replies":[{"embeddable":true,"href":"https:\/\/baldumarket.lt\/lt\/wp-json\/wp\/v2\/comments?post=263688"}],"wp:featuredmedia":[{"embeddable":true,"href":"https:\/\/baldumarket.lt\/lt\/wp-json\/wp\/v2\/media\/263689"}],"wp:attachment":[{"href":"https:\/\/baldumarket.lt\/lt\/wp-json\/wp\/v2\/media?parent=263688"}],"wp:term":[{"taxonomy":"product_brand","embeddable":true,"href":"https:\/\/baldumarket.lt\/lt\/wp-json\/wp\/v2\/product_brand?post=263688"},{"taxonomy":"product_cat","embeddable":true,"href":"https:\/\/baldumarket.lt\/lt\/wp-json\/wp\/v2\/product_cat?post=263688"},{"taxonomy":"product_tag","embeddable":true,"href":"https:\/\/baldumarket.lt\/lt\/wp-json\/wp\/v2\/product_tag?post=263688"}],"curies":[{"name":"wp","href":"https:\/\/api.w.org\/{rel}","templated":true}]}}