{"id":263680,"date":"2026-01-13T23:43:35","date_gmt":"2026-01-13T20:43:35","guid":{"rendered":"https:\/\/baldumarket.lt\/product\/regal-dwudrzwiowy-zamykany-niski-space-office-80-cm-dab-artisan-2\/"},"modified":"2026-02-11T18:18:58","modified_gmt":"2026-02-11T15:18:58","slug":"regal-dwudrzwiowy-zamykany-niski-space-office-80-cm-dab-artisan-2","status":"publish","type":"product","link":"https:\/\/baldumarket.lt\/lt\/product\/regal-dwudrzwiowy-zamykany-niski-space-office-80-cm-dab-artisan-2\/","title":{"rendered":"\u017dema, dvidur\u0117, u\u017edara lentyna SPACE OFFICE 80 cm, \u0105\u017euolas, dirbtinis"},"content":{"rendered":"<p>SPACE OFFICE lentyna \u2013 universali ir kompakti\u0161ka spintel\u0117 su tvirta spyna. \u0160i kompakti\u0161ka biuro spintel\u0117 yra tikras funkcionalumo ir stiliaus lobynas. Sukurta atsi\u017evelgiant \u012f praktin\u012f erdv\u0117s i\u0161naudojim\u0105, ji puikiai tinka ne tik biurams, bet ir \u012fvairioms patalpoms su moderniu, skandinavi\u0161ku ar minimalistiniu interjeru. Universalus dizainas leid\u017eia jai der\u0117ti prie \u012fvairi\u0173 stili\u0173 ir suteikti elegancijos. Spintel\u0117 turi tris lentynas, i\u0161 kuri\u0173 dvi u\u017erakinamos dvigubomis durel\u0117mis. Tai puiki vieta laikyti \u012fvairius daiktus, o tvirta rakto spyna suteikia papildom\u0105 apsaug\u0105 konfidencialiems dokumentams ar vertingiems daiktams. D\u0117l to \u0161is baldas yra ne tik prakti\u0161kas, bet ir saugus. Pagaminta i\u0161 tvirtos laminuotos plok\u0161t\u0117s, spintel\u0117 yra ne tik patvari, bet ir atspari \u012fbr\u0117\u017eimams bei pa\u017eeidimams, tod\u0117l i\u0161laikys savo estetik\u0105 net ir intensyviai naudojant. \u0160velnaus u\u017edarymo vyriai suteikia papildomo komforto, u\u017etikrindami, kad durel\u0117s atsidaryt\u0173 ir u\u017esidaryt\u0173 skland\u017eiai ir tyliai. Nat\u016brali med\u017eio spalva suteikia spintelei maloni\u0105 estetik\u0105, tod\u0117l ji yra ne tik prakti\u0161kas, bet ir patrauklus interjero elementas. Kompakti\u0161ki matmenys (80 x 37 x 122 cm) leid\u017eia lengvai pastatyti \u012fvairiose erdv\u0117se, o galimyb\u0117 harmoningai derinti su kitais biuro baldais ar mediniais elementais puikiai tinka \u012fvairiems i\u0161d\u0117stymams. \u0160i biuro spintel\u0117 yra ne tik daikt\u0173 laikymo vieta \u2013 tai ir investicija \u012f funkcionalum\u0105 bei stili\u0173, kuris tarnaus ilgus metus.<\/p>\n<p>Prek\u0117s kodas S479-REG2D\/120\/Z-DASN Simbolis ZM EAN Plotis 80 cm Gylis 37 cm Auk\u0161tis 122 cm Kolekcija Erdv\u0117 Biuras Spalva meni\u0161kas \u0105\u017euolas Atspalvis \u0161viesus medis Stilius modernus Med\u017eiaga laminatas Dureli\u0173 skai\u010dius 2 dur\u0173 Stal\u010di\u0173 skai\u010dius be stal\u010di\u0173 Rankena su rankenomis Gamintojas Juoda Raudona Balta Bald\u0173 tipas Lentynos ir vitrinos PVM mokestis 23% EAN 5906123707596<\/p>","protected":false},"excerpt":{"rendered":"<p>SPACE OFFICE Shelf &#8211; A Versatile and Compact Cabinet with a Solid Lock. This compact office cabinet is a true treasure of functionality and style. Designed with practical space utilization in mind, it&#8217;s perfect not only for offices but also for various rooms with modern, Scandinavian, or minimalist interiors. Its versatile design allows it to [&hellip;]<\/p>","protected":false},"featured_media":263681,"comment_status":"open","ping_status":"open","template":"","meta":[],"product_brand":[],"product_cat":[9200,1987],"product_tag":[],"class_list":{"0":"post-263680","1":"product","2":"type-product","3":"status-publish","4":"has-post-thumbnail","6":"product_cat-black-red-white","7":"product_cat-shelving-units","9":"first","10":"instock","11":"purchasable","12":"product-type-simple"},"_links":{"self":[{"href":"https:\/\/baldumarket.lt\/lt\/wp-json\/wp\/v2\/product\/263680","targetHints":{"allow":["GET"]}}],"collection":[{"href":"https:\/\/baldumarket.lt\/lt\/wp-json\/wp\/v2\/product"}],"about":[{"href":"https:\/\/baldumarket.lt\/lt\/wp-json\/wp\/v2\/types\/product"}],"replies":[{"embeddable":true,"href":"https:\/\/baldumarket.lt\/lt\/wp-json\/wp\/v2\/comments?post=263680"}],"wp:featuredmedia":[{"embeddable":true,"href":"https:\/\/baldumarket.lt\/lt\/wp-json\/wp\/v2\/media\/263681"}],"wp:attachment":[{"href":"https:\/\/baldumarket.lt\/lt\/wp-json\/wp\/v2\/media?parent=263680"}],"wp:term":[{"taxonomy":"product_brand","embeddable":true,"href":"https:\/\/baldumarket.lt\/lt\/wp-json\/wp\/v2\/product_brand?post=263680"},{"taxonomy":"product_cat","embeddable":true,"href":"https:\/\/baldumarket.lt\/lt\/wp-json\/wp\/v2\/product_cat?post=263680"},{"taxonomy":"product_tag","embeddable":true,"href":"https:\/\/baldumarket.lt\/lt\/wp-json\/wp\/v2\/product_tag?post=263680"}],"curies":[{"name":"wp","href":"https:\/\/api.w.org\/{rel}","templated":true}]}}