{"id":263672,"date":"2026-01-13T23:43:29","date_gmt":"2026-01-13T20:43:29","guid":{"rendered":"https:\/\/baldumarket.lt\/product\/regal-dwudrzwiowy-zamykany-niski-space-office-80-cm-dab-artisan\/"},"modified":"2026-02-11T18:18:58","modified_gmt":"2026-02-11T15:18:58","slug":"regal-dwudrzwiowy-zamykany-niski-space-office-80-cm-dab-artisan","status":"publish","type":"product","link":"https:\/\/baldumarket.lt\/lt\/product\/regal-dwudrzwiowy-zamykany-niski-space-office-80-cm-dab-artisan\/","title":{"rendered":"\u017dema, dvidur\u0117, u\u017edara lentyna SPACE OFFICE 80 cm, \u0105\u017euolas, dirbtinis"},"content":{"rendered":"<p>SPACE OFFICE rakinama lentyna \u2013 saugumas ir stilius viename. \u0160i moderni rakinama spintel\u0117 yra ne tik prakti\u0161kas sprendimas biurams ar privatiems namams, bet ir garantuoja joje laikom\u0173 verting\u0173 daikt\u0173 saugum\u0105. Spyna apsaugo nuo neteis\u0117tos prieigos, u\u017etikrindama ramyb\u0119 ir privatum\u0105. D\u0117l estetikos \u0161i spintel\u0117 puikiai tinka \u012fvairiems interjero stiliams. Nesvarbu, ar j\u016bs\u0173 interjeras modernus, minimalistinis, skandinavi\u0161kas, ar klasikin\u0117s pal\u0117p\u0117s elegancijos, \u0161i spintel\u0117 bus puikus papildymas. U\u017e dvigub\u0173 dur\u0173 slypi trys erdvios lentynos, kuriose yra daug vietos \u012fvairiems daiktams laikyti. Nuo dokument\u0173 iki aksesuar\u0173 ar drabu\u017ei\u0173 \u2013 pritaikymas priklauso nuo j\u016bs\u0173 individuali\u0173 poreiki\u0173. \u0160velnaus u\u017edarymo vyriai u\u017etikrina papildom\u0105 komfort\u0105, tod\u0117l spintel\u0117s atidarymas ir u\u017edarymas yra sklandus ir tylus. Visa spintel\u0117s konstrukcija pagaminta i\u0161 tvirtos laminuotos plok\u0161t\u0117s, kuri u\u017etikrina i\u0161skirtin\u012f atsparum\u0105 \u012fbr\u0117\u017eimams. Tai rei\u0161kia, kad \u0161i spintel\u0117 ilgai i\u0161laikys estetin\u012f patrauklum\u0105 ir bus lengvai valoma. Nat\u016brali med\u017eio spalva suteikia spintelei elegancijos ir \u0161ilumos, tod\u0117l ji yra ne tik funkcionalus, bet ir stilingas interjero elementas. D\u0117l matmen\u0173 (80 \u00d7 37 \u00d7 122 cm) ji puikiai atrodo tiek atskirai, tiek \u0161alia kit\u0173 spinteli\u0173 ar biuro lentyn\u0173. Tai investicija, kuri ne tik apsaugos j\u016bs\u0173 vertingus daiktus, bet ir suteiks j\u016bs\u0173 interjerui rafinuoto charakterio, tapdama i\u0161tikimu draugu ilgus metus.<\/p>\n<p>Prek\u0117s kodas S479-REG2D\/120\/F12\/Z-DASN Simbolis ZM EAN Plotis 80 cm Gylis 37 cm Auk\u0161tis 122 cm Kolekcija Erdv\u0117 Biuras Spalva meni\u0161kas \u0105\u017euolas Atspalvis \u0161viesus medis Stilius modernus Med\u017eiaga laminatas Dureli\u0173 skai\u010dius 2 dur\u0173 Stal\u010di\u0173 skai\u010dius be stal\u010di\u0173 Rankena su rankenomis Gamintojas Juoda Raudona Balta Bald\u0173 tipas Lentynos ir vitrinos PVM mokestis 23% EAN 5906123707565<\/p>","protected":false},"excerpt":{"rendered":"<p>SPACE OFFICE Lockable Shelf \u2013 Security and Style in One. This modern lockable cabinet is not only a practical solution for offices or private homes, but also guarantees the security of valuables stored within. The lock prevents unauthorized access, ensuring peace of mind and privacy. The aesthetics of this piece make it a perfect fit [&hellip;]<\/p>","protected":false},"featured_media":263673,"comment_status":"open","ping_status":"open","template":"","meta":[],"product_brand":[],"product_cat":[9200,1987],"product_tag":[],"class_list":{"0":"post-263672","1":"product","2":"type-product","3":"status-publish","4":"has-post-thumbnail","6":"product_cat-black-red-white","7":"product_cat-shelving-units","9":"first","10":"instock","11":"purchasable","12":"product-type-simple"},"_links":{"self":[{"href":"https:\/\/baldumarket.lt\/lt\/wp-json\/wp\/v2\/product\/263672","targetHints":{"allow":["GET"]}}],"collection":[{"href":"https:\/\/baldumarket.lt\/lt\/wp-json\/wp\/v2\/product"}],"about":[{"href":"https:\/\/baldumarket.lt\/lt\/wp-json\/wp\/v2\/types\/product"}],"replies":[{"embeddable":true,"href":"https:\/\/baldumarket.lt\/lt\/wp-json\/wp\/v2\/comments?post=263672"}],"wp:featuredmedia":[{"embeddable":true,"href":"https:\/\/baldumarket.lt\/lt\/wp-json\/wp\/v2\/media\/263673"}],"wp:attachment":[{"href":"https:\/\/baldumarket.lt\/lt\/wp-json\/wp\/v2\/media?parent=263672"}],"wp:term":[{"taxonomy":"product_brand","embeddable":true,"href":"https:\/\/baldumarket.lt\/lt\/wp-json\/wp\/v2\/product_brand?post=263672"},{"taxonomy":"product_cat","embeddable":true,"href":"https:\/\/baldumarket.lt\/lt\/wp-json\/wp\/v2\/product_cat?post=263672"},{"taxonomy":"product_tag","embeddable":true,"href":"https:\/\/baldumarket.lt\/lt\/wp-json\/wp\/v2\/product_tag?post=263672"}],"curies":[{"name":"wp","href":"https:\/\/api.w.org\/{rel}","templated":true}]}}