{"id":263656,"date":"2026-01-13T23:43:15","date_gmt":"2026-01-13T20:43:15","guid":{"rendered":"https:\/\/baldumarket.lt\/product\/regal-dwudrzwiowy-zamkniety-nevada-80-cm-dab-flagstaff-ciemny\/"},"modified":"2026-02-11T18:18:59","modified_gmt":"2026-02-11T15:18:59","slug":"regal-dwudrzwiowy-zamkniety-nevada-80-cm-dab-flagstaff-ciemny","status":"publish","type":"product","link":"https:\/\/baldumarket.lt\/lt\/product\/regal-dwudrzwiowy-zamkniety-nevada-80-cm-dab-flagstaff-ciemny\/","title":{"rendered":"Nevada 80 cm dviej\u0173 dur\u0173 u\u017edara knyg\u0173 lentyna, tamsaus v\u0117liav\u0117l\u0117s formos \u0105\u017euolo spalvos"},"content":{"rendered":"<p>Nevada biuro lentyna \u2013 sutvarkykite savo biuro erdv\u0119. Auk\u0161ta Nevada lentyna \u2013 puikus sprendimas tiems, kurie ie\u0161ko funkcionalumo ir modernaus stiliaus savo biuro erdv\u0117je. Eleganti\u0161kos spalvos ir gr\u016bdinto stiklo, lakuoto \u0161ilko pilkos spalvos atspalviu, fasadai suteikia lentyn\u0173 blokui modernumo bet kokiam interjerui ir puikiai dera su \u012fvairiais dizaino stiliais. Nevada lentynos ypatyb\u0117s:<\/p>\n<p>Kompakti\u0161ki 81 x 199 x 37 cm matmenys leid\u017eia patogiai pastatyti net ma\u017eesn\u0117se erdv\u0117se. Dvi durel\u0117s leid\u017eia diskreti\u0161kai laikyti dokumentus, priedus ir asmeninius daiktus. Gr\u016bdinto stiklo fasadai, lakuoti balta arba \u0161ilko pilka spalva, pabr\u0117\u017eia modern\u0173 vaizd\u0105. Spintel\u0117s korpusas apdailintas tamsaus Flagstaff \u0105\u017euolo spalva. Daugyb\u0117 vidini\u0173 lentyn\u0173 leid\u017eia efektyviai organizuoti daiktus ir pritaikyti juos individualiems naudotojo poreikiams. Minimalistinis dizainas, harmoningai dera su \u012fvairiais biuro baldais. Stilius ir funkcionalumas biure. \u201eNevada A\u201c lentyna ne tik palengvina dokument\u0173 saugojim\u0105 ir organizavim\u0105, bet ir yra stilingas bet kurio biuro akcentas. Modernus, minimalistinis dizainas ir auk\u0161tos kokyb\u0117s med\u017eiagos paver\u010dia j\u0105 universaliu baldu, suteikian\u010diu elegancijos ir profesionalumo bet kuriai biuro erdvei. Tamsaus Flagstaff \u0105\u017euolo ir stiklo fasadai suteikia interjerui lengvumo ir subtilumo. Santrauka: \u201eNevada A\u201c biuro lentyna yra prakti\u0161kas ir esteti\u0161kai patrauklus baldas, puikiai papildantis \u201eNevada\u201c biuro bald\u0173 kolekcij\u0105. D\u0117l kompakti\u0161k\u0173 matmen\u0173 ir gerai apgalvoto dizaino \u0161i lentyna u\u017etikrina funkcionalum\u0105 ir erdv\u0117s organizavim\u0105, i\u0161laikydama eleganti\u0161k\u0105 ir moderni\u0105 i\u0161vaizd\u0105. Tai puikus pasirinkimas tiems, kurie vertina estetik\u0105 ir patogum\u0105 kasdieniame darbe.<\/p>\n<p>Prek\u0117s kodas S599-REG2D_80_A-DFC Plotis 81 cm Gylis 37 cm Auk\u0161tis 199 cm Kolekcija Nevada Spalva tamsus v\u0117liav\u0117l\u0117s formos \u0105\u017euolas Atspalvis tamsus medis Stilius modernus Med\u017eiaga laminatas Dureli\u0173 skai\u010dius 2 dur\u0173 Stal\u010di\u0173 skai\u010dius be stal\u010di\u0173 Rankena su rankenomis Gamintojas Juoda Raudona Balta Baldo tipas Lentynos ir vitrinos PVM 23% EAN 5906123049740<\/p>","protected":false},"excerpt":{"rendered":"<p>Nevada Office Shelf \u2013 Organize Your Office Space. The Nevada A Tall Shelf is the perfect solution for those seeking functionality and modern style in their office space. With its elegant colors and fronts made of tempered glass lacquered in a silk gray shade, the shelving unit adds a modern touch to any interior and [&hellip;]<\/p>","protected":false},"featured_media":263657,"comment_status":"open","ping_status":"open","template":"","meta":[],"product_brand":[],"product_cat":[9200,1177],"product_tag":[],"class_list":{"0":"post-263656","1":"product","2":"type-product","3":"status-publish","4":"has-post-thumbnail","6":"product_cat-black-red-white","7":"product_cat-wardrobes","9":"first","10":"instock","11":"purchasable","12":"product-type-simple"},"_links":{"self":[{"href":"https:\/\/baldumarket.lt\/lt\/wp-json\/wp\/v2\/product\/263656","targetHints":{"allow":["GET"]}}],"collection":[{"href":"https:\/\/baldumarket.lt\/lt\/wp-json\/wp\/v2\/product"}],"about":[{"href":"https:\/\/baldumarket.lt\/lt\/wp-json\/wp\/v2\/types\/product"}],"replies":[{"embeddable":true,"href":"https:\/\/baldumarket.lt\/lt\/wp-json\/wp\/v2\/comments?post=263656"}],"wp:featuredmedia":[{"embeddable":true,"href":"https:\/\/baldumarket.lt\/lt\/wp-json\/wp\/v2\/media\/263657"}],"wp:attachment":[{"href":"https:\/\/baldumarket.lt\/lt\/wp-json\/wp\/v2\/media?parent=263656"}],"wp:term":[{"taxonomy":"product_brand","embeddable":true,"href":"https:\/\/baldumarket.lt\/lt\/wp-json\/wp\/v2\/product_brand?post=263656"},{"taxonomy":"product_cat","embeddable":true,"href":"https:\/\/baldumarket.lt\/lt\/wp-json\/wp\/v2\/product_cat?post=263656"},{"taxonomy":"product_tag","embeddable":true,"href":"https:\/\/baldumarket.lt\/lt\/wp-json\/wp\/v2\/product_tag?post=263656"}],"curies":[{"name":"wp","href":"https:\/\/api.w.org\/{rel}","templated":true}]}}