{"id":263648,"date":"2026-01-13T23:43:10","date_gmt":"2026-01-13T20:43:10","guid":{"rendered":"https:\/\/baldumarket.lt\/product\/regal-dwudrzwiowy-z-szuflada-patras-93-cm-dab-april\/"},"modified":"2026-02-11T18:18:59","modified_gmt":"2026-02-11T15:18:59","slug":"regal-dwudrzwiowy-z-szuflada-patras-93-cm-dab-april","status":"publish","type":"product","link":"https:\/\/baldumarket.lt\/lt\/product\/regal-dwudrzwiowy-z-szuflada-patras-93-cm-dab-april\/","title":{"rendered":"PATRAS dviej\u0173 dur\u0173 knyg\u0173 lentyna su stal\u010diumi 93 cm, baland\u017eio \u0105\u017euolo spalvos"},"content":{"rendered":"<p>\u201ePatras\u201c knyg\u0173 spinta \u2013 puikus nesenstan\u010dio svetain\u0117s interjero papildymas. Atviro dizaino knyg\u0173 lentynos puikiai tinka \u012fvairiems daiktams, pavyzd\u017eiui, porcelianui ar knygoms, eksponuoti, o prakti\u0161ka spintel\u0117 leid\u017eia laikyti daiktus, kuri\u0173 nereikia eksponuoti. Be to, platus stal\u010dius knyg\u0173 lentynos centre \u2013 puiki vieta smulkiems daiktams laikyti. \u0160ilta baland\u017eio \u0105\u017euolo spalva, b\u016bdinga \u201ePatras\u201c kolekcijai, pabr\u0117\u017eia baldo elegancij\u0105, o matoma medienos tekst\u016bra suteikia jam unikal\u0173 charakter\u012f. Stilizuotos sendinto sidabro spalvos rankenos ne tik suteikia dekoratyvumo, bet ir palengvina prieig\u0105 prie spinteli\u0173 ir stal\u010di\u0173 turinio. Firminiai \u0161velnaus u\u017edarymo priedai leid\u017eia tyliai ir patogiai naudotis knyg\u0173 lentyna. Derindami erdvi\u0105 \u201ePatras\u201c knyg\u0173 lentyn\u0105 su kitais kolekcijos elementais, galite sukurti darni\u0105 erdv\u0119, puikiai pritaikyt\u0105 j\u016bs\u0173 \u0161eimos poreikiams.<\/p>\n<p>Prek\u0117s kodas S405-REG2D1S-DARL Simbolis ZM EAN Plotis 93 cm Gylis 44,5 cm Auk\u0161tis 201 cm Kolekcija Patras Spalva baland\u017eio \u0105\u017euolo Atspalvis tamsi mediena Stilius modernus Med\u017eiaga laminatas Dureli\u0173 skai\u010dius 2 dur\u0173 Stal\u010di\u0173 skai\u010dius 1 stal\u010dius Rankena su rankenomis Gamintojas Juoda Raudona Balta Bald\u0173 tipas Lentynos ir vitrinos PVM mokestis 23% EAN 5906123944243<\/p>","protected":false},"excerpt":{"rendered":"<p>The Patras Bookcase is the perfect addition to a timeless living room d\u00e9cor. Its open design offers stylish shelves for displaying various items, such as porcelain or books, while a practical cabinet allows you to store items that don&#8217;t need to be on display. Additionally, a wide drawer in the center of the bookcase is [&hellip;]<\/p>","protected":false},"featured_media":263649,"comment_status":"open","ping_status":"open","template":"","meta":[],"product_brand":[],"product_cat":[9200,1177],"product_tag":[],"class_list":{"0":"post-263648","1":"product","2":"type-product","3":"status-publish","4":"has-post-thumbnail","6":"product_cat-black-red-white","7":"product_cat-wardrobes","9":"first","10":"instock","11":"purchasable","12":"product-type-simple"},"_links":{"self":[{"href":"https:\/\/baldumarket.lt\/lt\/wp-json\/wp\/v2\/product\/263648","targetHints":{"allow":["GET"]}}],"collection":[{"href":"https:\/\/baldumarket.lt\/lt\/wp-json\/wp\/v2\/product"}],"about":[{"href":"https:\/\/baldumarket.lt\/lt\/wp-json\/wp\/v2\/types\/product"}],"replies":[{"embeddable":true,"href":"https:\/\/baldumarket.lt\/lt\/wp-json\/wp\/v2\/comments?post=263648"}],"wp:featuredmedia":[{"embeddable":true,"href":"https:\/\/baldumarket.lt\/lt\/wp-json\/wp\/v2\/media\/263649"}],"wp:attachment":[{"href":"https:\/\/baldumarket.lt\/lt\/wp-json\/wp\/v2\/media?parent=263648"}],"wp:term":[{"taxonomy":"product_brand","embeddable":true,"href":"https:\/\/baldumarket.lt\/lt\/wp-json\/wp\/v2\/product_brand?post=263648"},{"taxonomy":"product_cat","embeddable":true,"href":"https:\/\/baldumarket.lt\/lt\/wp-json\/wp\/v2\/product_cat?post=263648"},{"taxonomy":"product_tag","embeddable":true,"href":"https:\/\/baldumarket.lt\/lt\/wp-json\/wp\/v2\/product_tag?post=263648"}],"curies":[{"name":"wp","href":"https:\/\/api.w.org\/{rel}","templated":true}]}}