{"id":263640,"date":"2026-01-13T23:43:04","date_gmt":"2026-01-13T20:43:04","guid":{"rendered":"https:\/\/baldumarket.lt\/product\/regal-dwudrzwiowy-z-otwartymi-polkami-nevada-a-122-cm-dab-riviera\/"},"modified":"2026-02-11T18:18:59","modified_gmt":"2026-02-11T15:18:59","slug":"regal-dwudrzwiowy-z-otwartymi-polkami-nevada-a-122-cm-dab-riviera","status":"publish","type":"product","link":"https:\/\/baldumarket.lt\/lt\/product\/regal-dwudrzwiowy-z-otwartymi-polkami-nevada-a-122-cm-dab-riviera\/","title":{"rendered":"Dviej\u0173 dur\u0173 knyg\u0173 lentyna su atviromis lentynomis Nevada A 122 cm Riviera \u0105\u017euolas"},"content":{"rendered":"<p>Nevada biuro lentyna \u2013 moderni biuro klasika. Auk\u0161ta Nevada lentyna yra eleganti\u0161kas ir funkcionalus pasirinkimas, puikiai papildantis bet kur\u012f biur\u0105, derinantis modern\u0173 dizain\u0105 su prakti\u0161kais daikt\u0173 laikymo sprendimais. 122 cm plo\u010dio, 199 cm auk\u0161\u010dio ir 37 cm gylio Nevada lentyna puikiai dera prie \u012fvairi\u0173 i\u0161d\u0117stym\u0173, suteikdama j\u016bs\u0173 biuro erdvei klas\u0117s ir stiliaus. Nevada lentynos ypatyb\u0117s: 122 x 199 x 37 cm matmenys leid\u017eia patogiai laikyti ir tvarkyti dokumentus. \u201eRiviera Oak\u201c korpusas suteikia baldui nat\u016bralaus \u0161ilumos ir elegancijos. Kontrastingos baltos spalvos gr\u016bdinto lakuoto stiklo priekin\u0117s dalys suteikia modernumo ir lengvumo. Erdvi vidurin\u0117 dalis su lentynomis puikiai tinka knygoms, dokumentams ir biuro reikmenims laikyti. Dvejos durys suteikia privatumo ir tvarkingumo, tuo pa\u010diu paslepiant lentynos turin\u012f. Stilius ir funkcionalumas biure: Nevada lentyna yra daugiau nei tik vieta dokumentams \u2013 ji pagerina j\u016bs\u0173 interjero stili\u0173, suteikdama gaivumo ir elegancijos. Nat\u016bralus \u201eRiviera Oak\u201c \u0105\u017euolo atspalvis kartu su balto stiklo priekin\u0117mis dalimis daro \u0161\u012f bald\u0105 universal\u0173 ir tinkant\u012f tiek moderniam, tiek klasikiniam interjerui. D\u0117l erdvi\u0173 lentyn\u0173 \u0161is spintel\u0117 padeda sutvarkyti erdv\u0119, i\u0161laikant biuro estetik\u0105. \u201eNevada\u201c biuro spintel\u0117 yra puikus pasirinkimas tiems, kurie vertina kokyb\u0119, funkcionalum\u0105 ir stili\u0173. Ji puikiai tiks tiek biure, tiek nam\u0173 biure ar jaunimo kambaryje, tapdama esteti\u0161kai patraukliu ir prakti\u0161ku baldu. D\u0117l gerai apgalvoto dizaino ir eleganti\u0161kos apdailos \u201eNevada\u201c spintel\u0117 papuo\u0161 bet kok\u012f interjer\u0105, suteikdama komforto ir patogumo.<\/p>\n<p>Prek\u0117s kodas S599-REG2D_120_A-DRI Plotis 122 cm Gylis 37 cm Auk\u0161tis 199 cm Kolekcija Nevada Spalva rivjeros \u0105\u017euolas Atspalvis \u0161viesus medis Stilius modernus Med\u017eiaga laminatas Dureli\u0173 skai\u010dius 2 dur\u0173 Stal\u010di\u0173 skai\u010dius be stal\u010di\u0173 Rankena su rankenomis Gamintojas Juoda Raudona Balta Baldo tipas Lentynos ir vitrinos PVM 23% EAN 5906123049726<\/p>","protected":false},"excerpt":{"rendered":"<p>Nevada biuro lentyna \u2013 moderni biuro klasika. Auk\u0161ta Nevada lentyna yra eleganti\u0161kas ir funkcionalus pasirinkimas, puikiai papildantis bet kur\u012f biur\u0105, derinantis modern\u0173 dizain\u0105 su prakti\u0161kais daikt\u0173 laikymo sprendimais. 122 cm plo\u010dio, 199 cm auk\u0161\u010dio ir 37 cm gylio Nevada lentyna puikiai dera prie \u012fvairi\u0173 i\u0161d\u0117stym\u0173, suteikdama klasei ir [\u2026]<\/p>","protected":false},"featured_media":263641,"comment_status":"open","ping_status":"open","template":"","meta":[],"product_brand":[],"product_cat":[9200,1177],"product_tag":[],"class_list":{"0":"post-263640","1":"product","2":"type-product","3":"status-publish","4":"has-post-thumbnail","6":"product_cat-black-red-white","7":"product_cat-wardrobes","9":"first","10":"instock","11":"purchasable","12":"product-type-simple"},"_links":{"self":[{"href":"https:\/\/baldumarket.lt\/lt\/wp-json\/wp\/v2\/product\/263640","targetHints":{"allow":["GET"]}}],"collection":[{"href":"https:\/\/baldumarket.lt\/lt\/wp-json\/wp\/v2\/product"}],"about":[{"href":"https:\/\/baldumarket.lt\/lt\/wp-json\/wp\/v2\/types\/product"}],"replies":[{"embeddable":true,"href":"https:\/\/baldumarket.lt\/lt\/wp-json\/wp\/v2\/comments?post=263640"}],"wp:featuredmedia":[{"embeddable":true,"href":"https:\/\/baldumarket.lt\/lt\/wp-json\/wp\/v2\/media\/263641"}],"wp:attachment":[{"href":"https:\/\/baldumarket.lt\/lt\/wp-json\/wp\/v2\/media?parent=263640"}],"wp:term":[{"taxonomy":"product_brand","embeddable":true,"href":"https:\/\/baldumarket.lt\/lt\/wp-json\/wp\/v2\/product_brand?post=263640"},{"taxonomy":"product_cat","embeddable":true,"href":"https:\/\/baldumarket.lt\/lt\/wp-json\/wp\/v2\/product_cat?post=263640"},{"taxonomy":"product_tag","embeddable":true,"href":"https:\/\/baldumarket.lt\/lt\/wp-json\/wp\/v2\/product_tag?post=263640"}],"curies":[{"name":"wp","href":"https:\/\/api.w.org\/{rel}","templated":true}]}}