{"id":263632,"date":"2026-01-13T23:42:53","date_gmt":"2026-01-13T20:42:53","guid":{"rendered":"https:\/\/baldumarket.lt\/product\/regal-dwudrzwiowy-z-otwartymi-polkami-nevada-a-122-cm-dab-flagstaff-ciemny\/"},"modified":"2026-02-11T18:18:59","modified_gmt":"2026-02-11T15:18:59","slug":"regal-dwudrzwiowy-z-otwartymi-polkami-nevada-a-122-cm-dab-flagstaff-ciemny","status":"publish","type":"product","link":"https:\/\/baldumarket.lt\/lt\/product\/regal-dwudrzwiowy-z-otwartymi-polkami-nevada-a-122-cm-dab-flagstaff-ciemny\/","title":{"rendered":"Nevada A 122 cm dviej\u0173 dur\u0173 atvira knyg\u0173 lentyna, tamsaus v\u0117liav\u0117l\u0117s spalvos \u0105\u017euolo spalvos"},"content":{"rendered":"<p>\u201eNevada\u201c biuro lentyna \u2013 moderni biuro klasika. Auk\u0161ta \u201eNevada\u201c lentyna yra eleganti\u0161kas ir funkcionalus pasirinkimas, puikiai papildantis bet kur\u012f biur\u0105, derinantis modern\u0173 dizain\u0105 su prakti\u0161kais daikt\u0173 laikymo sprendimais. 122 cm plo\u010dio, 199 cm auk\u0161\u010dio ir 37 cm gylio \u201eNevada\u201c lentyna puikiai dera prie \u012fvairi\u0173 i\u0161d\u0117stym\u0173, suteikdama j\u016bs\u0173 biuro erdvei klas\u0117s ir stiliaus. \u201eNevada\u201c lentynos ypatyb\u0117s: 122 x 199 x 37 cm matmenys leid\u017eia patogiai laikyti ir tvarkyti dokumentus. Tamsaus Flagstaff \u0105\u017euolo korpusas suteikia nat\u016bralaus \u0161ilumos ir elegancijos. Kontrastingos \u0161ilko pilkos spalvos fasadai, pagaminti i\u0161 lakuoto gr\u016bdinto stiklo, suteikia modernumo ir lengvumo. Erdvi vidurin\u0117 dalis su lentynomis puikiai tinka knygoms, dokumentams ir biuro reikmenims laikyti. Dvejos durys suteikia privatumo ir tvarkingumo, tuo pa\u010diu paslepiant lentynos turin\u012f. Stilius ir funkcionalumas biure. \u201eNevada\u201c lentyna yra daugiau nei tik vieta dokumentams \u2013 ji pagerina j\u016bs\u0173 interjero stili\u0173, suteikdama gaivumo ir elegancijos. Nat\u016bralus Flagstaff \u0105\u017euolo atspalvis kartu su \u0161ilko pilkos spalvos stiklo fasadais daro \u0161\u012f bald\u0105 universal\u0173 ir tinkant\u012f tiek moderniam, tiek klasikiniam interjerui. D\u0117l erdvi\u0173 lentyn\u0173 \u0161is spintel\u0117 padeda sutvarkyti erdv\u0119, i\u0161laikant biuro estetik\u0105. \u201eNevada\u201c biuro spintel\u0117 yra puikus pasirinkimas tiems, kurie vertina kokyb\u0119, funkcionalum\u0105 ir stili\u0173. Ji puikiai tiks tiek biure, tiek nam\u0173 biure, tiek jaunimo kambaryje, tapdama esteti\u0161kai patraukliu ir prakti\u0161ku baldu. D\u0117l gerai apgalvoto dizaino ir eleganti\u0161kos apdailos \u201eNevada\u201c spintel\u0117 papuo\u0161 bet kok\u012f interjer\u0105, suteikdama komforto ir patogumo.<\/p>\n<p>Prek\u0117s kodas S599-REG2D_120_A-DFC Plotis 122 cm Gylis 37 cm Auk\u0161tis 199 cm Kolekcija Nevada Spalva tamsus v\u0117liav\u0117l\u0117s formos \u0105\u017euolas Atspalvis tamsus medis Stilius modernus Med\u017eiaga laminatas Dureli\u0173 skai\u010dius 2 dur\u0173 Stal\u010di\u0173 skai\u010dius be stal\u010di\u0173 Rankena su rankenomis Gamintojas Juoda Raudona Balta Baldo tipas Lentynos ir vitrinos PVM 23% EAN 5906123049719<\/p>","protected":false},"excerpt":{"rendered":"<p>Nevada biuro lentyna \u2013 moderni biuro klasika. Auk\u0161ta Nevada lentyna yra eleganti\u0161kas ir funkcionalus pasirinkimas, puikiai papildantis bet kur\u012f biur\u0105, derinantis modern\u0173 dizain\u0105 su prakti\u0161kais daikt\u0173 laikymo sprendimais. 122 cm plo\u010dio, 199 cm auk\u0161\u010dio ir 37 cm gylio Nevada lentyna puikiai dera prie \u012fvairi\u0173 i\u0161d\u0117stym\u0173, suteikdama klasei ir [\u2026]<\/p>","protected":false},"featured_media":263633,"comment_status":"open","ping_status":"open","template":"","meta":[],"product_brand":[],"product_cat":[9200,1177],"product_tag":[],"class_list":{"0":"post-263632","1":"product","2":"type-product","3":"status-publish","4":"has-post-thumbnail","6":"product_cat-black-red-white","7":"product_cat-wardrobes","9":"first","10":"instock","11":"purchasable","12":"product-type-simple"},"_links":{"self":[{"href":"https:\/\/baldumarket.lt\/lt\/wp-json\/wp\/v2\/product\/263632","targetHints":{"allow":["GET"]}}],"collection":[{"href":"https:\/\/baldumarket.lt\/lt\/wp-json\/wp\/v2\/product"}],"about":[{"href":"https:\/\/baldumarket.lt\/lt\/wp-json\/wp\/v2\/types\/product"}],"replies":[{"embeddable":true,"href":"https:\/\/baldumarket.lt\/lt\/wp-json\/wp\/v2\/comments?post=263632"}],"wp:featuredmedia":[{"embeddable":true,"href":"https:\/\/baldumarket.lt\/lt\/wp-json\/wp\/v2\/media\/263633"}],"wp:attachment":[{"href":"https:\/\/baldumarket.lt\/lt\/wp-json\/wp\/v2\/media?parent=263632"}],"wp:term":[{"taxonomy":"product_brand","embeddable":true,"href":"https:\/\/baldumarket.lt\/lt\/wp-json\/wp\/v2\/product_brand?post=263632"},{"taxonomy":"product_cat","embeddable":true,"href":"https:\/\/baldumarket.lt\/lt\/wp-json\/wp\/v2\/product_cat?post=263632"},{"taxonomy":"product_tag","embeddable":true,"href":"https:\/\/baldumarket.lt\/lt\/wp-json\/wp\/v2\/product_tag?post=263632"}],"curies":[{"name":"wp","href":"https:\/\/api.w.org\/{rel}","templated":true}]}}