{"id":263628,"date":"2026-01-13T23:42:49","date_gmt":"2026-01-13T20:42:49","guid":{"rendered":"https:\/\/baldumarket.lt\/product\/regal-dwudrzwiowy-z-lustrem-i-szuflada-gent-88-cm-dab-stirling\/"},"modified":"2026-02-11T18:18:59","modified_gmt":"2026-02-11T15:18:59","slug":"regal-dwudrzwiowy-z-lustrem-i-szuflada-gent-88-cm-dab-stirling","status":"publish","type":"product","link":"https:\/\/baldumarket.lt\/lt\/product\/regal-dwudrzwiowy-z-lustrem-i-szuflada-gent-88-cm-dab-stirling\/","title":{"rendered":"GENT 88 cm dviej\u0173 dur\u0173 veidrodin\u0117 lentyna su stal\u010diumi, \u0105\u017euolas Stirlinge"},"content":{"rendered":"<p>U\u017edara lentyna \u201eGent\u201c \u2013 tobulas sprendimas daikt\u0173 laikymui. \u201eGent\u201c kolekcija yra klasikinio interjero dizaino sinonimas, kur paprastos formos ir derantys akcentai sukuria eleganti\u0161k\u0105 ir funkcionali\u0105 erdv\u0119. U\u017edara lentyna \u201eGent\u201c \u2013 tai baldas, kuris ne tik palengvina daikt\u0173 laikym\u0105, bet ir puo\u0161ia prie\u0161kambar\u012f. Jei jums reikia daug vietos sezoniniams drabu\u017eiams ir kitiems aksesuarams laikyti, dvidur\u0117 lentyna \u201eGent\u201c yra puikus sprendimas. Ji turi keturias pla\u010dias lentynas, tod\u0117l galite tvarkingai susid\u0117ti megztinius, sportinius mar\u0161kin\u0117lius, \u0161alikus, kepures ir kitus garderobo daiktus. Siekiant geresnio organizavimo ir apsaugos nuo dulki\u0173 bei dr\u0117gm\u0117s, d\u0117\u017e\u0117s gali b\u016bti puikus papildymas. Vir\u0161utin\u0117je lentynos lentynoje yra patogus, i\u0161traukiamas pakabos mechanizmas, puikiai tinkantis drabu\u017eiams pakabinti. Be to, erdvus stal\u010dius puikiai tinka smulkiems daiktams ir aksesuarams. Veidrodiniai lentynos fasadai ne tik puo\u0161ia aplink\u0105, bet ir taupo sien\u0173 erdv\u0119 bei vizualiai padidina erdv\u0119. \u0160is sprendimas suteikia interjerui lengvumo ir elegancijos. Pasirink\u0119 baldus i\u0161 \u201eGent\u201c kolekcijos, pavyzd\u017eiui, u\u017edar\u0105 lentyn\u0173 blok\u0105, galite vizualiai su\u0161ildyti interjer\u0105. Stirlingo \u0105\u017euolo atspalvis suteikia lentynai \u0161ilt\u0105 ir jauki\u0105 atmosfer\u0105, o matomas ra\u0161tas ir lyt\u0117jimo medienos tekst\u016bra suteikia jai charakterio ir i\u0161skirtinumo. Metalin\u0117s rankenos ir pla\u010dios skersin\u0117s, kurios tarnauja kaip kojel\u0117s, suteikia knyg\u0173 lentynai eleganti\u0161k\u0105 i\u0161vaizd\u0105 ir stilingas detales. \u0160velniai u\u017esidarantys vyriai ir kreipian\u010diosios u\u017etikrina kasdien\u012f komfort\u0105. J\u0173 d\u0117ka dureli\u0173 atidarymas ir u\u017edarymas yra sklandus ir tylus. U\u017edara knyg\u0173 lentyna \u201eGent\u201c yra platesn\u0117s prie\u0161kambario organizavimo koncepcijos dalis. Derindami j\u0105 su komodomis, kabykla ir veidrod\u017eiu i\u0161 tos pa\u010dios kolekcijos, galite sukurti ergonomi\u0161k\u0105 ir funkcional\u0173 prie\u0161kambario i\u0161d\u0117stym\u0105, kuris ne tik palengvins kasdien\u012f organizavim\u0105, bet ir suteiks interjerui vientis\u0105 stili\u0173. Trumpai tariant, u\u017edara knyg\u0173 lentyna \u201eGent\u201c yra ne tik daikt\u0173 laikymo vieta, bet ir eleganti\u0161kas baldas, suteikiantis j\u016bs\u0173 prie\u0161kambariui harmonijos ir tvarkos. Jos lankstumas, unikalus dizainas ir auk\u0161tos kokyb\u0117s gamyba daro j\u0105 puikiu pasirinkimu tiems, kurie savo namuose vertina funkcionalum\u0105 ir estetik\u0105.<\/p>\n<p>Prek\u0117s kodas M244-REG2L1S\/20\/9-DAST Simbolis ZM EAN Plotis 88 cm Gylis 40 cm Auk\u0161tis 200,5 cm Kolekcija Gent Spalva stirling \u0105\u017euolas Atspalvis tamsi mediena Stilius modernus Dur\u0173 skai\u010dius 2 dur\u0173 Stal\u010di\u0173 skai\u010dius 1 stal\u010dius Rankena su rankenomis Gamintojas Juoda Raudona Balta Bald\u0173 tipas Lentynos ir vitrinos PVM mokestis 23% EAN 5906123852562<\/p>","protected":false},"excerpt":{"rendered":"<p>The Gent Closed Shelf \u2013 The Perfect Storage Solution. The Gent collection is synonymous with classic interior design, where simple shapes and matching accents create an elegant and functional space. The Gent Closed Shelf is a piece of furniture that not only facilitates storage but also serves as a foyer decoration. If you need ample [&hellip;]<\/p>","protected":false},"featured_media":263629,"comment_status":"open","ping_status":"open","template":"","meta":[],"product_brand":[],"product_cat":[9200,1177],"product_tag":[],"class_list":{"0":"post-263628","1":"product","2":"type-product","3":"status-publish","4":"has-post-thumbnail","6":"product_cat-black-red-white","7":"product_cat-wardrobes","9":"first","10":"instock","11":"purchasable","12":"product-type-simple"},"_links":{"self":[{"href":"https:\/\/baldumarket.lt\/lt\/wp-json\/wp\/v2\/product\/263628","targetHints":{"allow":["GET"]}}],"collection":[{"href":"https:\/\/baldumarket.lt\/lt\/wp-json\/wp\/v2\/product"}],"about":[{"href":"https:\/\/baldumarket.lt\/lt\/wp-json\/wp\/v2\/types\/product"}],"replies":[{"embeddable":true,"href":"https:\/\/baldumarket.lt\/lt\/wp-json\/wp\/v2\/comments?post=263628"}],"wp:featuredmedia":[{"embeddable":true,"href":"https:\/\/baldumarket.lt\/lt\/wp-json\/wp\/v2\/media\/263629"}],"wp:attachment":[{"href":"https:\/\/baldumarket.lt\/lt\/wp-json\/wp\/v2\/media?parent=263628"}],"wp:term":[{"taxonomy":"product_brand","embeddable":true,"href":"https:\/\/baldumarket.lt\/lt\/wp-json\/wp\/v2\/product_brand?post=263628"},{"taxonomy":"product_cat","embeddable":true,"href":"https:\/\/baldumarket.lt\/lt\/wp-json\/wp\/v2\/product_cat?post=263628"},{"taxonomy":"product_tag","embeddable":true,"href":"https:\/\/baldumarket.lt\/lt\/wp-json\/wp\/v2\/product_tag?post=263628"}],"curies":[{"name":"wp","href":"https:\/\/api.w.org\/{rel}","templated":true}]}}