{"id":263620,"date":"2026-01-13T23:42:43","date_gmt":"2026-01-13T20:42:43","guid":{"rendered":"https:\/\/baldumarket.lt\/product\/regal-dwudrzwiowy-z-dwoma-szufladami-zamykany-space-office-80-cm-dab-artisan\/"},"modified":"2026-02-11T18:18:59","modified_gmt":"2026-02-11T15:18:59","slug":"regal-dwudrzwiowy-z-dwoma-szufladami-zamykany-space-office-80-cm-dab-artisan","status":"publish","type":"product","link":"https:\/\/baldumarket.lt\/lt\/product\/regal-dwudrzwiowy-z-dwoma-szufladami-zamykany-space-office-80-cm-dab-artisan\/","title":{"rendered":"Dvidur\u0117 knyg\u0173 lentyna su dviem stal\u010diais, u\u017edara, SPACE OFFICE, 80 cm, \u0105\u017euolo imitacija"},"content":{"rendered":"<p>\u201eSpace Office\u201c lentyna \u2013 trys organizavimo zonos. \u201eSpace Office\u201c lentyna yra daugiau nei tik biuro baldai. Tai visapusi\u0161kas sprendimas, kuris d\u0117l trij\u0173 skirting\u0173 laikymo zon\u0173 ne tik palengvina organizavim\u0105, bet ir pakelia biuro funkcionalumo standartus. Su\u017einokite, kaip \u0161ios trys zonos leid\u017eia lengvai ir efektyviai tvarkyti daiktus! \u201eSpace Office\u201c lentyna si\u016blo daugiau nei du stal\u010dius ir u\u017edar\u0105 spintel\u0119. Ji turi tris skirtingas zonas, kurios leid\u017eia tiksliai sutvarkyti biuro reikmenis ir dokumentus. Du stal\u010diai puikiai tinka smulkiems daiktams, atviros lentynos leid\u017eia greitai pasiekti da\u017enai naudojamus daiktus, o u\u017edara spintel\u0117 apsaugo konfidencialius dokumentus ar asmeninius daiktus. Lentyn\u0173 blokas pagamintas i\u0161 \u012fbr\u0117\u017eimams atsparios laminuotos plok\u0161t\u0117s, u\u017etikrinan\u010dios patvarum\u0105 ir estetik\u0105. Kasdienis naudojimas \u0161iai lentyn\u0173 sistemai nesukelia problem\u0173 \u2013 ji i\u0161lieka puikios b\u016bkl\u0117s, u\u017etikrindama, kad j\u016bs\u0173 biuras visada atrodyt\u0173 profesionaliai. \u0160velnus u\u017edarymas ramybei darbe:<br \/>\nVyriai ir kreipian\u010diosios su \u0161velniu u\u017edarymu yra ne tik detal\u0117 \u2013 jie daro \u012ftak\u0105 biuro atmosferai. Be nereikalingo triuk\u0161mo ir bar\u0161k\u0117jimo darbas tampa ramesnis, o susikaupimas \u2013 auk\u0161\u010diausio lygio. Modernus lentynos dizainas, i\u0161reik\u0161tas auk\u0161tos kokyb\u0117s laminatu i\u0161 dirbtinio \u0105\u017euolo, puikiai papildo interjero dizaino tendencijas. Nesvarbu, ar j\u016bs\u0173 biuras yra lofto, ar pramoninio stiliaus, \u201eSpace Office\u201c lentyna puikiai dera prie modernaus i\u0161d\u0117stymo. \u201eSpace Office\u201c lentyna yra ne tik atskiras baldas, bet ir didesn\u0117s visumos dalis. Ji gali b\u016bti puikus biuro papildymas, bet ir dera su kitais \u201eSpace Office\u201c kolekcijos baldais, sukurdama darni\u0105 ir funkcionali\u0105 erdv\u0119. \u201eSpace Office\u201c lentyna yra ne tik biuro baldas; tai i\u0161manus sprendimas tiems, kurie vertina tvark\u0105 ir efektyvum\u0105 darbe. Trys organizavimo zonos, patvarumas, \u0161velnaus u\u017edarymo sistema ir modernus dizainas \u2013 tai savyb\u0117s, i\u0161skirian\u010dios \u0161i\u0105 lentyn\u0105 i\u0161 kit\u0173 biuro bald\u0173. Investuokite \u012f erdv\u0117s organizavim\u0105 su \u201eSpace Office\u201c lentyna ir pajuskite skirtum\u0105 savo kasdieniame darbe!<\/p>\n<p>Prek\u0117s kodas S479-REG2D2S\/200\/Z-DASN Simbolis ZM EAN Plotis 80 cm Gylis 37 cm Auk\u0161tis 202,5 cm Kolekcija Erdv\u0117 Biuras Spalva meni\u0161kas \u0105\u017euolas Atspalvis \u0161viesi mediena Stilius modernus Med\u017eiaga laminatas Dureli\u0173 skai\u010dius 2 dur\u0173 Stal\u010di\u0173 skai\u010dius 2 stal\u010diai Rankena su rankenomis Gamintojas Juoda Raudona Balta Baldo tipas Lentynos ir vitrinos PVM 23% EAN 5906123707718<\/p>","protected":false},"excerpt":{"rendered":"<p>Space Office Shelf &#8211; Three Zones of Organization. The Space Office Shelf is more than just office furniture. It&#8217;s a comprehensive solution that, thanks to three distinct storage zones, not only facilitates organization but also raises the standards of functionality in the office. Discover how these three zones make storage easy and efficient! The Space [&hellip;]<\/p>","protected":false},"featured_media":263621,"comment_status":"open","ping_status":"open","template":"","meta":[],"product_brand":[],"product_cat":[9200,1177],"product_tag":[],"class_list":{"0":"post-263620","1":"product","2":"type-product","3":"status-publish","4":"has-post-thumbnail","6":"product_cat-black-red-white","7":"product_cat-wardrobes","9":"first","10":"instock","11":"purchasable","12":"product-type-simple"},"_links":{"self":[{"href":"https:\/\/baldumarket.lt\/lt\/wp-json\/wp\/v2\/product\/263620","targetHints":{"allow":["GET"]}}],"collection":[{"href":"https:\/\/baldumarket.lt\/lt\/wp-json\/wp\/v2\/product"}],"about":[{"href":"https:\/\/baldumarket.lt\/lt\/wp-json\/wp\/v2\/types\/product"}],"replies":[{"embeddable":true,"href":"https:\/\/baldumarket.lt\/lt\/wp-json\/wp\/v2\/comments?post=263620"}],"wp:featuredmedia":[{"embeddable":true,"href":"https:\/\/baldumarket.lt\/lt\/wp-json\/wp\/v2\/media\/263621"}],"wp:attachment":[{"href":"https:\/\/baldumarket.lt\/lt\/wp-json\/wp\/v2\/media?parent=263620"}],"wp:term":[{"taxonomy":"product_brand","embeddable":true,"href":"https:\/\/baldumarket.lt\/lt\/wp-json\/wp\/v2\/product_brand?post=263620"},{"taxonomy":"product_cat","embeddable":true,"href":"https:\/\/baldumarket.lt\/lt\/wp-json\/wp\/v2\/product_cat?post=263620"},{"taxonomy":"product_tag","embeddable":true,"href":"https:\/\/baldumarket.lt\/lt\/wp-json\/wp\/v2\/product_tag?post=263620"}],"curies":[{"name":"wp","href":"https:\/\/api.w.org\/{rel}","templated":true}]}}