{"id":263612,"date":"2026-01-13T23:42:37","date_gmt":"2026-01-13T20:42:37","guid":{"rendered":"https:\/\/baldumarket.lt\/product\/regal-dwudrzwiowy-z-dwoma-szufladami-zamykany-niski-space-office-80-cm-dab-artisan\/"},"modified":"2026-02-11T18:18:59","modified_gmt":"2026-02-11T15:18:59","slug":"regal-dwudrzwiowy-z-dwoma-szufladami-zamykany-niski-space-office-80-cm-dab-artisan","status":"publish","type":"product","link":"https:\/\/baldumarket.lt\/lt\/product\/regal-dwudrzwiowy-z-dwoma-szufladami-zamykany-niski-space-office-80-cm-dab-artisan\/","title":{"rendered":"Dvidur\u0117, \u017eemai montuojama SPACE OFFICE knyg\u0173 lentyna su dviem stal\u010diais, 80 cm, \u0105\u017euolo imitacija"},"content":{"rendered":"<p>\u201eSpace Office\u201c lentyna \u2013 puikus sprendimas j\u016bs\u0173 biurui. \u201eSpace Office\u201c lentyna \u2013 tai modernaus dizaino, funkcionalumo ir auk\u0161tos kokyb\u0117s med\u017eiag\u0173 harmonija, tod\u0117l tai puikus pasirinkimas j\u016bs\u0173 biurui. Prakti\u0161ki stal\u010di\u0173 ir lentyn\u0173 skyriai leid\u017eia efektyviai susitvarkyti biuro reikmenis ir dokumentus, o u\u017erakinamas dizainas apsaugo juos nuo neteis\u0117tos prieigos. Pagaminta i\u0161 auk\u0161tos kokyb\u0117s laminato, lentyna yra atspari \u012fbr\u0117\u017eimams ir d\u0117m\u0117ms, i\u0161laikant estetin\u0119 i\u0161vaizd\u0105 ilgus metus. \u0160velniai u\u017esidarantys vyriai ir kreipian\u010diosios padidina naudojimo patogum\u0105 ir u\u017etikrina saug\u0173 veikim\u0105. Padalijimas \u012f du plok\u0161\u010dius stal\u010dius ir atidarom\u0105 skyri\u0173 su lentyna leid\u017eia susitvarkyti dokumentus, susisteminti segtuvus ir susisteminti viet\u0105 smulkiems daiktams. 80\/30\/122 cm lentyna gali b\u016bti atskiras biuro baldas arba neatsiejama darnaus i\u0161d\u0117stymo dalis, derinama su kitais \u201eSpace Office\u201c serijos baldais. Ji si\u016blo funkcionalum\u0105, stili\u0173 ir patvarum\u0105 viename!<\/p>\n<p>Prek\u0117s kodas S479-REG2D2S\/120\/Z-DASN Simbolis ZM EAN Plotis 80 cm Gylis 37 cm Auk\u0161tis 122 cm Kolekcija Erdv\u0117 Biuras Spalva meni\u0161kas \u0105\u017euolas Atspalvis \u0161viesi mediena Stilius modernus Med\u017eiaga laminatas Dureli\u0173 skai\u010dius 2 dur\u0173 Stal\u010di\u0173 skai\u010dius 2 stal\u010diai Rankena su rankenomis Gamintojas Juoda Raudona Balta Bald\u0173 tipas Lentynos ir vitrinos PVM mokestis 23% EAN 5906123707695<\/p>","protected":false},"excerpt":{"rendered":"<p>The Space Office Shelf \u2013 the perfect solution for your office. The Space Office Shelf is a harmony of modern design, functionality, and high-quality materials, making it the perfect choice for your office. Practical drawer and shelf divisions allow for efficient organization of office accessories and documents, while the lockable design protects them from unauthorized [&hellip;]<\/p>","protected":false},"featured_media":263613,"comment_status":"open","ping_status":"open","template":"","meta":[],"product_brand":[],"product_cat":[9200,1177],"product_tag":[],"class_list":{"0":"post-263612","1":"product","2":"type-product","3":"status-publish","4":"has-post-thumbnail","6":"product_cat-black-red-white","7":"product_cat-wardrobes","9":"first","10":"instock","11":"purchasable","12":"product-type-simple"},"_links":{"self":[{"href":"https:\/\/baldumarket.lt\/lt\/wp-json\/wp\/v2\/product\/263612","targetHints":{"allow":["GET"]}}],"collection":[{"href":"https:\/\/baldumarket.lt\/lt\/wp-json\/wp\/v2\/product"}],"about":[{"href":"https:\/\/baldumarket.lt\/lt\/wp-json\/wp\/v2\/types\/product"}],"replies":[{"embeddable":true,"href":"https:\/\/baldumarket.lt\/lt\/wp-json\/wp\/v2\/comments?post=263612"}],"wp:featuredmedia":[{"embeddable":true,"href":"https:\/\/baldumarket.lt\/lt\/wp-json\/wp\/v2\/media\/263613"}],"wp:attachment":[{"href":"https:\/\/baldumarket.lt\/lt\/wp-json\/wp\/v2\/media?parent=263612"}],"wp:term":[{"taxonomy":"product_brand","embeddable":true,"href":"https:\/\/baldumarket.lt\/lt\/wp-json\/wp\/v2\/product_brand?post=263612"},{"taxonomy":"product_cat","embeddable":true,"href":"https:\/\/baldumarket.lt\/lt\/wp-json\/wp\/v2\/product_cat?post=263612"},{"taxonomy":"product_tag","embeddable":true,"href":"https:\/\/baldumarket.lt\/lt\/wp-json\/wp\/v2\/product_tag?post=263612"}],"curies":[{"name":"wp","href":"https:\/\/api.w.org\/{rel}","templated":true}]}}