{"id":263604,"date":"2026-01-13T23:42:30","date_gmt":"2026-01-13T20:42:30","guid":{"rendered":"https:\/\/baldumarket.lt\/product\/regal-dwudrzwiowy-z-dwoma-szufladami-weston-120-cm-sosna-old-style-ciemna-matera\/"},"modified":"2026-02-11T18:18:59","modified_gmt":"2026-02-11T15:18:59","slug":"regal-dwudrzwiowy-z-dwoma-szufladami-weston-120-cm-sosna-old-style-ciemna-matera","status":"publish","type":"product","link":"https:\/\/baldumarket.lt\/lt\/product\/regal-dwudrzwiowy-z-dwoma-szufladami-weston-120-cm-sosna-old-style-ciemna-matera\/","title":{"rendered":"WESTON dvidur\u0117 knyg\u0173 lentyna su dviem stal\u010diais, 120 cm, senovinio stiliaus, tamsi pu\u0161is\/\u010diu\u017einys"},"content":{"rendered":"<p>\u2019Weston\u201c knyg\u0173 spinta \u2013 prakti\u0161ka daikt\u0173 laikymo vieta su lofto stiliumi. Projektuojant studento kambar\u012f, labai svarbu sukurti erdv\u0119, kurioje tilpt\u0173 ne tik visi b\u016btiniausi daiktai, bet ir atsispind\u0117t\u0173 unikalus naudotojo stilius bei charakteris. \u201eWeston\u201c knyg\u0173 spinta yra ne tik erdvus daikt\u0173 laikymo sprendimas, bet ir dizainerio elementas, suteikiantis kambariui lofto stiliaus atmosfer\u0105. Tur\u0117dama tris atviras erdves, du prakti\u0161kus stal\u010dius ir dvi erdvias spinteles, \u201eWeston\u201c knyg\u0173 spinta si\u016blo \u012fvairias vadov\u0117li\u0173, pratyb\u0173 s\u0105siuvini\u0173, dokument\u0173 ir net \u017eaisl\u0173 ar apdovanojim\u0173 laikymo galimybes. Tvarkingas vidus leid\u017eia lengvai palaikyti tvark\u0105 kambaryje. Knyg\u0173 spintos dizain\u0105 i\u0161skiria pastorintos \u0161onin\u0117s sienel\u0117s, stalvir\u0161iai ir tvirtos rankenos, suteikian\u010dios jai minimalistinio stiliaus. Meni\u0161ko \u0105\u017euolo fasadai puikiai dera su tamsiu knyg\u0173 spintos korpusu, sukurdami darni\u0105 ir stiling\u0105 visum\u0105. Dideli knyg\u0173 spintos matmenys (120 x 40 x 150 cm) leid\u017eia j\u0105 naudoti tiek didesniuose kambariuose, tiek ma\u017eesniuose paaugli\u0173 kambariuose. Ji gali tarnauti kaip centrinis baldas kartu su lova, stalu ir spinta, sukurdama i\u0161sami\u0105 ir funkcionali\u0105 erdv\u0119 mokymuisi ir poilsiui. \u201eWeston\u201c knyg\u0173 lentyna puikiai dera su kitais kolekcijos elementais, tokiais kaip ra\u0161omasis stalas ar lova, ir sukuria darn\u0173 jaunimo kambario \u012fvaizd\u012f. Galima rinktis i\u0161 dviej\u0173 spalv\u0173 (Old Style Pine\/Matera ir Artisan Oak\/Matera), tod\u0117l knyg\u0173 lentyn\u0105 galima pritaikyti prie individuali\u0173 pageidavim\u0173 ir interjero stiliaus. Trumpai tariant, \u201eWeston\u201c knyg\u0173 lentyna yra ne tik prakti\u0161ka daikt\u0173 laikymo vieta, bet ir dizainerio sukurtas elementas, suteikiantis jaunimo kambariui charakterio ir funkcionalumo.<\/p>\n<p>Prek\u0117s kodas S483-REG2D2S-SOSTC\/MTA Simbolis ZM EAN Plotis 120 cm Gylis 40 cm Auk\u0161tis 150 cm Kolekcija Weston Spalva senovinio stiliaus tamsi pu\u0161is\/matera Gaubtas tamsi mediena Stilius modernus Med\u017eiaga laminatas Dureli\u0173 skai\u010dius 2 dur\u0173 Stal\u010di\u0173 skai\u010dius 2 stal\u010diai Rankena su rankenomis Gamintojas Juoda Raudona Balta Bald\u0173 tipas Lentynos ir vitrinos PVM mokestis 23% EAN 5906123708449<\/p>","protected":false},"excerpt":{"rendered":"<p>Weston Bookcase &#8211; Practical Storage with a Loft Style. When designing a student&#8217;s room, it&#8217;s crucial to create a space that not only accommodates all the essentials but also reflects the user&#8217;s unique style and character. The Weston Bookcase is not only a spacious storage solution but also a designer element that brings a loft-style [&hellip;]<\/p>","protected":false},"featured_media":263605,"comment_status":"open","ping_status":"open","template":"","meta":[],"product_brand":[],"product_cat":[9200,1177],"product_tag":[],"class_list":{"0":"post-263604","1":"product","2":"type-product","3":"status-publish","4":"has-post-thumbnail","6":"product_cat-black-red-white","7":"product_cat-wardrobes","9":"first","10":"instock","11":"purchasable","12":"product-type-simple"},"_links":{"self":[{"href":"https:\/\/baldumarket.lt\/lt\/wp-json\/wp\/v2\/product\/263604","targetHints":{"allow":["GET"]}}],"collection":[{"href":"https:\/\/baldumarket.lt\/lt\/wp-json\/wp\/v2\/product"}],"about":[{"href":"https:\/\/baldumarket.lt\/lt\/wp-json\/wp\/v2\/types\/product"}],"replies":[{"embeddable":true,"href":"https:\/\/baldumarket.lt\/lt\/wp-json\/wp\/v2\/comments?post=263604"}],"wp:featuredmedia":[{"embeddable":true,"href":"https:\/\/baldumarket.lt\/lt\/wp-json\/wp\/v2\/media\/263605"}],"wp:attachment":[{"href":"https:\/\/baldumarket.lt\/lt\/wp-json\/wp\/v2\/media?parent=263604"}],"wp:term":[{"taxonomy":"product_brand","embeddable":true,"href":"https:\/\/baldumarket.lt\/lt\/wp-json\/wp\/v2\/product_brand?post=263604"},{"taxonomy":"product_cat","embeddable":true,"href":"https:\/\/baldumarket.lt\/lt\/wp-json\/wp\/v2\/product_cat?post=263604"},{"taxonomy":"product_tag","embeddable":true,"href":"https:\/\/baldumarket.lt\/lt\/wp-json\/wp\/v2\/product_tag?post=263604"}],"curies":[{"name":"wp","href":"https:\/\/api.w.org\/{rel}","templated":true}]}}