{"id":263596,"date":"2026-01-13T23:42:23","date_gmt":"2026-01-13T20:42:23","guid":{"rendered":"https:\/\/baldumarket.lt\/product\/regal-dwudrzwiowy-z-dwoma-szufladami-space-office-80-cm-dab-artisan\/"},"modified":"2026-02-11T18:18:59","modified_gmt":"2026-02-11T15:18:59","slug":"regal-dwudrzwiowy-z-dwoma-szufladami-space-office-80-cm-dab-artisan","status":"publish","type":"product","link":"https:\/\/baldumarket.lt\/lt\/product\/regal-dwudrzwiowy-z-dwoma-szufladami-space-office-80-cm-dab-artisan\/","title":{"rendered":"SPACE OFFICE dviej\u0173 dur\u0173 knyg\u0173 lentyna su dviem stal\u010diais, 80 cm, dirbtinio \u0105\u017euolo spalvos"},"content":{"rendered":"<p>\u201eSpace Office\u201c lentyna \u2013 pritaikykite j\u0105 savo poreikiams. Jei ie\u0161kote lankstaus biuro daikt\u0173 laikymo sprendimo, \u201eSpace Office\u201c lentyna yra tai, ko jums reikia. \u0160is novatori\u0161kas modelis leid\u017eia visi\u0161kai konfig\u016bruoti priekin\u0119 dal\u012f, suteikdamas jums galimyb\u0119 kontroliuoti, kas atidaryta, o kas u\u017edaryta. Atraskite lentynos pritaikymo pagal savo individualius poreikius galimybes! Viena i\u0161 novatori\u0161kiausi\u0173 \u201eSpace Office\u201c lentynos savybi\u0173 yra galimyb\u0117 laisvai konfig\u016bruoti priekines dalis. J\u016bs sprend\u017eiate, kuri lentynos dalis tur\u0117t\u0173 b\u016bti u\u017edaryta, o kuri \u2013 atvira. \u0160i individuali konfig\u016bracija paver\u010dia lentyn\u0105 baldu, pritaikytu unikaliems j\u016bs\u0173 biuro poreikiams. Lentyna yra simetri\u0161ko dizaino, suteikian\u010dio jai pusiausvyr\u0105 ir estetin\u012f patrauklum\u0105. Dvigubas stal\u010dius skiria apatin\u0119 ir vir\u0161utin\u0119 dalis, tod\u0117l galima derinti \u012fvairius variantus su durel\u0117mis apa\u010dioje arba vir\u0161uje. \u0160is lankstus sprendimas leid\u017eia prisitaikyti prie kintan\u010di\u0173 j\u016bs\u0173 biuro erdv\u0117s poreiki\u0173. Lentynos padalijimas \u012f tris daikt\u0173 laikymo zonas yra dar vienas \u0161io modelio privalumas. Tai leid\u017eia lengvai r\u016b\u0161iuoti daiktus ir dar lengviau pasiekti priedus. \u0160i lentyna ne tik padeda palaikyti tvark\u0105, bet ir supaprastina kasdien\u012f darb\u0105. Auk\u0161tos kokyb\u0117s laminatas eleganti\u0161kos meni\u0161ko \u0105\u017euolo spalvos yra ne tik estetinis papildymas, bet ir prakti\u0161kas lentynos elementas. Atsparumas \u012fbr\u0117\u017eimams u\u017etikrina, kad baldas i\u0161likt\u0173 stilingas net ir intensyviai naudojant. \u201eSpace Office\u201c lentyna neb\u016btinai turi stov\u0117ti atskirai. J\u0105 galite derinti su kitais serijos baldais, kad sukurtum\u0117te darn\u0173 ir modern\u0173 biuro i\u0161d\u0117stym\u0105. K\u016brybi\u0161kumas organizuojant erdv\u0119 yra labai svarbus, o \u201eSpace Office\u201c lentyna suteikia jums \u012frankius, pad\u0117sian\u010dius sukurti funkcionali\u0105 ir stiling\u0105 darbo aplink\u0105. \u201eSpace Office\u201c lentyna yra ne tik daiktad\u0117\u017e\u0117; tai novatori\u0161kas po\u017ei\u016bris \u012f biuro erdv\u0117s organizavim\u0105. D\u0117l lanks\u010di\u0173 konfig\u016bravimo galimybi\u0173, simetri\u0161ko dizaino ir trij\u0173 daiktad\u0117\u017ei\u0173 zon\u0173 ji tampa sprendimu, pritaikytu j\u016bs\u0173 biuro poreikiams. Atraskite lankstum\u0105 ir stili\u0173 su \u201eSpace Office\u201c lentyna!<\/p>\n<p>Prek\u0117s kodas S479-REG2D2S\/200-DASN Simbolis ZM EAN Plotis 80 cm Gylis 37 cm Auk\u0161tis 202,5 cm Kolekcija Erdv\u0117 Biuras Spalva meni\u0161kas \u0105\u017euolas Atspalvis \u0161viesi mediena Stilius modernus Med\u017eiaga laminatas Dureli\u0173 skai\u010dius 2 dur\u0173 Stal\u010di\u0173 skai\u010dius 2 stal\u010diai Rankena su rankenomis Gamintojas Juoda Raudona Balta Bald\u0173 tipas Lentynos ir vitrinos PVM mokestis 23% EAN 5906123707725<\/p>","protected":false},"excerpt":{"rendered":"<p>Space Office Shelf &#8211; Configure to Your Needs. If you&#8217;re looking for a flexible office storage solution, the Space Office Shelf is the answer. This innovative model allows for full front configuration, giving you control over what&#8217;s open and what&#8217;s closed. Discover the possibilities of customizing the shelf to your individual requirements! One of the [&hellip;]<\/p>","protected":false},"featured_media":263597,"comment_status":"open","ping_status":"open","template":"","meta":[],"product_brand":[],"product_cat":[9200,1177],"product_tag":[],"class_list":{"0":"post-263596","1":"product","2":"type-product","3":"status-publish","4":"has-post-thumbnail","6":"product_cat-black-red-white","7":"product_cat-wardrobes","9":"first","10":"instock","11":"purchasable","12":"product-type-simple"},"_links":{"self":[{"href":"https:\/\/baldumarket.lt\/lt\/wp-json\/wp\/v2\/product\/263596","targetHints":{"allow":["GET"]}}],"collection":[{"href":"https:\/\/baldumarket.lt\/lt\/wp-json\/wp\/v2\/product"}],"about":[{"href":"https:\/\/baldumarket.lt\/lt\/wp-json\/wp\/v2\/types\/product"}],"replies":[{"embeddable":true,"href":"https:\/\/baldumarket.lt\/lt\/wp-json\/wp\/v2\/comments?post=263596"}],"wp:featuredmedia":[{"embeddable":true,"href":"https:\/\/baldumarket.lt\/lt\/wp-json\/wp\/v2\/media\/263597"}],"wp:attachment":[{"href":"https:\/\/baldumarket.lt\/lt\/wp-json\/wp\/v2\/media?parent=263596"}],"wp:term":[{"taxonomy":"product_brand","embeddable":true,"href":"https:\/\/baldumarket.lt\/lt\/wp-json\/wp\/v2\/product_brand?post=263596"},{"taxonomy":"product_cat","embeddable":true,"href":"https:\/\/baldumarket.lt\/lt\/wp-json\/wp\/v2\/product_cat?post=263596"},{"taxonomy":"product_tag","embeddable":true,"href":"https:\/\/baldumarket.lt\/lt\/wp-json\/wp\/v2\/product_tag?post=263596"}],"curies":[{"name":"wp","href":"https:\/\/api.w.org\/{rel}","templated":true}]}}