{"id":263588,"date":"2026-01-13T23:42:11","date_gmt":"2026-01-13T20:42:11","guid":{"rendered":"https:\/\/baldumarket.lt\/product\/regal-dwudrzwiowy-z-dwoma-szufladami-niski-space-office-80-cm-dab-artisan\/"},"modified":"2026-02-11T18:18:59","modified_gmt":"2026-02-11T15:18:59","slug":"regal-dwudrzwiowy-z-dwoma-szufladami-niski-space-office-80-cm-dab-artisan","status":"publish","type":"product","link":"https:\/\/baldumarket.lt\/lt\/product\/regal-dwudrzwiowy-z-dwoma-szufladami-niski-space-office-80-cm-dab-artisan\/","title":{"rendered":"Dvidur\u0117, dviej\u0173 stal\u010di\u0173 SPACE OFFICE knyg\u0173 lentyna, 80 cm, \u0105\u017euolo imitacija"},"content":{"rendered":"<p>\u201eSpace Office\u201c lentyna \u2013 tobula biuro erdv\u0117s organizavimas. Greitai besikei\u010dian\u010diame pasaulyje efektyvus biuro erdv\u0117s organizavimas tampa pagrindiniu produktyvumo elementu. \u201eSpace Office\u201c lentyna yra ne tik baldas; tai sprendimas, kuris u\u017etikrins tvark\u0105 ir funkcionalum\u0105 j\u016bs\u0173 biure. Pamir\u0161kite netvark\u0105 \u2013 pamatykite, kaip \u0161i unikali lentyn\u0173 sistema gali pakeisti j\u016bs\u0173 darbo viet\u0105. Su dviem stal\u010diais ir u\u017edara dalimi su lentynomis, lentyn\u0173 sistema leid\u017eia lengvai organizuoti ir laikyti biuro reikmenis. Visk\u0105 raskite vienoje vietoje, negai\u0161dami brangaus laiko paie\u0161koms. Tai puikus sprendimas tiems, kurie vertina efektyvi\u0105 organizacij\u0105. \u201eSpace Office\u201c lentyn\u0105 i\u0161skiria ne tik funkcionalumas, bet ir tvirta konstrukcija bei auk\u0161tos kokyb\u0117s med\u017eiagos. Specialus laminatas, pasi\u017eymintis padidintu atsparumu \u012fbr\u0117\u017eimams ir d\u0117m\u0117ms, u\u017etikrina, kad lentyn\u0173 sistema i\u0161laikyt\u0173 estetik\u0105 net ir po ilgo naudojimo. Be to, stilinga meni\u0161ko \u0105\u017euolo spalva suteikia elegancijos ir profesionalumo bet kokiai biuro aplinkai. Lentyn\u0173 vyriai ir kreiptuvai sukurti galvojant apie ramyb\u0119 ir susikaupim\u0105. \u0160velnaus u\u017edarymo sistema i\u0161vengia erzinan\u010di\u0173 dur\u0173 ar stal\u010di\u0173 trankymo gars\u0173. Susitelkite \u012f savo darb\u0105 be nereikalingo bla\u0161kymosi!<br \/>\n\u0160i 80\/30\/122 cm lentyn\u0173 sistema puikiai tinka tiek erdviems, tiek ma\u017eiems biurams. Jos funkcionalumo neriboja kambario dydis, tod\u0117l tai universalus pasirinkimas \u012fvairi\u0173 tip\u0173 biurams. Be to, galimyb\u0117 j\u0105 derinti su kitais \u201eSpace Office\u201c kolekcijos baldais suteikia laisv\u0119 suasmeninti erdv\u0119.<br \/>\n\u201eSpace Office\u201c lentyn\u0173 blokas yra daugiau nei tiesiog biuro baldai; tai investicija \u012f tvark\u0105 ir efektyvum\u0105. D\u0117l i\u0161manios konstrukcijos, patvarumo ir esteti\u0161ko dizaino darbas tampa malonesnis ir suteikia j\u016bs\u0173 biuro erdvei nauj\u0105 dimensij\u0105. Sutvarkykite savo biuro erdv\u0119 su \u201eSpace Office\u201c lentyn\u0173 bloku ir patirkite harmonij\u0105 kasdieniame darbe!<\/p>\n<p>Prek\u0117s kodas S479-REG2D2S\/120-DASN Simbolis ZM EAN Plotis 80 cm Gylis 37 cm Auk\u0161tis 122 cm Kolekcija Erdv\u0117 Biuras Spalva meni\u0161kas \u0105\u017euolas Atspalvis \u0161viesi mediena Stilius modernus Med\u017eiaga laminatas Dureli\u0173 skai\u010dius 2 dur\u0173 Stal\u010di\u0173 skai\u010dius 2 stal\u010diai Rankena su rankenomis Gamintojas Juoda Raudona Balta Bald\u0173 tipas Lentynos ir vitrinos PVM mokestis 23% EAN 5906123707701<\/p>","protected":false},"excerpt":{"rendered":"<p>Space Office Shelf &#8211; Perfect Office Space Organization. In a fast-paced world, effective office space organization is becoming a key element of productivity. The Space Office Shelf isn&#8217;t just a piece of furniture; it&#8217;s a solution that will ensure order and functionality in your office. Forget about clutter \u2013 see how this unique shelving unit [&hellip;]<\/p>","protected":false},"featured_media":263589,"comment_status":"open","ping_status":"open","template":"","meta":[],"product_brand":[],"product_cat":[9200,1177],"product_tag":[],"class_list":{"0":"post-263588","1":"product","2":"type-product","3":"status-publish","4":"has-post-thumbnail","6":"product_cat-black-red-white","7":"product_cat-wardrobes","9":"first","10":"instock","11":"purchasable","12":"product-type-simple"},"_links":{"self":[{"href":"https:\/\/baldumarket.lt\/lt\/wp-json\/wp\/v2\/product\/263588","targetHints":{"allow":["GET"]}}],"collection":[{"href":"https:\/\/baldumarket.lt\/lt\/wp-json\/wp\/v2\/product"}],"about":[{"href":"https:\/\/baldumarket.lt\/lt\/wp-json\/wp\/v2\/types\/product"}],"replies":[{"embeddable":true,"href":"https:\/\/baldumarket.lt\/lt\/wp-json\/wp\/v2\/comments?post=263588"}],"wp:featuredmedia":[{"embeddable":true,"href":"https:\/\/baldumarket.lt\/lt\/wp-json\/wp\/v2\/media\/263589"}],"wp:attachment":[{"href":"https:\/\/baldumarket.lt\/lt\/wp-json\/wp\/v2\/media?parent=263588"}],"wp:term":[{"taxonomy":"product_brand","embeddable":true,"href":"https:\/\/baldumarket.lt\/lt\/wp-json\/wp\/v2\/product_brand?post=263588"},{"taxonomy":"product_cat","embeddable":true,"href":"https:\/\/baldumarket.lt\/lt\/wp-json\/wp\/v2\/product_cat?post=263588"},{"taxonomy":"product_tag","embeddable":true,"href":"https:\/\/baldumarket.lt\/lt\/wp-json\/wp\/v2\/product_tag?post=263588"}],"curies":[{"name":"wp","href":"https:\/\/api.w.org\/{rel}","templated":true}]}}