{"id":263584,"date":"2026-01-13T23:42:07","date_gmt":"2026-01-13T20:42:07","guid":{"rendered":"https:\/\/baldumarket.lt\/product\/regal-dwudrzwiowy-z-dwoma-szufladami-nandu-795-cm-jasny-szary-dab-polski-bialy-polysk\/"},"modified":"2026-02-11T18:18:59","modified_gmt":"2026-02-11T15:18:59","slug":"regal-dwudrzwiowy-z-dwoma-szufladami-nandu-795-cm-jasny-szary-dab-polski-bialy-polysk","status":"publish","type":"product","link":"https:\/\/baldumarket.lt\/lt\/product\/regal-dwudrzwiowy-z-dwoma-szufladami-nandu-795-cm-jasny-szary-dab-polski-bialy-polysk\/","title":{"rendered":"NANDU dvidur\u0117 knyg\u0173 lentyna su dviem stal\u010diais 79.5 cm \u0161viesiai pilka\/poliruoto \u0105\u017euolo\/blizgios baltos spalvos"},"content":{"rendered":"<p>\u201eNandu\u201c knyg\u0173 spinta \u2013 asimetri\u0161ka organizavimo galimyb\u0117 moderniu stiliumi. Pasiruo\u0161kite jaunimo kambario dizaino revoliucijai! \u201eNandu\u201c knyg\u0173 spinta ne tik tarnauja kaip daikt\u0173 laikymo vieta, bet ir tampa dizaino elementu, derinan\u010diu original\u0173 dizain\u0105 su funkcionalumu. Geometrinis \u201eNandu\u201c knyg\u0173 spintos dizainas yra asimetrijos ir funkcionalumo derinys. \u012evairios lentynos leid\u017eia unikaliai laikyti knygas, vadov\u0117lius ir dekoracijas. Dvi spintel\u0117s ir du stal\u010diai suteikia organizavimo genialumo, leid\u017eia pasl\u0117ptai laikyti \u012fvairius daiktus. \u0160viesiai pilkas r\u0117mas ir lenki\u0161ko \u0105\u017euolo apdaila lentynose sukuria harmoning\u0105 pagrind\u0105, o blizgios baltos fasadai suteikia modernumo. Spalv\u0173 ir ra\u0161t\u0173 m\u0117g\u0117jams taip pat galima \u012fsigyti stal\u010diaus fasad\u0105 su komiks\u0173 spauda, suteikiant\u012f ekstravagancijos. Knyg\u0173 lentynos fasadai be ranken\u0117li\u0173 pabr\u0117\u017eia modern\u0173 baldo charakter\u012f, o \u0161velnaus u\u017edarymo vyri\u0173 sistema u\u017etikrina patog\u0173 kasdien\u012f naudojim\u0105. Kiekvienas atidarymas ir u\u017edarymas tampa ne\u012ftik\u0117tinai sklandus ir malonus. \u201eNandu\u201c knyg\u0173 spinta puikiai dera su kitais kolekcijos elementais. J\u0105 derinant su stalu, lentyna ar spintele, sukuriama darni erdv\u0117, palanki mokymuisi, pramogoms ir poilsiui. \u201eNandu\u201c knyg\u0173 lentyna yra ne tik daikt\u0173 laikymo vieta; Tai interjero dizaino elementas, atspindintis \u0161iuolaikin\u012f gyvenimo b\u016bd\u0105. Sukurkite unikali\u0105 erdv\u0119 jaunimui, kurioje der\u0117t\u0173 funkcionalumas, dizainas ir savirai\u0161kos laisv\u0117.<\/p>\n<p>Prek\u0117s kodas S441-REG2D2S-JSZ\/DP\/BIP Simbolis ZM EAN Plotis 79,5 cm Gylis 39 cm Auk\u0161tis 164 cm Kolekcija Nandu Spalva \u0161viesiai pilka\/poliruoto \u0105\u017euolo\/blizgi balta Pilkos spalvos atspalvis Stilius modernus Med\u017eiaga laminatas Dureli\u0173 skai\u010dius 2 dur\u0173 Stal\u010di\u0173 skai\u010dius 2 stal\u010diai Rankena be ranken\u0117li\u0173 Gamintojas Juoda Raudona Balta Baldo tipas Lentynos ir vitrinos PVM 23% EAN 5906123952545<\/p>","protected":false},"excerpt":{"rendered":"<p>\u201eNandu\u201c knyg\u0173 spinta \u2013 asimetri\u0161ka organizavimo priemon\u0117 moderniu stiliumi. Pasiruo\u0161kite jaunimo kambario dizaino revoliucijai! \u201eNandu\u201c knyg\u0173 spinta ne tik tarnauja kaip daikt\u0173 laikymo vieta, bet ir tampa dizaino elementu, derinan\u010diu original\u0173 dizain\u0105 su funkcionalumu. Geometrinis \u201eNandu\u201c knyg\u0173 spintos dizainas yra asimetrijos ir funkcionalumo derinys. \u012evairios lentynos leid\u017eia [\u2026]<\/p>","protected":false},"featured_media":263585,"comment_status":"open","ping_status":"open","template":"","meta":[],"product_brand":[],"product_cat":[9200,1177],"product_tag":[],"class_list":{"0":"post-263584","1":"product","2":"type-product","3":"status-publish","4":"has-post-thumbnail","6":"product_cat-black-red-white","7":"product_cat-wardrobes","9":"first","10":"instock","11":"purchasable","12":"product-type-simple"},"_links":{"self":[{"href":"https:\/\/baldumarket.lt\/lt\/wp-json\/wp\/v2\/product\/263584","targetHints":{"allow":["GET"]}}],"collection":[{"href":"https:\/\/baldumarket.lt\/lt\/wp-json\/wp\/v2\/product"}],"about":[{"href":"https:\/\/baldumarket.lt\/lt\/wp-json\/wp\/v2\/types\/product"}],"replies":[{"embeddable":true,"href":"https:\/\/baldumarket.lt\/lt\/wp-json\/wp\/v2\/comments?post=263584"}],"wp:featuredmedia":[{"embeddable":true,"href":"https:\/\/baldumarket.lt\/lt\/wp-json\/wp\/v2\/media\/263585"}],"wp:attachment":[{"href":"https:\/\/baldumarket.lt\/lt\/wp-json\/wp\/v2\/media?parent=263584"}],"wp:term":[{"taxonomy":"product_brand","embeddable":true,"href":"https:\/\/baldumarket.lt\/lt\/wp-json\/wp\/v2\/product_brand?post=263584"},{"taxonomy":"product_cat","embeddable":true,"href":"https:\/\/baldumarket.lt\/lt\/wp-json\/wp\/v2\/product_cat?post=263584"},{"taxonomy":"product_tag","embeddable":true,"href":"https:\/\/baldumarket.lt\/lt\/wp-json\/wp\/v2\/product_tag?post=263584"}],"curies":[{"name":"wp","href":"https:\/\/api.w.org\/{rel}","templated":true}]}}