{"id":263580,"date":"2026-01-13T23:42:03","date_gmt":"2026-01-13T20:42:03","guid":{"rendered":"https:\/\/baldumarket.lt\/product\/regal-dwudrzwiowy-z-dwoma-szufladami-kaspian-90-cm-dab-sonoma-dab-sonoma\/"},"modified":"2026-02-11T18:19:00","modified_gmt":"2026-02-11T15:19:00","slug":"regal-dwudrzwiowy-z-dwoma-szufladami-kaspian-90-cm-dab-sonoma-dab-sonoma","status":"publish","type":"product","link":"https:\/\/baldumarket.lt\/lt\/product\/regal-dwudrzwiowy-z-dwoma-szufladami-kaspian-90-cm-dab-sonoma-dab-sonoma\/","title":{"rendered":"Dvidur\u0117 knyg\u0173 lentyna su dviem stal\u010diais KASPIAN 90 cm, Sonoma \u0105\u017euolas\/Sonoma \u0105\u017euolas"},"content":{"rendered":"<p>U\u017edara lentyna \u201eKaspian\u201c \u2013 puikus sprendimas j\u016bs\u0173 interjerui. \u201eKaspian Furniture\u201c \u2013 prek\u0117s \u017eenklas, \u017einomas d\u0117l auk\u0161tos kokyb\u0117s ir funkcionalumo. Vienas i\u0161 naujausi\u0173 j\u0173 kolekcijos papildym\u0173 \u2013 u\u017edara lentyna \u201eKaspian\u201c, sukurta galvojant apie daikt\u0173 laikym\u0105, estetik\u0105 ir modern\u0173 dizain\u0105. \u0160iame straipsnyje atid\u017eiau panagrin\u0117sime \u0161\u012f gamin\u012f ir su\u017einosime, kod\u0117l j\u012f verta tur\u0117ti savo interjere. Firminiai vyriai skland\u017eiam ir tiksliam veikimui.<br \/>\n\u201eKaspian\u201c u\u017edara lentyna turi firminius vyrius, kurie garantuoja skland\u0173 fasad\u0173 atidarym\u0105 ir u\u017edarym\u0105. Tai ne tik u\u017etikrina paprast\u0105 naudojim\u0105, bet ir baldo patvarum\u0105. Be to, \u0161ie vyriai leid\u017eia tiksliai reguliuoti fasadus trijose skirtingose plok\u0161tumose. Tai idealus sprendimas tiems, kurie vertina galimyb\u0119 pritaikyti baldus pagal savo poreikius. \u201eKaspian\u201c yra ne tik funkcionali, bet ir patvari. Lentyn\u0173 \u0161onai yra \u0161iek tiek pastorinti, o tai ne tik sustiprina konstrukcij\u0105, bet ir suteikia elegancijos. Tai itin svarbu, ypa\u010d jei ie\u0161kote patvaraus ir esteti\u0161kai patrauklaus interjero. Modernus dizainas<br \/>\n\u0160is baldas puikiai dera prie modernaus interjero. Fasadai be ranken\u0117li\u0173 suteikia jam minimalistin\u012f charakter\u012f, kuris \u0161iuo metu yra labai madingas. Tai puikus sprendimas tiems, kurie vertina paprastum\u0105 ir elegancij\u0105 dizaine. \u201eKaspian\u201c knyg\u0173 spinta yra ne tik esteti\u0161kai patraukli. Ji taip pat ne\u012ftik\u0117tinai funkcionali. Apatin\u0117je spintel\u0117s dalyje yra du erdv\u016bs stal\u010diai ir keturios prakti\u0161kos lentynos. Tai puiki vieta laikyti knygas, dokumentus, dekoracijas ir kitus smulkius daiktus. Tai u\u017etikrina, kad j\u016bs\u0173 interjeras visada bus tvarkingas ir organizuotas. U\u017edara \u201eKaspian\u201c knyg\u0173 spinta gali b\u016bti derinama su kitais \u201eKaspian\u201c kolekcijos elementais. D\u0117l plataus \u012fvairi\u0173 dyd\u017ei\u0173 ir funkcij\u0173 spinteli\u0173 asortimento galite sukurti stiling\u0105 ir funkcional\u0173 interjer\u0105 savo svetain\u0117je, darbo kambaryje, miegamajame ar valgomajame. Tai ne tik baldas, tai visa interjero dizaino koncepcija. Trumpai tariant, u\u017edara \u201eKaspian\u201c knyg\u0173 spinta yra ne tik daikt\u0173 laikymo spintel\u0117; tai taip pat dekoratyvinis elementas, kuris pagerins bet kokio interjero vizualin\u012f patrauklum\u0105. Firminiai vyriai, tvirta konstrukcija, modernus dizainas ir didelis funkcionalumas yra savyb\u0117s, i\u0161skirian\u010dios \u0161\u012f bald\u0105 i\u0161 kit\u0173. Derindami j\u012f su kitais \u201eKaspian\u201c kolekcijos elementais, galite sukurti darn\u0173 ir stiling\u0105 interjer\u0105, kuris d\u017eiugins jus ilgus metus. Taigi, jei ie\u0161kote tobulos lentynos, apsvarstykite \u201eKaspian\u201c \u2013 bald\u0105, kuriame dera funkcionalumas ir estetika.<\/p>\n<p>Prek\u0117s kodas S128-REG2D2S-DSO\/DSO Simbolis ZM EAN Plotis 90 cm Gylis 40,5 cm Auk\u0161tis 200,5 cm Kolekcija Kaspian Spalva sonoma \u0105\u017euolas Gaubtas \u0161viesios medienos Stilius modernus Dureli\u0173 skai\u010dius 2 dur\u0173 Stal\u010di\u0173 skai\u010dius 2 stal\u010diai Rankena be ranken\u0117li\u0173 Gamintojas Juoda Raudona Balta Baldo tipas Lentynos ir vitrinos PVM 23% EAN 5906123884211<\/p>","protected":false},"excerpt":{"rendered":"<p>U\u017edara lentyna \u201eKaspian\u201c \u2013 puikus sprendimas j\u016bs\u0173 interjerui. \u201eKaspian Furniture\u201c \u2013 prek\u0117s \u017eenklas, \u017einomas d\u0117l auk\u0161tos kokyb\u0117s ir funkcionalumo. Vienas i\u0161 naujausi\u0173 j\u0173 kolekcijos papildym\u0173 \u2013 u\u017edara lentyna \u201eKaspian\u201c, sukurta galvojant apie daikt\u0173 laikym\u0105, estetik\u0105 ir modern\u0173 dizain\u0105. \u0160iame straipsnyje ap\u017evelgsime [\u2026]<\/p>","protected":false},"featured_media":263581,"comment_status":"open","ping_status":"open","template":"","meta":[],"product_brand":[],"product_cat":[9200,1177],"product_tag":[],"class_list":{"0":"post-263580","1":"product","2":"type-product","3":"status-publish","4":"has-post-thumbnail","6":"product_cat-black-red-white","7":"product_cat-wardrobes","9":"first","10":"instock","11":"purchasable","12":"product-type-simple"},"_links":{"self":[{"href":"https:\/\/baldumarket.lt\/lt\/wp-json\/wp\/v2\/product\/263580","targetHints":{"allow":["GET"]}}],"collection":[{"href":"https:\/\/baldumarket.lt\/lt\/wp-json\/wp\/v2\/product"}],"about":[{"href":"https:\/\/baldumarket.lt\/lt\/wp-json\/wp\/v2\/types\/product"}],"replies":[{"embeddable":true,"href":"https:\/\/baldumarket.lt\/lt\/wp-json\/wp\/v2\/comments?post=263580"}],"wp:featuredmedia":[{"embeddable":true,"href":"https:\/\/baldumarket.lt\/lt\/wp-json\/wp\/v2\/media\/263581"}],"wp:attachment":[{"href":"https:\/\/baldumarket.lt\/lt\/wp-json\/wp\/v2\/media?parent=263580"}],"wp:term":[{"taxonomy":"product_brand","embeddable":true,"href":"https:\/\/baldumarket.lt\/lt\/wp-json\/wp\/v2\/product_brand?post=263580"},{"taxonomy":"product_cat","embeddable":true,"href":"https:\/\/baldumarket.lt\/lt\/wp-json\/wp\/v2\/product_cat?post=263580"},{"taxonomy":"product_tag","embeddable":true,"href":"https:\/\/baldumarket.lt\/lt\/wp-json\/wp\/v2\/product_tag?post=263580"}],"curies":[{"name":"wp","href":"https:\/\/api.w.org\/{rel}","templated":true}]}}