{"id":263572,"date":"2026-01-13T23:41:56","date_gmt":"2026-01-13T20:41:56","guid":{"rendered":"https:\/\/baldumarket.lt\/product\/regal-dwudrzwiowy-wysoki-brw-office-79-cm-dab-sonoma\/"},"modified":"2026-02-11T18:19:00","modified_gmt":"2026-02-11T15:19:00","slug":"regal-dwudrzwiowy-wysoki-brw-office-79-cm-dab-sonoma","status":"publish","type":"product","link":"https:\/\/baldumarket.lt\/lt\/product\/regal-dwudrzwiowy-wysoki-brw-office-79-cm-dab-sonoma\/","title":{"rendered":"BRW OFFICE auk\u0161ta dviej\u0173 dur\u0173 knyg\u0173 lentyna, 79 cm, sonoma \u0105\u017euolas"},"content":{"rendered":"<p>Auk\u0161ta u\u017edara knyg\u0173 spinta \u201eBRW Office\u201c\u201eBRW Office\u201c knyg\u0173 spinta puikiai derina pateikim\u0105 ir daikt\u0173 laikym\u0105, tod\u0117l yra idealus sprendimas ie\u0161kantiems biuro bald\u0173. Modernus dizainas ir prakti\u0161kos \u201eBRW Office\u201c kolekcijos savyb\u0117s pateisins visus l\u016bkes\u010dius. \u0160i \u201eBRW Office\u201c knyg\u0173 spinta yra puikus pasirinkimas moderniam biurui \u012frengti. \u012esp\u016bdingo auk\u0161\u010dio joje yra trys atviros lentynos, puikiai tinkan\u010dios knygoms ar dekoratyvin\u0117ms vazoms eksponuoti. Be to, \u012fmontuota apatin\u0117 spintel\u0117s dalis suteikia papildom\u0105 lentyn\u0105, idealiai tinkan\u010di\u0105 svarbiems dokumentams laikyti. Verta atkreipti d\u0117mes\u012f \u012f patraukli\u0105 kolekcijos spalv\u0173 gam\u0105. \u201eSonoma\u201c \u0105\u017euolo knyg\u0173 spinta i\u0161ry\u0161kina ai\u0161ki\u0105 medienos tekst\u016br\u0105, suteikdama interjerui charakterio ir originalumo. Paprastos ranken\u0117l\u0117s leid\u017eia lengvai naudoti knyg\u0173 spint\u0105 kasdien. Nor\u0117dami susikurti savo svajoni\u0173 biuro i\u0161d\u0117stym\u0105, pasinaudokite \u012fvairiais \u201eBRW Office\u201c kolekcijos moduliais, kurie leis jums pritaikyti baldus pagal savo pageidavimus ir poreikius.<\/p>\n<p>Prek\u0117s kodas S173-REG2D\/220-DSO Simbolis ZM EAN Plotis 79 cm Gylis 35 cm Auk\u0161tis 221 cm Kolekcija Brw Office Spalva sonoma \u0105\u017euolas Gaubtas \u0161viesi mediena Stilius modernus Med\u017eiaga laminatas Dureli\u0173 skai\u010dius 2 dur\u0173 Stal\u010di\u0173 skai\u010dius be stal\u010di\u0173 Rankena su rankenomis Gamintojas Juoda Raudona Balta Bald\u0173 tipas Lentynos ir vitrinos PVM mokestis 23% EAN 5906123921510<\/p>","protected":false},"excerpt":{"rendered":"<p>Auk\u0161ta u\u017edara knyg\u0173 spinta \u201eBRW Office\u201c\u201eBRW Office\u201c knyg\u0173 spinta puikiai derina pateikim\u0105 ir daikt\u0173 laikym\u0105, tod\u0117l yra idealus sprendimas ie\u0161kantiems biuro bald\u0173. Modernus dizainas ir prakti\u0161kos savyb\u0117s, kurias si\u016blo \u201eBRW Office\u201c kolekcija, pateisins visus l\u016bkes\u010dius. \u0160i \u201eBRW Office\u201c knyg\u0173 spinta yra puikus pasirinkimas moderniam biurui \u012frengti. \u012esp\u016bdingas jos auk\u0161tis [\u2026]<\/p>","protected":false},"featured_media":263573,"comment_status":"open","ping_status":"open","template":"","meta":[],"product_brand":[],"product_cat":[9200,1177],"product_tag":[],"class_list":{"0":"post-263572","1":"product","2":"type-product","3":"status-publish","4":"has-post-thumbnail","6":"product_cat-black-red-white","7":"product_cat-wardrobes","9":"first","10":"instock","11":"purchasable","12":"product-type-simple"},"_links":{"self":[{"href":"https:\/\/baldumarket.lt\/lt\/wp-json\/wp\/v2\/product\/263572","targetHints":{"allow":["GET"]}}],"collection":[{"href":"https:\/\/baldumarket.lt\/lt\/wp-json\/wp\/v2\/product"}],"about":[{"href":"https:\/\/baldumarket.lt\/lt\/wp-json\/wp\/v2\/types\/product"}],"replies":[{"embeddable":true,"href":"https:\/\/baldumarket.lt\/lt\/wp-json\/wp\/v2\/comments?post=263572"}],"wp:featuredmedia":[{"embeddable":true,"href":"https:\/\/baldumarket.lt\/lt\/wp-json\/wp\/v2\/media\/263573"}],"wp:attachment":[{"href":"https:\/\/baldumarket.lt\/lt\/wp-json\/wp\/v2\/media?parent=263572"}],"wp:term":[{"taxonomy":"product_brand","embeddable":true,"href":"https:\/\/baldumarket.lt\/lt\/wp-json\/wp\/v2\/product_brand?post=263572"},{"taxonomy":"product_cat","embeddable":true,"href":"https:\/\/baldumarket.lt\/lt\/wp-json\/wp\/v2\/product_cat?post=263572"},{"taxonomy":"product_tag","embeddable":true,"href":"https:\/\/baldumarket.lt\/lt\/wp-json\/wp\/v2\/product_tag?post=263572"}],"curies":[{"name":"wp","href":"https:\/\/api.w.org\/{rel}","templated":true}]}}