{"id":263532,"date":"2026-01-13T23:41:19","date_gmt":"2026-01-13T20:41:19","guid":{"rendered":"https:\/\/baldumarket.lt\/product\/regal-dwudrzwiowy-szafka-multido-80-cm-jasny-atelier-4\/"},"modified":"2026-02-11T18:19:00","modified_gmt":"2026-02-11T15:19:00","slug":"regal-dwudrzwiowy-szafka-multido-80-cm-jasny-atelier-4","status":"publish","type":"product","link":"https:\/\/baldumarket.lt\/lt\/product\/regal-dwudrzwiowy-szafka-multido-80-cm-jasny-atelier-4\/","title":{"rendered":"Dviej\u0173 dur\u0173 \u201eMultiDo\u201c spintel\u0117, 80 cm, \u0161viesi, atelj\u0117"},"content":{"rendered":"<p>\u201cMultiDo\u201c dviej\u0173 dur\u0173 knyg\u0173 lentyna \u2013 funkcionalumas biurui ir ne tik. \u201eMultiDo\u201c knyg\u0173 lentyna su 2D\/80 cm durel\u0117mis yra puikus sprendimas \u017emon\u0117ms, kuriems reikia papildomos vietos daiktams laikyti svarbiuose kambariuose, tokiuose kaip biuras, persirengimo kambarys, vonios kambarys ar paauglio kambarys. D\u0117l erdvi\u0173 lentyn\u0173 ir u\u017edar\u0173 spinteli\u0173 galite lengvai susitvarkyti visus savo daiktus, juos tvarkingai ir tuo pa\u010diu metu lengvai pasiekiamus. \u0160i knyg\u0173 lentyna pad\u0117s sukurti esteti\u0161k\u0105 ir funkcionali\u0105 erdv\u0119. Ypatingos savyb\u0117s: Galimos trys apdailos: dirbtinio \u0105\u017euolo, baltos ir grafito, tod\u0117l knyg\u0173 lentyn\u0105 galite priderinti prie bet kokio interjero \u2013 nuo eleganti\u0161ko biuro iki modernaus persirengimo kambario ir stilingo paauglio kambario. Funkcionalumas \u012fvairiuose kambariuose: Biure knyg\u0173 lentyna puikiai tiks dokumentams ir knygoms, persirengimo kambaryje \u2013 drabu\u017eiams ir aksesuarams laikyti, vonios kambaryje puikiai sutvarkys rank\u0161luos\u010dius ir kosmetik\u0105, o paauglio kambaryje tilps vadov\u0117liai, s\u0105siuviniai ir elektronin\u0117 \u012franga. I\u0161skirtinis gylis: d\u0117l 52 cm gylio gausite dar daugiau vietos. \u201eMultiDo\u201c modulin\u0117 sistema: d\u0117l galimyb\u0117s laisvai konfig\u016bruoti... \u201eMultiDo\u201c serijos elementais galite susikurti j\u016bs\u0173 poreikiams pritaikyt\u0105 sprendim\u0105, kuris puikiai papildys biuro, persirengimo kambario, vonios kambario ar jaunimo kambario interjer\u0105. Universalus atidarymas: D\u0117l ergonomi\u0161k\u0173 ranken\u0173 ir \u012f kair\u0119 bei \u012f de\u0161in\u0119 atsidaran\u010di\u0173 dureli\u0173 lentyna u\u017etikrina patog\u0173 naudojim\u0105 ir lengv\u0105 prieig\u0105 prie turinio. Papildomos lentynos: kaip papildom\u0105 \u012frang\u0105 galite \u012fsigyti dviej\u0173 lentyn\u0173 komplekt\u0105, kad i\u0161pl\u0117stum\u0117te daikt\u0173 laikymo erdv\u0119 ir pritaikytum\u0117te lentyn\u0105 pagal savo poreikius. Santrauka: \u201eMultiDo\u201c lentyna su durel\u0117mis yra prakti\u0161kas baldas, kuris puikiai tiks biure, persirengimo kambaryje, vonios kambaryje ar jaunimo kambaryje. D\u0117l erdvi\u0173 lentyn\u0173, \u012fvairi\u0173 apdailos variant\u0173 ir lankstaus i\u0161d\u0117stymo galite lengvai sukurti puikiai organizuot\u0105 erdv\u0119, pritaikyt\u0105 j\u016bs\u0173 individualiems poreikiams. \u201eMultiDo\u201c modulin\u0117 sistema leid\u017eia visi\u0161kai suasmeninti, garantuojant funkcionalum\u0105 ir estetik\u0105 bet kokiame interjere. Per\u017ei\u016br\u0117kite \u201eMultiDo\u201c sistemos katalog\u0105 ir atraskite visas jos konfig\u016bravimo galimybes.<\/p>\n<p>Prek\u0117s kodas S588-REG2D\/80\/80\/52-JAT Plotis 80 cm Gylis 52 cm Auk\u0161tis 83 cm Kolekcija MultiDo Spalva \u0161viesi atelj\u0117 Atspalvis pilkas Stilius modernus Med\u017eiaga laminatas Dureli\u0173 skai\u010dius 2 dur\u0173 Stal\u010di\u0173 skai\u010dius be stal\u010di\u0173 Rankena su rankenomis Gamintojas Juoda Raudona Balta Baldo tipas Lentynos ir vitrinos PVM 23% EAN 5906123124980<\/p>","protected":false},"excerpt":{"rendered":"<p>\u201cMultiDo\u201c dviej\u0173 dur\u0173 knyg\u0173 lentyna \u2013 funkcionalumas biurui ir ne tik. \u201eMultiDo\u201c knyg\u0173 lentyna su 2D\/80 cm durel\u0117mis yra puikus sprendimas \u017emon\u0117ms, kuriems reikia papildomos vietos daiktams laikyti svarbiuose kambariuose, tokiuose kaip biuras, persirengimo kambarys, vonios kambarys ar paauglio kambarys. D\u0117l erdvi\u0173 lentyn\u0173 ir u\u017edar\u0173 spinteli\u0173 galite lengvai susitvarkyti visus savo [\u2026]<\/p>","protected":false},"featured_media":263533,"comment_status":"open","ping_status":"open","template":"","meta":[],"product_brand":[],"product_cat":[9200,1987],"product_tag":[],"class_list":{"0":"post-263532","1":"product","2":"type-product","3":"status-publish","4":"has-post-thumbnail","6":"product_cat-black-red-white","7":"product_cat-shelving-units","9":"first","10":"instock","11":"purchasable","12":"product-type-simple"},"_links":{"self":[{"href":"https:\/\/baldumarket.lt\/lt\/wp-json\/wp\/v2\/product\/263532","targetHints":{"allow":["GET"]}}],"collection":[{"href":"https:\/\/baldumarket.lt\/lt\/wp-json\/wp\/v2\/product"}],"about":[{"href":"https:\/\/baldumarket.lt\/lt\/wp-json\/wp\/v2\/types\/product"}],"replies":[{"embeddable":true,"href":"https:\/\/baldumarket.lt\/lt\/wp-json\/wp\/v2\/comments?post=263532"}],"wp:featuredmedia":[{"embeddable":true,"href":"https:\/\/baldumarket.lt\/lt\/wp-json\/wp\/v2\/media\/263533"}],"wp:attachment":[{"href":"https:\/\/baldumarket.lt\/lt\/wp-json\/wp\/v2\/media?parent=263532"}],"wp:term":[{"taxonomy":"product_brand","embeddable":true,"href":"https:\/\/baldumarket.lt\/lt\/wp-json\/wp\/v2\/product_brand?post=263532"},{"taxonomy":"product_cat","embeddable":true,"href":"https:\/\/baldumarket.lt\/lt\/wp-json\/wp\/v2\/product_cat?post=263532"},{"taxonomy":"product_tag","embeddable":true,"href":"https:\/\/baldumarket.lt\/lt\/wp-json\/wp\/v2\/product_tag?post=263532"}],"curies":[{"name":"wp","href":"https:\/\/api.w.org\/{rel}","templated":true}]}}