{"id":263508,"date":"2026-01-13T23:40:56","date_gmt":"2026-01-13T20:40:56","guid":{"rendered":"https:\/\/baldumarket.lt\/product\/regal-dwudrzwiowy-szafka-multido-80-cm-jasny-atelier\/"},"modified":"2026-02-11T18:19:00","modified_gmt":"2026-02-11T15:19:00","slug":"regal-dwudrzwiowy-szafka-multido-80-cm-jasny-atelier","status":"publish","type":"product","link":"https:\/\/baldumarket.lt\/lt\/product\/regal-dwudrzwiowy-szafka-multido-80-cm-jasny-atelier\/","title":{"rendered":"Dviej\u0173 dur\u0173 \u201eMultiDo\u201c spintel\u0117, 80 cm, \u0161viesi, atelj\u0117"},"content":{"rendered":"<p>\u201cMultiDo\u201c dviej\u0173 dur\u0173 knyg\u0173 lentyna \u2013 paprastas b\u016bdas palaikyti tvark\u0105 namuose. 2D\/80 \u201eMultiDo\u201c knyg\u0173 lentyna su durel\u0117mis yra funkcionalus ir universalus baldas, puikiai tiksiantis \u012fvairiuose kambariuose, tokiuose kaip biuras, miegamasis ar vaik\u0173 kambarys. D\u0117l kompakti\u0161ko dizaino ir prakti\u0161k\u0173 sprendim\u0173 ji pad\u0117s sutvarkyti erdv\u0119 ir \u012fvesti tvark\u0105, nepriklausomai nuo to, k\u0105 joje norite laikyti \u2013 nuo knyg\u0173 ir dokument\u0173 iki drabu\u017ei\u0173 ir \u017eaisl\u0173. Ypatingos savyb\u0117s: Kompakti\u0161kas ir funkcionalus dizainas: puikiai tinka ma\u017eesn\u0117ms patalpoms, tokioms kaip biuras, miegamasis ar vaik\u0173 kambarys, nes galima laikyti \u012fvairius daiktus. Stabilus stalvir\u0161is: leid\u017eia efektyviai eksponuoti dekoracijas, tokias kaip augalai, lempos ar nuotrauk\u0173 r\u0117meliai, suteikiant interjerui estetin\u012f akcent\u0105. Lankstus i\u0161d\u0117stymas: knyg\u0173 lentyn\u0105 galima pastatyti ant grind\u0173, ant stalvir\u0161io arba pakabinti ant sienos d\u0117l reguliuojam\u0173 pakab\u0173, tod\u0117l optimaliai i\u0161naudojama erdv\u0117, nepriklausomai nuo kambario dyd\u017eio. Modulin\u0117 \u201eMultiDo\u201c sistema: knyg\u0173 lentyna yra pla\u010dios modulin\u0117s sistemos, leid\u017eian\u010dios laisvai konfig\u016bruoti elementus, dalis, kurios d\u0117ka galite sukurti tobulus i\u0161d\u0117stymus, pritaikytus j\u016bs\u0173 poreikiams. Trys nesenstan\u010dios spalvos... Galimyb\u0117s: rinkit\u0117s balt\u0105, grafito arba meni\u0161ko \u0105\u017euolo spalv\u0105, kad lentyn\u0105 puikiai priderintum\u0117te prie savo interjero stiliaus. Papildomos lentynos: kaip papildom\u0105 variant\u0105 galite \u012fsigyti dviej\u0173 lentyn\u0173 komplekt\u0105, kurio d\u0117ka galite i\u0161pl\u0117sti daikt\u0173 laikymo erdv\u0119 ir pritaikyti lentyn\u0105 pagal savo poreikius. Universalus atidarymas: D\u0117l ergonomi\u0161k\u0173 ranken\u0173 ir \u012f kair\u0119 bei \u012f de\u0161in\u0119 atsidaran\u010di\u0173 dureli\u0173 lentyna u\u017etikrina patog\u0173 naudojim\u0105 ir lengv\u0105 prieig\u0105 prie turinio. Santrauka: \u201eMultiDo\u201c lentyna su durel\u0117mis \u2013 puikus b\u016bdas palaikyti tvark\u0105 namuose. Nesvarbu, ar jums reikia papildomos vietos knygoms darbo kambaryje, drabu\u017ei\u0173 laikymo vietos miegamajame, ar \u017eaisl\u0173 organizavimo vaiko kambaryje, \u0161is universalus baldas puikiai tiks. D\u0117l lanks\u010di\u0173 i\u0161d\u0117stymo galimybi\u0173 ir \u012fvairi\u0173 konfig\u016bravimo galimybi\u0173 \u201eMultiDo\u201c modulin\u0117je sistemoje galite lengvai susikurti puikiai organizuot\u0105 erdv\u0119, pritaikyt\u0105 j\u016bs\u0173 stiliui ir poreikiams. Per\u017ei\u016br\u0117kite \u201eMultiDo\u201c sistemos katalog\u0105 ir atraskite visas jos konfig\u016bravimo galimybes.<\/p>\n<p>Prek\u0117s kodas S588-REG2D\/80\/30\/40-JAT Plotis 80 cm Gylis 40 cm Auk\u0161tis 35 cm Kolekcija MultiDo Spalva \u0161viesi atelj\u0117 Atspalvis pilkas Stilius modernus Med\u017eiaga laminatas Dureli\u0173 skai\u010dius 2 dur\u0173 Stal\u010di\u0173 skai\u010dius be stal\u010di\u0173 Rankena su rankenomis Gamintojas Juoda Raudona Balta Baldo tipas Lentynos ir vitrinos PVM 23% EAN 5906123124959<\/p>","protected":false},"excerpt":{"rendered":"<p>\u201cMultiDo\u201c dviej\u0173 dur\u0173 knyg\u0173 lentyna \u2013 paprastas b\u016bdas palaikyti tvark\u0105 namuose. 2D\/80 \u201eMultiDo\u201c knyg\u0173 lentyna su durel\u0117mis yra funkcionalus ir universalus baldas, puikiai tiksiantis \u012fvairiuose kambariuose, tokiuose kaip biuras, miegamasis ar vaik\u0173 kambarys. D\u0117l kompakti\u0161ko dizaino ir prakti\u0161k\u0173 sprendim\u0173 ji pad\u0117s jums susitvarkyti [\u2026]<\/p>","protected":false},"featured_media":263509,"comment_status":"open","ping_status":"open","template":"","meta":[],"product_brand":[],"product_cat":[9200,1987],"product_tag":[],"class_list":{"0":"post-263508","1":"product","2":"type-product","3":"status-publish","4":"has-post-thumbnail","6":"product_cat-black-red-white","7":"product_cat-shelving-units","9":"first","10":"instock","11":"purchasable","12":"product-type-simple"},"_links":{"self":[{"href":"https:\/\/baldumarket.lt\/lt\/wp-json\/wp\/v2\/product\/263508","targetHints":{"allow":["GET"]}}],"collection":[{"href":"https:\/\/baldumarket.lt\/lt\/wp-json\/wp\/v2\/product"}],"about":[{"href":"https:\/\/baldumarket.lt\/lt\/wp-json\/wp\/v2\/types\/product"}],"replies":[{"embeddable":true,"href":"https:\/\/baldumarket.lt\/lt\/wp-json\/wp\/v2\/comments?post=263508"}],"wp:featuredmedia":[{"embeddable":true,"href":"https:\/\/baldumarket.lt\/lt\/wp-json\/wp\/v2\/media\/263509"}],"wp:attachment":[{"href":"https:\/\/baldumarket.lt\/lt\/wp-json\/wp\/v2\/media?parent=263508"}],"wp:term":[{"taxonomy":"product_brand","embeddable":true,"href":"https:\/\/baldumarket.lt\/lt\/wp-json\/wp\/v2\/product_brand?post=263508"},{"taxonomy":"product_cat","embeddable":true,"href":"https:\/\/baldumarket.lt\/lt\/wp-json\/wp\/v2\/product_cat?post=263508"},{"taxonomy":"product_tag","embeddable":true,"href":"https:\/\/baldumarket.lt\/lt\/wp-json\/wp\/v2\/product_tag?post=263508"}],"curies":[{"name":"wp","href":"https:\/\/api.w.org\/{rel}","templated":true}]}}