{"id":263444,"date":"2026-01-13T23:40:02","date_gmt":"2026-01-13T20:40:02","guid":{"rendered":"https:\/\/baldumarket.lt\/product\/regal-dwudrzwiowy-niski-space-office-80-cm-dab-artisan-5\/"},"modified":"2026-02-11T18:19:02","modified_gmt":"2026-02-11T15:19:02","slug":"regal-dwudrzwiowy-niski-space-office-80-cm-dab-artisan-5","status":"publish","type":"product","link":"https:\/\/baldumarket.lt\/lt\/product\/regal-dwudrzwiowy-niski-space-office-80-cm-dab-artisan-5\/","title":{"rendered":"SPACE OFFICE \u017eema dviej\u0173 dur\u0173 knyg\u0173 lentyna, 80 cm, \u0105\u017euolo spalvos"},"content":{"rendered":"<p>\u201eSpace Office\u201c lentyna \u2013 tobulas biuro reikmen\u0173 saugojimas. \u201eSpace Office\u201c lentyna yra daugiau nei tiesiog biuro baldai; tai puikus sprendimas biuro reikmenims laikyti ir tvarkyti. Jos funkcionalumas kyla i\u0161 gerai apgalvoto interjero, puikios kokyb\u0117s med\u017eiag\u0173 ir novatori\u0161k\u0173 \u0161velnaus u\u017edarymo vyri\u0173. Visas lentynos korpusas ir priekin\u0117s dalys padengtos auk\u0161tos kokyb\u0117s laminatu, kuris ne tik suteikia elegancijos, bet ir apsaugo baldus nuo \u012fbr\u0117\u017eim\u0173 ir \u012fprasto nusid\u0117v\u0117jimo. Stilinga meni\u0161ko \u0105\u017euolo spalva suteikia lentynai neutrali\u0105 i\u0161vaizd\u0105, kuri puikiai dera prie modernaus biuro dizaino, pavyzd\u017eiui, lofto, pramoninio ar minimalistinio stiliaus. \u0160velnaus u\u017edarymo vyriai padidina naudojimo komfort\u0105. Jie u\u017etikrina skland\u0173, tyl\u0173 dur\u0173 u\u017edarym\u0105, o tai labai svarbu biuro darbo aplinkoje. \u201eSpace Office\u201c lentyna ne tik padeda palaikyti tvark\u0105 biure, bet ir suteikia estetin\u012f akcent\u0105. Reguliuojami matmenys ir 202,5 cm auk\u0161tis u\u017etikrina, kad ji neu\u017eima per daug grind\u0173 ploto, tuo pa\u010diu u\u017etikrindama didel\u0119 daikt\u0173 saugojimo talp\u0105. Tai baldas, kur\u012f galite laisvai derinti su kitais \u201eSpace Office\u201c serijos elementais, sukurdami darni\u0105 ir esteti\u0161k\u0105 biuro erdv\u0119.<\/p>\n<p>Prek\u0117s kodas S479-REG2D\/200\/F20-DASN Simbolis ZM EAN Plotis 80 cm Gylis 37 cm Auk\u0161tis 202,5 cm Kolekcija Erdv\u0117 Biuras Spalva meni\u0161kas \u0105\u017euolas Atspalvis \u0161viesi mediena Stilius modernus Med\u017eiaga laminatas Dureli\u0173 skai\u010dius 2 dur\u0173 Stal\u010di\u0173 skai\u010dius be stal\u010di\u0173 Rankena su rankenomis Gamintojas Juoda Raudona Balta Bald\u0173 tipas Lentynos ir vitrinos PVM mokestis 23% EAN 5906123707657<\/p>","protected":false},"excerpt":{"rendered":"<p>\u201eSpace Office\u201c lentyna \u2013 tobulas biuro reikmen\u0173 laikymas. \u201eSpace Office\u201c lentyna yra daugiau nei tiesiog biuro baldai; tai puikus sprendimas biuro reikmenims laikyti ir tvarkyti. Jos funkcionalumas kyla i\u0161 gerai apgalvoto interjero, puikios kokyb\u0117s med\u017eiag\u0173 ir novatori\u0161k\u0173 \u0161velnaus u\u017edarymo vyri\u0173. Visas lentynos korpusas ir priekin\u0117s dalys yra padengtos [\u2026]<\/p>","protected":false},"featured_media":263445,"comment_status":"open","ping_status":"open","template":"","meta":[],"product_brand":[],"product_cat":[9200,1177],"product_tag":[],"class_list":{"0":"post-263444","1":"product","2":"type-product","3":"status-publish","4":"has-post-thumbnail","6":"product_cat-black-red-white","7":"product_cat-wardrobes","9":"first","10":"instock","11":"purchasable","12":"product-type-simple"},"_links":{"self":[{"href":"https:\/\/baldumarket.lt\/lt\/wp-json\/wp\/v2\/product\/263444","targetHints":{"allow":["GET"]}}],"collection":[{"href":"https:\/\/baldumarket.lt\/lt\/wp-json\/wp\/v2\/product"}],"about":[{"href":"https:\/\/baldumarket.lt\/lt\/wp-json\/wp\/v2\/types\/product"}],"replies":[{"embeddable":true,"href":"https:\/\/baldumarket.lt\/lt\/wp-json\/wp\/v2\/comments?post=263444"}],"wp:featuredmedia":[{"embeddable":true,"href":"https:\/\/baldumarket.lt\/lt\/wp-json\/wp\/v2\/media\/263445"}],"wp:attachment":[{"href":"https:\/\/baldumarket.lt\/lt\/wp-json\/wp\/v2\/media?parent=263444"}],"wp:term":[{"taxonomy":"product_brand","embeddable":true,"href":"https:\/\/baldumarket.lt\/lt\/wp-json\/wp\/v2\/product_brand?post=263444"},{"taxonomy":"product_cat","embeddable":true,"href":"https:\/\/baldumarket.lt\/lt\/wp-json\/wp\/v2\/product_cat?post=263444"},{"taxonomy":"product_tag","embeddable":true,"href":"https:\/\/baldumarket.lt\/lt\/wp-json\/wp\/v2\/product_tag?post=263444"}],"curies":[{"name":"wp","href":"https:\/\/api.w.org\/{rel}","templated":true}]}}