{"id":263436,"date":"2026-01-13T23:39:56","date_gmt":"2026-01-13T20:39:56","guid":{"rendered":"https:\/\/baldumarket.lt\/product\/regal-dwudrzwiowy-niski-space-office-80-cm-dab-artisan-4\/"},"modified":"2026-02-11T18:19:02","modified_gmt":"2026-02-11T15:19:02","slug":"regal-dwudrzwiowy-niski-space-office-80-cm-dab-artisan-4","status":"publish","type":"product","link":"https:\/\/baldumarket.lt\/lt\/product\/regal-dwudrzwiowy-niski-space-office-80-cm-dab-artisan-4\/","title":{"rendered":"SPACE OFFICE \u017eema dviej\u0173 dur\u0173 knyg\u0173 lentyna, 80 cm, \u0105\u017euolo spalvos"},"content":{"rendered":"<p>Universali lentyna \u201eSPACE OFFICE\u201c \u2013 puikiai tinka biurams, darbo kambariams ir svetain\u0117ms. \u0160i universali lentyn\u0173 sistema yra ne tik prakti\u0161kas sprendimas biurams ar darbo kambariams, bet ir eleganti\u0161kas baldas, puikiai tiksiantis bet kurioje svetain\u0117je. Suderindama lentynos funkcionalum\u0105 su spintele, ji si\u016blo penkias erdvias lentynas ir duris, kurias galima laisvai i\u0161d\u0117styti vir\u0161uje arba apa\u010dioje, u\u017edengiant tris i\u0161 turim\u0173 lentyn\u0173. \u0160is lankstus sand\u0117liavimo b\u016bdas leid\u017eia pritaikyti sistem\u0105 \u012fvairiems poreikiams. Modernus lentyn\u0173 dizainas puikiai papildo modern\u0173, minimalistin\u012f, skandinavi\u0161k\u0105 ir klasikin\u012f interjer\u0105. Paprasta forma ir eleganti\u0161ka nat\u016bralios medienos spalva paver\u010dia lentyn\u0173 sistem\u0105 ne tik prakti\u0161ku biuro elementu, bet ir stilingu svetain\u0117s ar darbo kambario papildymu priva\u010diuose namuose. Tvirta lentyn\u0173 konstrukcija ir \u0161velniai u\u017esidarantys dureli\u0173 vyriai pabr\u0117\u017eia naudotojo patogum\u0105. \u0160viesesnio atspalvio nei kiti baldai durys suteikia visai konstrukcijai subtilumo ir estetinio patrauklumo. 80 x 37 x 202,5 cm dyd\u017eio lentyna yra pakankamai talpi, neu\u017eimdama per daug vietos, tod\u0117l puikiai tinka \u012fvairiems kambariams. Ji skland\u017eiai dera su kitais biuro baldais, sukurdama darni\u0105 erdv\u0119. Tuo pa\u010diu metu, d\u0117l savo universalumo, j\u0105 galima harmoningai derinti su kitais mediniais ar pana\u0161i\u0173 spalv\u0173 baldais. Tai ne tik daikt\u0173 laikymo lentyna, bet ir eleganti\u0161kas dizaino elementas, kuris j\u016bs\u0173 erdv\u0119 padarys tvarking\u0105 ir stiling\u0105.<\/p>\n<p>Prek\u0117s kodas S479-REG2D\/200\/F12-DASN Simbolis ZM EAN Plotis 80 cm Gylis 37 cm Auk\u0161tis 202,5 cm Kolekcija Erdv\u0117 Biuras Spalva meni\u0161kas \u0105\u017euolas Atspalvis \u0161viesi mediena Stilius modernus Med\u017eiaga laminatas Dureli\u0173 skai\u010dius 2 dur\u0173 Stal\u010di\u0173 skai\u010dius be stal\u010di\u0173 Rankena su rankenomis Gamintojas Juoda Raudona Balta Bald\u0173 tipas Lentynos ir vitrinos PVM mokestis 23% EAN 5906123707633<\/p>","protected":false},"excerpt":{"rendered":"<p>Universali lentyna \u201eSPACE OFFICE\u201c \u2013 puikiai tinka biurams, darbo kambariams ir svetain\u0117ms. \u0160i universali lentyn\u0173 sistema yra ne tik prakti\u0161kas sprendimas biurams ar darbo kambariams, bet ir eleganti\u0161kas baldas, puikiai tiksiantis bet kurioje svetain\u0117je. Suderindama lentyn\u0173 sistemos funkcionalum\u0105 su spintele, ji [\u2026]<\/p>","protected":false},"featured_media":263437,"comment_status":"open","ping_status":"open","template":"","meta":[],"product_brand":[],"product_cat":[9200,1177],"product_tag":[],"class_list":{"0":"post-263436","1":"product","2":"type-product","3":"status-publish","4":"has-post-thumbnail","6":"product_cat-black-red-white","7":"product_cat-wardrobes","9":"first","10":"instock","11":"purchasable","12":"product-type-simple"},"_links":{"self":[{"href":"https:\/\/baldumarket.lt\/lt\/wp-json\/wp\/v2\/product\/263436","targetHints":{"allow":["GET"]}}],"collection":[{"href":"https:\/\/baldumarket.lt\/lt\/wp-json\/wp\/v2\/product"}],"about":[{"href":"https:\/\/baldumarket.lt\/lt\/wp-json\/wp\/v2\/types\/product"}],"replies":[{"embeddable":true,"href":"https:\/\/baldumarket.lt\/lt\/wp-json\/wp\/v2\/comments?post=263436"}],"wp:featuredmedia":[{"embeddable":true,"href":"https:\/\/baldumarket.lt\/lt\/wp-json\/wp\/v2\/media\/263437"}],"wp:attachment":[{"href":"https:\/\/baldumarket.lt\/lt\/wp-json\/wp\/v2\/media?parent=263436"}],"wp:term":[{"taxonomy":"product_brand","embeddable":true,"href":"https:\/\/baldumarket.lt\/lt\/wp-json\/wp\/v2\/product_brand?post=263436"},{"taxonomy":"product_cat","embeddable":true,"href":"https:\/\/baldumarket.lt\/lt\/wp-json\/wp\/v2\/product_cat?post=263436"},{"taxonomy":"product_tag","embeddable":true,"href":"https:\/\/baldumarket.lt\/lt\/wp-json\/wp\/v2\/product_tag?post=263436"}],"curies":[{"name":"wp","href":"https:\/\/api.w.org\/{rel}","templated":true}]}}