{"id":263428,"date":"2026-01-13T23:39:50","date_gmt":"2026-01-13T20:39:50","guid":{"rendered":"https:\/\/baldumarket.lt\/product\/regal-dwudrzwiowy-niski-space-office-80-cm-dab-artisan-3\/"},"modified":"2026-02-11T18:19:02","modified_gmt":"2026-02-11T15:19:02","slug":"regal-dwudrzwiowy-niski-space-office-80-cm-dab-artisan-3","status":"publish","type":"product","link":"https:\/\/baldumarket.lt\/lt\/product\/regal-dwudrzwiowy-niski-space-office-80-cm-dab-artisan-3\/","title":{"rendered":"SPACE OFFICE \u017eema dviej\u0173 dur\u0173 knyg\u0173 lentyna, 80 cm, \u0105\u017euolo spalvos"},"content":{"rendered":"<p>SPACE OFFICE lentyna su priekiu \u2013 pritaikykite j\u0105 pagal savo skon\u012f ir poreikius. \u0160i prakti\u0161ka biuro lentyn\u0173 sistema yra ne tik puiki daikt\u0173 laikymo vieta, bet ir baldas, kur\u012f galite pritaikyti pagal savo stili\u0173. Ji turi penkias lentynas, i\u0161 kuri\u0173 dvi yra u\u017edengtos eleganti\u0161komis dvigubomis durel\u0117mis. Ta\u010diau \u0161\u012f \u012frengin\u012f i\u0161skiria konfig\u016bruojama priekin\u0117 dalis, leid\u017eianti pasirinkti, ar durys bus spintel\u0117s vir\u0161uje, ar apa\u010dioje. Visas spintel\u0117 sukurta moderniu stiliumi, ta\u010diau d\u0117l paprasto dizaino ji puikiai tinka \u012fvairiems interjero dizainams. Spintel\u0117s med\u017eiaga \u2013 patvari laminuota plok\u0161t\u0117, atspari \u012fbr\u0117\u017eimams ir mechaniniams pa\u017eeidimams. Be to, dur\u0173 vyriai turi \u0161velnaus u\u017edarymo sistem\u0105, kuri padidina komfort\u0105. Spintel\u0117s tamsios medienos spalva kontrastuoja su \u0161viesia dur\u0173 mediena, suteikdama jai estetinio patrauklumo ir elegancijos. D\u0117l matmen\u0173 (80 \u00d7 37 \u00d7 202,5 cm) ji puikiai dera prie kit\u0173 biuro bald\u0173, sukurdama darni\u0105 erdv\u0119, spinduliuojan\u010di\u0105 stili\u0173 ir funkcionalum\u0105.<\/p>\n<p>Prek\u0117s kodas S479-REG2D\/200-DASN Simbolis ZM EAN Plotis 80 cm Gylis 37 cm Auk\u0161tis 202,5 cm Kolekcija Erdv\u0117 Biuras Spalva meni\u0161kas \u0105\u017euolas Atspalvis \u0161viesus medis Stilius modernus Med\u017eiaga laminatas Dureli\u0173 skai\u010dius 2 dur\u0173 Stal\u010di\u0173 skai\u010dius be stal\u010di\u0173 Rankena su rankenomis Gamintojas Juoda Raudona Balta Bald\u0173 tipas Lentynos ir vitrinos PVM mokestis 23% EAN 5906123707688<\/p>","protected":false},"excerpt":{"rendered":"<p>SPACE OFFICE lentyna su priekiu \u2013 pritaikykite j\u0105 savo skoniui ir poreikiams. \u0160i prakti\u0161ka biuro lentyn\u0173 sistema yra ne tik puiki daikt\u0173 laikymo vieta, bet ir baldas, kur\u012f galite pritaikyti pagal savo stili\u0173. Ji turi penkias lentynas, i\u0161 kuri\u0173 dvi yra u\u017edengtos eleganti\u0161komis dvigubomis durel\u0117mis. Kuo \u0161i lentyna i\u0161siskiria, [\u2026]<\/p>","protected":false},"featured_media":263429,"comment_status":"open","ping_status":"open","template":"","meta":[],"product_brand":[],"product_cat":[9200,1177],"product_tag":[],"class_list":{"0":"post-263428","1":"product","2":"type-product","3":"status-publish","4":"has-post-thumbnail","6":"product_cat-black-red-white","7":"product_cat-wardrobes","9":"first","10":"instock","11":"purchasable","12":"product-type-simple"},"_links":{"self":[{"href":"https:\/\/baldumarket.lt\/lt\/wp-json\/wp\/v2\/product\/263428","targetHints":{"allow":["GET"]}}],"collection":[{"href":"https:\/\/baldumarket.lt\/lt\/wp-json\/wp\/v2\/product"}],"about":[{"href":"https:\/\/baldumarket.lt\/lt\/wp-json\/wp\/v2\/types\/product"}],"replies":[{"embeddable":true,"href":"https:\/\/baldumarket.lt\/lt\/wp-json\/wp\/v2\/comments?post=263428"}],"wp:featuredmedia":[{"embeddable":true,"href":"https:\/\/baldumarket.lt\/lt\/wp-json\/wp\/v2\/media\/263429"}],"wp:attachment":[{"href":"https:\/\/baldumarket.lt\/lt\/wp-json\/wp\/v2\/media?parent=263428"}],"wp:term":[{"taxonomy":"product_brand","embeddable":true,"href":"https:\/\/baldumarket.lt\/lt\/wp-json\/wp\/v2\/product_brand?post=263428"},{"taxonomy":"product_cat","embeddable":true,"href":"https:\/\/baldumarket.lt\/lt\/wp-json\/wp\/v2\/product_cat?post=263428"},{"taxonomy":"product_tag","embeddable":true,"href":"https:\/\/baldumarket.lt\/lt\/wp-json\/wp\/v2\/product_tag?post=263428"}],"curies":[{"name":"wp","href":"https:\/\/api.w.org\/{rel}","templated":true}]}}