{"id":263420,"date":"2026-01-13T23:39:44","date_gmt":"2026-01-13T20:39:44","guid":{"rendered":"https:\/\/baldumarket.lt\/product\/regal-dwudrzwiowy-niski-space-office-80-cm-dab-artisan-2\/"},"modified":"2026-02-11T18:19:02","modified_gmt":"2026-02-11T15:19:02","slug":"regal-dwudrzwiowy-niski-space-office-80-cm-dab-artisan-2","status":"publish","type":"product","link":"https:\/\/baldumarket.lt\/lt\/product\/regal-dwudrzwiowy-niski-space-office-80-cm-dab-artisan-2\/","title":{"rendered":"SPACE OFFICE \u017eema dviej\u0173 dur\u0173 knyg\u0173 lentyna, 80 cm, \u0105\u017euolo spalvos"},"content":{"rendered":"<p>SPACE OFFICE universali lentyna \u2013 puikiai tinka biurams ir namams. \u0160ioje universalioje lentyn\u0173 sistemoje funkcionalumas dera su estetika, tod\u0117l ji puikiai tinka tiek biurui, tiek namams. Tai ne tik daikt\u0173 laikymo spintel\u0117, bet ir eleganti\u0161kas priedas, ergonomi\u0161kai ir esteti\u0161kai sutvarkantis erdv\u0119. D\u0117l modernaus lentyn\u0173 dizaino jos yra universalios ir tinka tiek moderniems biurams, tiek minimalistiniam ar skandinavi\u0161ko stiliaus interjerui. D\u0117l savo universalumo jas galima naudoti atskirai arba kaip didesnio bloko dal\u012f, pritaikant prie \u012fvairi\u0173 erdvini\u0173 poreiki\u0173. Lentyn\u0173 blokas turi tris lentynas, pasiekiamas pro dvigubas duris. Tai puiki vieta laikyti tiek didesnius dokument\u0173 kiekius, tiek \u012fvairius biuro reikmenis. Tvirta laminuotos plok\u0161t\u0117s konstrukcija garantuoja atsparum\u0105 \u012fbr\u0117\u017eimams, tod\u0117l lentyna daugel\u012f met\u0173 i\u0161laiko estetin\u012f patrauklum\u0105. \u0160velniai u\u017esidarantys vyriai padidina komfort\u0105, tod\u0117l durel\u0117ms lengva atsidaryti ir u\u017esidaryti. Nat\u016brali med\u017eio spalva suteikia lentynai eleganti\u0161k\u0105 akcent\u0105, tod\u0117l ji yra ne tik prakti\u0161kas, bet ir dekoratyvinis elementas. Lentynos matmenys (80 \u00d7 37 \u00d7 122 cm) leid\u017eia j\u0105 lanks\u010diai pritaikyti \u012fvairiose erdv\u0117se. D\u0117l modernaus stiliaus ji puikiai dera su kitais biuro baldais ir gali harmoningai papildyti kitus medinius baldus priva\u010diuose namuose. \u0160i lentyna ne tik padeda palaikyti tvark\u0105, bet ir suteikia charakterio bei stiliaus tiek biurams, tiek priva\u010dioms erdv\u0117ms. D\u0117l savo universalumo ir patvarumo ji bus funkcionalus interjero elementas daugel\u012f met\u0173.<\/p>\n<p>Prek\u0117s kodas S479-REG2D\/120\/F12-DASN Simbolis ZM EAN Plotis 80 cm Gylis 37 cm Auk\u0161tis 122 cm Kolekcija Erdv\u0117 Biuras Spalva meni\u0161kas \u0105\u017euolas Atspalvis \u0161viesus medis Stilius modernus Med\u017eiaga laminatas Dureli\u0173 skai\u010dius 2 dur\u0173 Stal\u010di\u0173 skai\u010dius be stal\u010di\u0173 Rankena su rankenomis Gamintojas Juoda Raudona Balta Bald\u0173 tipas Lentynos ir vitrinos PVM mokestis 23% EAN 5906123707589<\/p>","protected":false},"excerpt":{"rendered":"<p>SPACE OFFICE universali lentyna \u2013 puikiai tinka biurams ir namams. \u0160ioje universalioje lentyn\u0173 sistemoje funkcionalumas dera su estetika, puikiai tinkan\u010dioje tiek biurui, tiek namams. Tai ne tik daiktad\u0117\u017e\u0117, bet ir eleganti\u0161kas priedas, ergonomi\u0161kai ir esteti\u0161kai sutvarkantis erdv\u0119. Modernus lentyn\u0173 dizainas leid\u017eia jas universaliai naudoti tiek moderniuose biuruose, tiek [\u2026]<\/p>","protected":false},"featured_media":263421,"comment_status":"open","ping_status":"open","template":"","meta":[],"product_brand":[],"product_cat":[9200,1177],"product_tag":[],"class_list":{"0":"post-263420","1":"product","2":"type-product","3":"status-publish","4":"has-post-thumbnail","6":"product_cat-black-red-white","7":"product_cat-wardrobes","9":"first","10":"instock","11":"purchasable","12":"product-type-simple"},"_links":{"self":[{"href":"https:\/\/baldumarket.lt\/lt\/wp-json\/wp\/v2\/product\/263420","targetHints":{"allow":["GET"]}}],"collection":[{"href":"https:\/\/baldumarket.lt\/lt\/wp-json\/wp\/v2\/product"}],"about":[{"href":"https:\/\/baldumarket.lt\/lt\/wp-json\/wp\/v2\/types\/product"}],"replies":[{"embeddable":true,"href":"https:\/\/baldumarket.lt\/lt\/wp-json\/wp\/v2\/comments?post=263420"}],"wp:featuredmedia":[{"embeddable":true,"href":"https:\/\/baldumarket.lt\/lt\/wp-json\/wp\/v2\/media\/263421"}],"wp:attachment":[{"href":"https:\/\/baldumarket.lt\/lt\/wp-json\/wp\/v2\/media?parent=263420"}],"wp:term":[{"taxonomy":"product_brand","embeddable":true,"href":"https:\/\/baldumarket.lt\/lt\/wp-json\/wp\/v2\/product_brand?post=263420"},{"taxonomy":"product_cat","embeddable":true,"href":"https:\/\/baldumarket.lt\/lt\/wp-json\/wp\/v2\/product_cat?post=263420"},{"taxonomy":"product_tag","embeddable":true,"href":"https:\/\/baldumarket.lt\/lt\/wp-json\/wp\/v2\/product_tag?post=263420"}],"curies":[{"name":"wp","href":"https:\/\/api.w.org\/{rel}","templated":true}]}}