{"id":263412,"date":"2026-01-13T23:39:39","date_gmt":"2026-01-13T20:39:39","guid":{"rendered":"https:\/\/baldumarket.lt\/product\/regal-dwudrzwiowy-niski-space-office-80-cm-dab-artisan\/"},"modified":"2026-02-11T18:19:02","modified_gmt":"2026-02-11T15:19:02","slug":"regal-dwudrzwiowy-niski-space-office-80-cm-dab-artisan","status":"publish","type":"product","link":"https:\/\/baldumarket.lt\/lt\/product\/regal-dwudrzwiowy-niski-space-office-80-cm-dab-artisan\/","title":{"rendered":"SPACE OFFICE \u017eema dviej\u0173 dur\u0173 knyg\u0173 lentyna, 80 cm, \u0105\u017euolo spalvos"},"content":{"rendered":"<p>SPACE OFFICE lentyna su u\u017edaromis lentynomis \u2013 ergonomi\u0161ka erdv\u0117s organizavimo sistema. \u0160i lentyna yra ne tik prakti\u0161kas sprendimas biuro erdv\u0117ms, bet ir universalus baldas, puikiai tinkantis nam\u0173 aplinkai. Trys erdvios lentynos patenkina efektyvaus erdv\u0117s organizavimo poreik\u012f, o dvigubos durel\u0117s leid\u017eia pasl\u0117pti ma\u017eiau reikalingus daiktus ar dokumentus. Viena atvira lentyna idealiai tinka daiktams, kuriuos norite greitai pasiekti. Dvi lentynos su durel\u0117mis yra puikus sprendimas daiktams, kuriems reikalingas papildomas saugumas, arba tiesiog tiems, kuri\u0173 nereikia kasdien pasiekti. Toks ergonomi\u0161kas organizavimo b\u016bdas leid\u017eia patogiai naudoti lentyn\u0105. Modernus lentynos stilius puikiai tinka \u012fvairiems interjero dizainams. Ji tinka tiek moderniems biurams, tiek minimalistin\u0117ms, skandinavi\u0161koms ar lofto erdv\u0117ms. Jos gamybai naudojama med\u017eiaga \u2013 laminuota plok\u0161t\u0117 \u2013 garantuoja didel\u012f atsparum\u0105 \u012fbr\u0117\u017eimams ir mechaniniams pa\u017eeidimams, u\u017etikrindama ilgalaik\u0119 bald\u0173 estetik\u0105. \u0160velniai u\u017esidarantys vyriai padidina lentynos patogum\u0105, u\u017etikrindami skland\u0173 ir tyl\u0173 dureli\u0173 atidarym\u0105 ir u\u017edarym\u0105. Nat\u016brali med\u017eio spalva suteikia estetinio patrauklumo, tod\u0117l ji yra ne tik prakti\u0161kas, bet ir patrauklus interjero elementas. Lentynos matmenys (80 x 37 x 122 cm) leid\u017eia j\u0105 lanks\u010diai i\u0161d\u0117styti \u012fvairiose erdv\u0117se. Ji puikiai dera su kitais biuro baldais ir gali b\u016bti harmoningai derinama su mediniais dekoro elementais. \u0160i lentyna ne tik sutvarko erdv\u0119, bet ir suteikia bet kokiam kambariui stiliaus bei charakterio.<\/p>\n<p>Prek\u0117s kodas S479-REG2D\/120-DASN Simbolis ZM EAN Plotis 80 cm Gylis 37 cm Auk\u0161tis 122 cm Kolekcija Erdv\u0117 Biuras Spalva meni\u0161kas \u0105\u017euolas Atspalvis \u0161viesus medis Stilius modernus Med\u017eiaga laminatas Dureli\u0173 skai\u010dius 2 dur\u0173 Stal\u010di\u0173 skai\u010dius be stal\u010di\u0173 Rankena su rankenomis Gamintojas Juoda Raudona Balta Bald\u0173 tipas Lentynos ir vitrinos PVM mokestis 23% EAN 5906123707602<\/p>","protected":false},"excerpt":{"rendered":"<p>SPACE OFFICE lentyna su u\u017edaromis lentynomis \u2013 ergonomi\u0161kas erdv\u0117s organizavimas. \u0160i lentyna yra ne tik prakti\u0161kas sprendimas biuro erdv\u0117ms, bet ir universalus baldas, puikiai tinkantis nam\u0173 aplinkai. Trys erdvios lentynos patenkina efektyvaus erdv\u0117s organizavimo poreik\u012f, o dvigubos durel\u0117s leid\u017eia pasl\u0117pti ma\u017eiau reikalingus daiktus ar dokumentus. [\u2026]<\/p>","protected":false},"featured_media":263413,"comment_status":"open","ping_status":"open","template":"","meta":[],"product_brand":[],"product_cat":[9200,1177],"product_tag":[],"class_list":{"0":"post-263412","1":"product","2":"type-product","3":"status-publish","4":"has-post-thumbnail","6":"product_cat-black-red-white","7":"product_cat-wardrobes","9":"first","10":"instock","11":"purchasable","12":"product-type-simple"},"_links":{"self":[{"href":"https:\/\/baldumarket.lt\/lt\/wp-json\/wp\/v2\/product\/263412","targetHints":{"allow":["GET"]}}],"collection":[{"href":"https:\/\/baldumarket.lt\/lt\/wp-json\/wp\/v2\/product"}],"about":[{"href":"https:\/\/baldumarket.lt\/lt\/wp-json\/wp\/v2\/types\/product"}],"replies":[{"embeddable":true,"href":"https:\/\/baldumarket.lt\/lt\/wp-json\/wp\/v2\/comments?post=263412"}],"wp:featuredmedia":[{"embeddable":true,"href":"https:\/\/baldumarket.lt\/lt\/wp-json\/wp\/v2\/media\/263413"}],"wp:attachment":[{"href":"https:\/\/baldumarket.lt\/lt\/wp-json\/wp\/v2\/media?parent=263412"}],"wp:term":[{"taxonomy":"product_brand","embeddable":true,"href":"https:\/\/baldumarket.lt\/lt\/wp-json\/wp\/v2\/product_brand?post=263412"},{"taxonomy":"product_cat","embeddable":true,"href":"https:\/\/baldumarket.lt\/lt\/wp-json\/wp\/v2\/product_cat?post=263412"},{"taxonomy":"product_tag","embeddable":true,"href":"https:\/\/baldumarket.lt\/lt\/wp-json\/wp\/v2\/product_tag?post=263412"}],"curies":[{"name":"wp","href":"https:\/\/api.w.org\/{rel}","templated":true}]}}