{"id":263404,"date":"2026-01-13T23:39:33","date_gmt":"2026-01-13T20:39:33","guid":{"rendered":"https:\/\/baldumarket.lt\/product\/regal-dwudrzwiowy-luca-juzi-106-cm-modrzew-sibiu-jasny-dab-sonoma-ciemny\/"},"modified":"2026-02-11T18:19:02","modified_gmt":"2026-02-11T15:19:02","slug":"regal-dwudrzwiowy-luca-juzi-106-cm-modrzew-sibiu-jasny-dab-sonoma-ciemny","status":"publish","type":"product","link":"https:\/\/baldumarket.lt\/lt\/product\/regal-dwudrzwiowy-luca-juzi-106-cm-modrzew-sibiu-jasny-dab-sonoma-ciemny\/","title":{"rendered":"LUCA JUZI dviej\u0173 dur\u0173 knyg\u0173 lentyna 106 cm \u0161viesus Sibiu maumedis\/tamsus Sonoma \u0105\u017euolas"},"content":{"rendered":"<p>\u2019Luca Juzi\u201c knyg\u0173 spinta \u2013 elegancija ir funkcionalumas Provanso stiliumi. \u0160i plati knyg\u0173 spinta, priklausanti \u201eLuca Juzi\u201c kolekcijai, spinduliuojan\u010diai Provanso stiliumi, ne tik puikiai tinka daiktams laikyti, bet ir tarnauja kaip ekspozicijos elementas, suteikiantis elegancijos bet kokiam kambariui. \u201eLuca Juzi\u201c knyg\u0173 spinta \u2013 puikus sprendimas \u012fvairiems daiktams laikyti ir eksponuoti. Dvi prakti\u0161kos spintel\u0117s padeda pasl\u0117pti nereikalingus daiktus ir i\u0161laikyti tvark\u0105, o dvi atviros erdv\u0117s leid\u017eia eksponuoti knygas ar dekoracijas, suteikdamos interjerui unikal\u0173 charakter\u012f. Knyg\u0173 spintos korpusas ir priekin\u0117 dalis apdailinti \u0161viesia Sibiu maumed\u017eio mediena, o vir\u0161utin\u0117 kra\u0161tin\u0117 \u2013 tamsaus Sonoma \u0105\u017euolo mediena, suteikian\u010dia baldui subtilios elegancijos. I\u0161skirtin\u0117s kra\u0161t\u0173 lentjuost\u0117s ir matomas ra\u0161tas suteikia knyg\u0173 spintai unikalaus \u017eavesio, perkeldami interjer\u0105 \u012f vaizdingus Provanso kra\u0161tovaizd\u017eius. Tvirtos, sendinto gele\u017eies rankenos ne tik pabr\u0117\u017eia kolekcijos charakter\u012f, bet ir suteikia industrin\u012f akcent\u0105, sukurdamos harmoning\u0105 tradicijos ir modernumo derin\u012f. Dviej\u0173 dur\u0173 knyg\u0173 spinta \u201eLuca Juzi\u201c atveria daugyb\u0119 dizaino galimybi\u0173, puikiai tinkan\u010di\u0173 tiek svetain\u0117ms, tiek paaugli\u0173 miegamiesiems. Funkcionalumas leid\u017eia pritaikyti j\u0105 pagal savo poreikius, sukuriant harmoning\u0105 erdv\u0119. Sukurkite pilnai funkcionali\u0105 erdv\u0119, naudodami \u012fvairius \u201eLuca Juzi\u201c kolekcijos elementus, tokius kaip ra\u0161omasis stalas, drabu\u017ei\u0173 spinta, lova, naktinis staliukas, lentynos ir televizoriaus staliukas. Leiskite savo gyvenamajai erdvei atgyti \u0161viesiame, esteti\u0161kai patraukliame interjere, kuriame daikt\u0173 laikymas tampa meno forma, o elegancija dera su funkcionalumu. \u201eLuca Juzi\u201c knyg\u0173 lentyna \u2013 ne tik baldas \u2013 yra j\u016bs\u0173 gyvenimo b\u016bdo i\u0161rai\u0161ka.<\/p>\n<p>Prek\u0117s kodas S328-REG2D-MSJ\/DSOC Simbolis ZM EAN Plotis 106 cm Gylis 43 cm Auk\u0161tis 135 cm Kolekcija Luca Juzi Spalva \u0161viesi Sibiu maumedis \/ tamsus sonoma \u0105\u017euolas Gaubtas \u0161viesi mediena Stilius modernus Med\u017eiaga laminatas Dureli\u0173 skai\u010dius 2 dur\u0173 Stal\u010di\u0173 skai\u010dius be stal\u010di\u0173 Rankena su rankenomis Gamintojas Juoda Raudona Balta Bald\u0173 tipas Lentynos ir vitrinos PVM mokestis 23% EAN 5906123925709<\/p>","protected":false},"excerpt":{"rendered":"<p>\u201eLuca Juzi\u201c knyg\u0173 lentyna \u2013 elegancija ir funkcionalumas Provanso stiliumi. \u0160i plati knyg\u0173 lentyna, priklausanti \u201eLuca Juzi\u201c kolekcijai, spinduliuojan\u010diai Provanso stiliumi, ne tik puikiai tinka daiktams laikyti, bet ir yra dekoratyvinis elementas, suteikiantis elegancijos bet kuriam kambariui. \u201eLuca Juzi\u201c knyg\u0173 lentyna yra puikus sprendimas \u012fvairiems daiktams laikyti ir eksponuoti [\u2026]<\/p>","protected":false},"featured_media":263405,"comment_status":"open","ping_status":"open","template":"","meta":[],"product_brand":[],"product_cat":[9200,1177],"product_tag":[],"class_list":{"0":"post-263404","1":"product","2":"type-product","3":"status-publish","4":"has-post-thumbnail","6":"product_cat-black-red-white","7":"product_cat-wardrobes","9":"first","10":"instock","11":"purchasable","12":"product-type-simple"},"_links":{"self":[{"href":"https:\/\/baldumarket.lt\/lt\/wp-json\/wp\/v2\/product\/263404","targetHints":{"allow":["GET"]}}],"collection":[{"href":"https:\/\/baldumarket.lt\/lt\/wp-json\/wp\/v2\/product"}],"about":[{"href":"https:\/\/baldumarket.lt\/lt\/wp-json\/wp\/v2\/types\/product"}],"replies":[{"embeddable":true,"href":"https:\/\/baldumarket.lt\/lt\/wp-json\/wp\/v2\/comments?post=263404"}],"wp:featuredmedia":[{"embeddable":true,"href":"https:\/\/baldumarket.lt\/lt\/wp-json\/wp\/v2\/media\/263405"}],"wp:attachment":[{"href":"https:\/\/baldumarket.lt\/lt\/wp-json\/wp\/v2\/media?parent=263404"}],"wp:term":[{"taxonomy":"product_brand","embeddable":true,"href":"https:\/\/baldumarket.lt\/lt\/wp-json\/wp\/v2\/product_brand?post=263404"},{"taxonomy":"product_cat","embeddable":true,"href":"https:\/\/baldumarket.lt\/lt\/wp-json\/wp\/v2\/product_cat?post=263404"},{"taxonomy":"product_tag","embeddable":true,"href":"https:\/\/baldumarket.lt\/lt\/wp-json\/wp\/v2\/product_tag?post=263404"}],"curies":[{"name":"wp","href":"https:\/\/api.w.org\/{rel}","templated":true}]}}